{"id":1016,"date":"2013-08-09T13:52:03","date_gmt":"2013-08-09T12:52:03","guid":{"rendered":"http:\/\/s-ng.de\/?page_id=1016"},"modified":"2023-11-03T21:31:50","modified_gmt":"2023-11-03T20:31:50","slug":"irgendwie-dazwischen-jugendroman-allage-roman","status":"publish","type":"page","link":"https:\/\/s-ng.de\/?page_id=1016","title":{"rendered":"Irgendwie dazwischen. &#8211; Jugendroman \/ All-Age-Roman"},"content":{"rendered":"<p>Am 29.10.2021 ist mein zweiter Roman erschienen. &#8222;Irgendwie dazwischen oder: Das mit Percy&#8220; ist ein bewegender und dichter Coming-of-Age-Roman f\u00fcr Jugendliche ab 14 und Erwachsene. Er ist als Taschenbuch im gesamten Buchhandel bestellbar, auch bei deiner Buchhandlung &#8222;um die Ecke&#8220; &#8211; meist sogar zum n\u00e4chsten Werktag. Das E-Book gibt es exklusiv bei Amazon.<\/p>\n<p>\u2192 <a href=\"https:\/\/www.thalia.de\/shop\/home\/artikeldetails\/A1062479547\" target=\"_blank\" rel=\"noopener noreferrer\">zum Buch bei Thalia (Paperback)<\/a><br \/>\n\u2192<a href=\"https:\/\/www.hugendubel.de\/de\/taschenbuch\/sabine_nagel-irgendwie_dazwischen_oder_das_mit_percy-41790241-produkt-details.html\" target=\"_blank\" rel=\"noopener noreferrer\"> zum Buch bei Hugendubel (Paperback)<\/a><br \/>\n\u2192 <a href=\"https:\/\/www.genialokal.de\/Produkt\/Sabine-Nagel\/Irgendwie-dazwischen-oder-Das-mit-Percy_lid_46000074.html\" target=\"_blank\" rel=\"noopener noreferrer\">zum Buch bei genialokal, der Gemeinschaft von \u00fcber 700 inhabergef\u00fchrten Buchhandlungen in ganz Deutschland (Paperback)<\/a><br \/>\n\u2192 <a href=\"https:\/\/www.amazon.de\/dp\/B09JZYQ46M\" target=\"_blank\" rel=\"noopener noreferrer\">zum Buch bei Amazon (E-Book und Paperback)<\/a><\/p>\n<p>\u2192 <a href=\"https:\/\/s-ng.de\/?p=2312\">zu zwei kleinen Trailern zum Buch<\/a><\/p>\n<p><strong>Kurztext<\/strong>:<\/p>\n<p><span style=\"color: #333399;\"><strong><a href=\"https:\/\/s-ng.de\/wp-content\/uploads\/2021\/10\/300-dpi-Irgendwie-dazwischen-eBook-Amazon.jpg\"><img loading=\"lazy\" decoding=\"async\" class=\"alignright wp-image-2029\" title=\"Irgendwie dazwischen oder: Das mit Percy - Coming-of-Age-Roman f\u00fcr Jugendliche ab 14 und Erwachsene.\" src=\"https:\/\/s-ng.de\/wp-content\/uploads\/2021\/10\/300-dpi-Irgendwie-dazwischen-eBook-Amazon-188x300.jpg\" alt=\"Cover &quot;Irgendwie dazwischen oder: Das mit Percy&quot;\" width=\"250\" height=\"400\" srcset=\"https:\/\/s-ng.de\/wp-content\/uploads\/2021\/10\/300-dpi-Irgendwie-dazwischen-eBook-Amazon-188x300.jpg 188w, https:\/\/s-ng.de\/wp-content\/uploads\/2021\/10\/300-dpi-Irgendwie-dazwischen-eBook-Amazon-700x1120.jpg 700w, https:\/\/s-ng.de\/wp-content\/uploads\/2021\/10\/300-dpi-Irgendwie-dazwischen-eBook-Amazon-768x1229.jpg 768w, https:\/\/s-ng.de\/wp-content\/uploads\/2021\/10\/300-dpi-Irgendwie-dazwischen-eBook-Amazon-960x1536.jpg 960w, https:\/\/s-ng.de\/wp-content\/uploads\/2021\/10\/300-dpi-Irgendwie-dazwischen-eBook-Amazon-1280x2048.jpg 1280w, https:\/\/s-ng.de\/wp-content\/uploads\/2021\/10\/300-dpi-Irgendwie-dazwischen-eBook-Amazon.jpg 1600w\" sizes=\"auto, (max-width: 250px) 100vw, 250px\" \/><\/a>Drei Wochen im Herbst 2009. F\u00fcr Manu und Percy geht es in diesen Tagen um alles, was sie sind und was sie waren. Aber sie haben einander, vielleicht jedenfalls. Wenn man sich doch nur sicher sein k\u00f6nnte &#8230;<\/strong><\/span><\/p>\n<p><span style=\"color: #333399;\">Manus Welt ist eigentlich ganz in Ordnung. Zwar gibt es zu Hause so einige Probleme, doch Manu kommt damit klar, nicht zuletzt wegen der Freundschaft zu Phil, Tom und den anderen. Aber dann begegnet Manu Percy, und nichts ist mehr, wie es war. Warum ist Percy so schweigsam? Wieso wird er pl\u00f6tzlich so wichtig f\u00fcr Manu? Und warum, verdammt noch mal, bringt er alles durcheinander, was Manu bisher \u00fcber sich selbst dachte? Pl\u00f6tzlich stellt sich die Frage: Gibt es nur M\u00e4dchen oder Junge? Oder kann man auch irgendwie dazwischen sein? Und kann Percy unter diesen Umst\u00e4nden jemals etwas anderes f\u00fcr Manu empfinden als eine Ahnung von Freundschaft?<br \/>\n<\/span><\/p>\n<p><span style=\"color: #333399;\"><em>Ein Coming-of-Age-Roman f\u00fcr Jugendliche ab 14 und Erwachsene, aufw\u00fchlend, nah, tiefgr\u00fcndig.<\/em><\/span><\/p>\n<p><strong>Entstehungsgeschichte:<\/strong><\/p>\n<p>Die erste Version des Romans schrieb ich Anfang 2012 innerhalb von nur drei Monaten. Das Schreiberlebnis war \u00e4u\u00dferst fesselnd und intensiv, es war fast wie ein Rausch, und ich war regelrecht besessen von der Geschichte und ihren Figuren. Die beiden Hauptfiguren, ihre Vergangenheit und ihre Entwicklung fand ich sehr spannend. Eine Leseprobe der 220 Normseiten umfassenden Erstfassung war lange neobooks.com eingestellt. Der Text fand gro\u00dfen Anklang und beendete den Wettbewerb im Oktober 2012 auf Platz 3. Da das DroemerKnaur Lektorat das Buch leider nicht als All-Age, sondern als Jugendbuch einstufte, wurde mir kein Vertrag angeboten, obwohl man im Lektorat von Stoff und Schreibe &#8222;durchaus angetan&#8220; war.<\/p>\n<p>Nach meiner langen &#8222;Babypause&#8220; und der Ver\u00f6ffentlichung meines ersten Romans habe ich mich ab Ende 2020 an die \u00dcberarbeitung von &#8222;Irgendwie dazwischen&#8220; gemacht. Im Gro\u00dfen und Ganzen blieb die Geschichte unver\u00e4ndert, jedoch erhielt sie ein neues und l\u00e4ngeres Ende, das die Geschichte noch einmal intensiviert und den Leser*innen die Hauptfiguren, ihre Schwierigkeiten und ihre Entwicklung <em>noch<\/em> n\u00e4her bringt. Au\u00dferdem ist &#8222;Irgendwie dazwischen oder: Das mit Percy&#8220; nun ein echter All-Age-Roman geworden, so urteilen jedenfalls die bisherigen Rezensent*innen wie z. B. <a href=\"https:\/\/bearasbucherwunderland.wordpress.com\/2021\/11\/02\/sabine-nagel-irgendwie-dazwischen-oder-das-mit-percy\/\" target=\"_blank\" rel=\"noopener noreferrer\">Bearas B\u00fccherwunderland<\/a> oder <a href=\"https:\/\/www.instagram.com\/p\/CV4rx1IAQWL\/\" target=\"_blank\" rel=\"noopener noreferrer\">Nicole F\u00fcnfst\u00fcck<\/a>.<\/p>\n<p>Das Cover wurde \u00fcbrigens gestaltet von Florin Sayer-Gabor (<a href=\"https:\/\/100covers4you.com\/\" target=\"_blank\" rel=\"noopener noreferrer\">100covers4you.com<\/a>). Ist es nicht wundersch\u00f6n?<\/p>\n<p><strong><span style=\"text-decoration: underline;\">Der komplette\u00a0 Klappentext<\/span>:<\/strong><br \/>\n<em><span style=\"color: #000000;\"><br \/>\n<strong>Drei Wochen im Herbst 2009. F\u00fcr Manu und Percy geht es in diesen Tagen um alles, was sie sind und was sie waren. <b>Aber sie haben einander, vielleicht jedenfalls, wenn man es blo\u00df genau w\u00fcsste, wenn man sich doch nur sicher sein k\u00f6nnte<\/b>.<\/strong><\/span><\/em><\/p>\n<p>F\u00fcr Manu w\u00e4re es am besten, wenn die Zeit stehen bliebe. Denn alles ist eigentlich ganz gut so, wie es ist. Zwar ist Manus Mutter entweder v\u00f6llig \u00fcberdreht oder liegt leidend im Bett, doch damit kommt Manu klar, nicht zuletzt wegen der Freundschaft zu Phil, Tom, Lenny und Steffen.<\/p>\n<p>Dann aber begegnet Manu dem verschlossenen Einzelg\u00e4nger Percy, der eine Schreibschw\u00e4che hat und nie was sagt. Wer h\u00e4tte gedacht, dass Percy pl\u00f6tzlich f\u00fcr Manu so wichtig wird? Manu beginnt, sich selbst Fragen zu stellen. Vor allem deswegen, weil es mit Percy so anders ist als mit Phil oder den anderen. Aufregend. Neu.<\/p>\n<p>Wenn das mit Percy nur nicht alles durcheinanderbringen w\u00fcrde, was Manu bisher von sich selbst dachte, dann k\u00f6nnte es auch sch\u00f6n sein.<\/p>\n<p><i>Ein bewegender und dichter Roman, in dem das Schweigen manchmal ganz laut werden kann. Wo die Worte oft knapp sind und dennoch reiche Bilder zaubern &#8211; eine Geschichte \u00fcber Verzweiflung, Mut und die Wucht des Gl\u00fccks.<\/i><\/p>\n<p><strong>Weitere Informationen zu dem Buch gibt es hier:<\/strong><\/p>\n<p>\u2192 <a href=\"https:\/\/s-ng.de\/?p=856\" target=\"_blank\" rel=\"noopener noreferrer\">Kurze Leseprobe (226 W\u00f6rter)<\/a><\/p>\n<p>\u2192 <a href=\"https:\/\/s-ng.de\/?p=881\" target=\"_blank\" rel=\"noopener noreferrer\">L\u00e4ngere Leseprobe (ca. 1000 W\u00f6rter)<\/a><\/p>\n<p>\u2192 <a href=\"https:\/\/s-ng.de\/?page_id=2070\" target=\"_blank\" rel=\"noopener noreferrer\">XXL-Leseprobe (die ersten 13% des Romans)<\/a><\/p>\n<p>\u2192 <a href=\"https:\/\/s-ng.de\/?p=2312\">Zwei kleine Trailer zum Buch<\/a><\/p>\n<p>\u2192 <a href=\"https:\/\/open.spotify.com\/playlist\/43WD72dHMztNtDT60FyWNY?si=3Kl6Dk3jTBui1N9PYX1Deg\" target=\"_blank\" rel=\"noopener\">Soundtrack zum Buch (Spotify-Playlist)<\/a><\/p>\n<p>\u2192 <a href=\"https:\/\/s-ng.de\/?p=2080\" target=\"_blank\" rel=\"noopener noreferrer\">aktuelle Leserstimmen<\/a><\/p>\n<p>\u2192 <a href=\"https:\/\/s-ng.de\/?p=2193\">Alle Informationen zur 2. Auflage<\/a><\/p>\n<p>\u2192 <a href=\"https:\/\/s-ng.de\/?p=2351\" target=\"_blank\" rel=\"noopener noreferrer\">&#8222;Irgendwie dazwischen oder: Das mit Percy&#8220; als Schullekt\u00fcre<\/a><\/p>\n<p>\u2192 <a href=\"https:\/\/s-ng.de\/?page_id=2205\">H\u00e4ufig gestellte Fragen zu &#8222;Irgendwie dazwischen oder: Das mit Percy&#8220;<\/a><\/p>\n<p>\u2192 <a href=\"https:\/\/s-ng.de\/?p=955\" target=\"_blank\" rel=\"noopener noreferrer\">Leserstimmen zur Version von 2012<\/a><\/p>\n<p>\u2192 <a href=\"https:\/\/s-ng.de\/?p=981\" target=\"_blank\" rel=\"noopener noreferrer\">Informationen zum Wettbewerbsausgang bei neobooks<\/a><\/p>\n<p>\u2192 <a href=\"https:\/\/s-ng.de\/?p=1010\" target=\"_blank\" rel=\"noopener noreferrer\">Informationen zum Lektoratsgutachten von DroemerKnaur<\/a><\/p>\n<div class=\"pvc_clear\"><\/div>\n<p id=\"pvc_stats_1016\" class=\"pvc_stats all  \" data-element-id=\"1016\" style=\"\"><i class=\"pvc-stats-icon small\" aria-hidden=\"true\"><svg aria-hidden=\"true\" focusable=\"false\" data-prefix=\"far\" data-icon=\"chart-bar\" role=\"img\" xmlns=\"http:\/\/www.w3.org\/2000\/svg\" viewBox=\"0 0 512 512\" class=\"svg-inline--fa fa-chart-bar fa-w-16 fa-2x\"><path fill=\"currentColor\" d=\"M396.8 352h22.4c6.4 0 12.8-6.4 12.8-12.8V108.8c0-6.4-6.4-12.8-12.8-12.8h-22.4c-6.4 0-12.8 6.4-12.8 12.8v230.4c0 6.4 6.4 12.8 12.8 12.8zm-192 0h22.4c6.4 0 12.8-6.4 12.8-12.8V140.8c0-6.4-6.4-12.8-12.8-12.8h-22.4c-6.4 0-12.8 6.4-12.8 12.8v198.4c0 6.4 6.4 12.8 12.8 12.8zm96 0h22.4c6.4 0 12.8-6.4 12.8-12.8V204.8c0-6.4-6.4-12.8-12.8-12.8h-22.4c-6.4 0-12.8 6.4-12.8 12.8v134.4c0 6.4 6.4 12.8 12.8 12.8zM496 400H48V80c0-8.84-7.16-16-16-16H16C7.16 64 0 71.16 0 80v336c0 17.67 14.33 32 32 32h464c8.84 0 16-7.16 16-16v-16c0-8.84-7.16-16-16-16zm-387.2-48h22.4c6.4 0 12.8-6.4 12.8-12.8v-70.4c0-6.4-6.4-12.8-12.8-12.8h-22.4c-6.4 0-12.8 6.4-12.8 12.8v70.4c0 6.4 6.4 12.8 12.8 12.8z\" class=\"\"><\/path><\/svg><\/i> <img loading=\"lazy\" decoding=\"async\" width=\"16\" height=\"16\" alt=\"Loading\" src=\"https:\/\/s-ng.de\/wp-content\/plugins\/page-views-count\/ajax-loader-2x.gif\" border=0 \/><\/p>\n<div class=\"pvc_clear\"><\/div>\n","protected":false},"excerpt":{"rendered":"<p>Am 29.10.2021 ist mein zweiter Roman erschienen. &#8222;Irgendwie dazwischen oder: Das mit Percy&#8220; ist ein bewegender und dichter Coming-of-Age-Roman f\u00fcr&hellip;<\/p>\n","protected":false},"author":1,"featured_media":2108,"parent":27,"menu_order":2,"comment_status":"closed","ping_status":"closed","template":"","meta":{"footnotes":""},"class_list":["post-1016","page","type-page","status-publish","has-post-thumbnail","hentry"],"_links":{"self":[{"href":"https:\/\/s-ng.de\/index.php?rest_route=\/wp\/v2\/pages\/1016","targetHints":{"allow":["GET"]}}],"collection":[{"href":"https:\/\/s-ng.de\/index.php?rest_route=\/wp\/v2\/pages"}],"about":[{"href":"https:\/\/s-ng.de\/index.php?rest_route=\/wp\/v2\/types\/page"}],"author":[{"embeddable":true,"href":"https:\/\/s-ng.de\/index.php?rest_route=\/wp\/v2\/users\/1"}],"replies":[{"embeddable":true,"href":"https:\/\/s-ng.de\/index.php?rest_route=%2Fwp%2Fv2%2Fcomments&post=1016"}],"version-history":[{"count":45,"href":"https:\/\/s-ng.de\/index.php?rest_route=\/wp\/v2\/pages\/1016\/revisions"}],"predecessor-version":[{"id":2518,"href":"https:\/\/s-ng.de\/index.php?rest_route=\/wp\/v2\/pages\/1016\/revisions\/2518"}],"up":[{"embeddable":true,"href":"https:\/\/s-ng.de\/index.php?rest_route=\/wp\/v2\/pages\/27"}],"wp:featuredmedia":[{"embeddable":true,"href":"https:\/\/s-ng.de\/index.php?rest_route=\/wp\/v2\/media\/2108"}],"wp:attachment":[{"href":"https:\/\/s-ng.de\/index.php?rest_route=%2Fwp%2Fv2%2Fmedia&parent=1016"}],"curies":[{"name":"wp","href":"https:\/\/api.w.org\/{rel}","templated":true}]}}