{"id":1061,"date":"2019-07-29T08:24:55","date_gmt":"2019-07-29T07:24:55","guid":{"rendered":"http:\/\/s-ng.de\/?page_id=1061"},"modified":"2025-02-13T11:49:13","modified_gmt":"2025-02-13T10:49:13","slug":"weil-du-es-bist","status":"publish","type":"page","link":"https:\/\/s-ng.de\/?page_id=1061","title":{"rendered":"Weil du es bist &#8211; Liebesroman"},"content":{"rendered":"\n<p>&#8222;Weil du es bist&#8220;, mein Deb\u00fctroman, ist seit dem 2.12.2019 als eBook bei Amazon sowie seit dem 6.12.2019 als Taschenbuch \u00fcberall im Buchhandel erh\u00e4ltlich. In diesem Artikel findest du Informationen \u00fcber den Roman und \u00fcber seine Entstehung.<\/p>\n\n\n\n<h2 class=\"wp-block-heading\">Hier kannst du das Buch kaufen:<\/h2>\n\n\n\n<p>\u2192<a aria-label=\" zum Buch bei Thalia (Paperback) (\u00f6ffnet in neuem Tab)\" href=\"https:\/\/www.thalia.de\/shop\/home\/artikeldetails\/A1057134517\" target=\"_blank\" rel=\"noreferrer noopener\">  zum Buch bei Thalia (Paperback)<\/a><br> \u2192<a href=\"https:\/\/www.hugendubel.de\/de\/taschenbuch\/sabine_nagel-irgendwie_dazwischen_oder_das_mit_percy-41790241-produkt-details.html\" target=\"_blank\" rel=\"noreferrer noopener\"> <\/a><a aria-label=\"zum Buch bei Hugendubel (Paperback) (\u00f6ffnet in neuem Tab)\" href=\"https:\/\/www.hugendubel.de\/de\/buch_kartoniert\/sabine_nagel-weil_du_es_bist-38392562-produkt-details.html\" target=\"_blank\" rel=\"noreferrer noopener\">zum Buch bei Hugendubel (Paperback)<\/a><br> \u2192 <a aria-label=\" (\u00f6ffnet in neuem Tab)\" href=\"https:\/\/www.genialokal.de\/Produkt\/Sabine-Nagel\/Weil-du-es-bist_lid_42220801.html\" target=\"_blank\" rel=\"noreferrer noopener\">zum Buch bei genialokal, der Gemeinschaft von \u00fcber 700 inhabergef\u00fchrten Buchhandlungen in ganz Deutschland (Paperback)<\/a><br> \u2192 <a aria-label=\" (\u00f6ffnet in neuem Tab)\" href=\"https:\/\/www.amazon.de\/dp\/B0829B9XVF\" target=\"_blank\" rel=\"noreferrer noopener\">zum Buch bei Amazon (E-Book und Paperback)<\/a><br>&#8230; und nat\u00fcrlich in jeder anderen Buchhandlung, z. B. bei dir um die Ecke!<\/p>\n\n\n\n<h2 class=\"wp-block-heading\">Kurztext:<\/h2>\n\n\n<div class=\"wp-block-image\">\n<figure class=\"alignright is-resized\"><img loading=\"lazy\" decoding=\"async\" width=\"637\" height=\"1024\" src=\"https:\/\/s-ng.de\/wp-content\/uploads\/2019\/11\/Coverentwurf-Wdeb-endg\u00fcltig-vorne-komp-637x1024.jpg\" alt=\"Cover des Liebesromans &quot;Weil du es bist&quot; - Scherenschnitt Liebesp\u00e4rchen auf Bank, daneben Rollstuhl, Hintergrund: Wasseroberfl\u00e4che\" class=\"wp-image-1226\" style=\"width:274px;height:441px\" srcset=\"https:\/\/s-ng.de\/wp-content\/uploads\/2019\/11\/Coverentwurf-Wdeb-endg\u00fcltig-vorne-komp-637x1024.jpg 637w, https:\/\/s-ng.de\/wp-content\/uploads\/2019\/11\/Coverentwurf-Wdeb-endg\u00fcltig-vorne-komp-186x300.jpg 186w, https:\/\/s-ng.de\/wp-content\/uploads\/2019\/11\/Coverentwurf-Wdeb-endg\u00fcltig-vorne-komp-768x1236.jpg 768w, https:\/\/s-ng.de\/wp-content\/uploads\/2019\/11\/Coverentwurf-Wdeb-endg\u00fcltig-vorne-komp.jpg 800w\" sizes=\"auto, (max-width: 637px) 100vw, 637px\" \/><\/figure>\n<\/div>\n\n\n<p class=\"has-text-color\" style=\"color:#21317b\">Als Fredi Sascha zum ersten Mal begegnet, ist es eigentlich ein Anfang, der keiner sein sollte. Denn f\u00fcr Sascha ist eineinhalb Jahre nach seinem folgenschweren Unfall nichts mehr so, wie es war. Aber in Wahrheit gibt es vom ersten Moment an kein Zur\u00fcck. Da ist dieser Zauber. Diese unmittelbare Verbindung. Dieses Gl\u00fcck. Das zwischen ihnen, das ist Liebe. <br>Und so lassen sie sich aufeinander ein, mit Haut und Haaren und ohne Wenn und Aber &#8211; trotz allem. Zusammen  fliegen sie wie Schmetterlinge durch den Himmel und zugleich sind sie  auf einer wundervollen Entdeckungsreise zueinander. Es scheint, als  k\u00f6nnte es ihnen gelingen, die dunklen Momente zu \u00fcberwinden und das  Gl\u00fcck festzuhalten. <br><br>Doch dann trifft Fredi eine Entscheidung, deren Tragweite sie v\u00f6llig untersch\u00e4tzt \u2026  <\/p>\n\n\n\n<p class=\"has-text-color\" style=\"color:#1a2846\">Eine atmosph\u00e4rische und dichte Geschichte \u00fcber eine gro\u00dfe Liebe, von \u00fcberw\u00e4ltigendem Gl\u00fcck und stillem Schmerz, ein Roman \u00fcber Verlust und Trauer \u2013 und einen vorsichtigen Neuanfang.  <\/p>\n\n\n\n<h2 class=\"wp-block-heading\">Leseprobe<\/h2>\n\n\n\n<p>Zur Leseprobe geht es <a rel=\"noreferrer noopener\" aria-label=\"hier (\u00f6ffnet in neuem Tab)\" href=\"https:\/\/s-ng.de\/?page_id=188\" target=\"_blank\">hier<\/a> entlang.<\/p>\n\n\n\n<h2 class=\"wp-block-heading\">Trailer<\/h2>\n\n\n\n<p>F\u00fcr den Trailer bitte <a href=\"https:\/\/s-ng.de\/?p=2490\">hier <\/a>klicken.<\/p>\n\n\n\n<h2 class=\"wp-block-heading\">Leserstimmen<\/h2>\n\n\n\n<p>Ausschnitte davon, wie Leserinnen und Leser ihre Lesezeit mit Sascha und Fredi empfunden haben, gibt es <a rel=\"noreferrer noopener\" aria-label=\"hier (\u00f6ffnet in neuem Tab)\" href=\"https:\/\/s-ng.de\/?page_id=1295\" target=\"_blank\">hier<\/a>.<\/p>\n\n\n\n<h2 class=\"wp-block-heading\">Soundtrack<\/h2>\n\n\n\n<p>In &#8222;Weil du es bist&#8220; spielen mehrere Songs explizit eine Rolle, andere passen thematisch sehr gut zum Buch. Am Ende des Buches findest du eine Liste aller Songs &#8211; samt kurzen Erkl\u00e4rungen, in welchem Zusammenhang sie zur Geschichte stehen.<\/p>\n\n\n\n<p>Den Soundtrack gibt es auch auf Spotify zum Anh\u00f6ren. Einfach <a href=\"https:\/\/open.spotify.com\/playlist\/7qZOkPD0X7DIn1Grnyg6Es?si=1QjLHOQ5SYOAw5ua7Qs0IA\" target=\"_blank\" rel=\"noreferrer noopener\">hier <\/a>klicken.<\/p>\n\n\n\n<h2 class=\"wp-block-heading\">Entstehungsgeschichte von &#8222;Weil du es bist&#8220;:<\/h2>\n\n\n\n<figure class=\"wp-block-image size-large is-resized\"><a href=\"https:\/\/s-ng.de\/wp-content\/uploads\/2025\/02\/Cover-Geschichte.jpg\"><img loading=\"lazy\" decoding=\"async\" width=\"700\" height=\"280\" src=\"https:\/\/s-ng.de\/wp-content\/uploads\/2025\/02\/Cover-Geschichte-700x280.jpg\" alt=\"\" class=\"wp-image-2680\" style=\"width:840px;height:auto\" srcset=\"https:\/\/s-ng.de\/wp-content\/uploads\/2025\/02\/Cover-Geschichte-700x280.jpg 700w, https:\/\/s-ng.de\/wp-content\/uploads\/2025\/02\/Cover-Geschichte-300x120.jpg 300w, https:\/\/s-ng.de\/wp-content\/uploads\/2025\/02\/Cover-Geschichte-768x307.jpg 768w, https:\/\/s-ng.de\/wp-content\/uploads\/2025\/02\/Cover-Geschichte-1536x614.jpg 1536w, https:\/\/s-ng.de\/wp-content\/uploads\/2025\/02\/Cover-Geschichte-1600x640.jpg 1600w, https:\/\/s-ng.de\/wp-content\/uploads\/2025\/02\/Cover-Geschichte.jpg 2000w\" sizes=\"auto, (max-width: 700px) 100vw, 700px\" \/><\/a><\/figure>\n\n\n\n<p><strong>&#8222;Zu d\u00fcnnes Eis&#8220; &#8211; Vorg\u00e4ngerversion von 2011:<\/strong><br>Vorl\u00e4uferversionen von &#8222;Weil du es bist&#8220; gibt es schon ziemlich lange in meiner sprichw\u00f6rtlichen Schublade bzw. auf meinen Festplatten. Erstmals wagte ich mich mit einer 133-seitige Leseprobe einer Vorg\u00e4ngerversion des Romans an die \u00d6ffenlichkeit, indem ich sie Anfang 2011 auf der damals noch recht jungen Plattform &#8222;neobooks.com&#8220; einstellte. Die Leseprobe war vom 26.01.2011 bis zum 01.05.2011 auf der Plattform <a href=\"http:\/\/www.neobooks.com\">neobooks.com<\/a> online. Ich erhielt viel positives Feedback und auch einige hilfreiche kritische Anmerkungen  (Leserstimmen zu dieser alten Version gibt es <a href=\"https:\/\/s-ng.de\/?page_id=167\">hier<\/a>). Au\u00dferdem fand ich \u00fcber neobooks zwei Testleser, die ich pers\u00f6nlich nicht kenne, die den gesamten Roman lasen und mir ausf\u00fchrliche R\u00fcckmeldungen zukommen lie\u00dfen, die fast schon einem Lektorat nahekamen. Dass der Roman anschlie\u00dfend mehr als 7 Jahre unver\u00f6ffentlicht blieb, hing haupts\u00e4chlich mit meiner &#8222;Babypause&#8220; zusammen. <\/p>\n\n\n\n<p><em>Leserstimmen <\/em>zur Leseprobe des Romans in seiner Fassung von 2011 gibt es <a href=\"https:\/\/s-ng.de\/?page_id=167\">hier<\/a>.<\/p>\n\n\n\n<p><strong>Umfassende \u00dcberarbeitung:<\/strong><br>Im Dezember 2018, meine Kinder waren inzwischen 6 Jahre alt, packte mich wieder die Lust am Schreiben und endlich hatte ich auch wieder Zeit dazu. Von Dezember 2018 bis Juli 2019 \u00fcberarbeitete den Roman umfassend. Was ich \u00fcberarbeitete und wie, k\u00f6nnt ihr <a rel=\"noreferrer noopener\" aria-label=\"hier  (\u00f6ffnet in neuem Tab)\" href=\"https:\/\/s-ng.de\/?p=1100\" target=\"_blank\">hier<\/a> nachlesen. Es war eine sehr intensive und sehr sch\u00f6ne Zeit f\u00fcr mich, ich verbrachte fast meine gesamte Freizeit damit, und die Emotionen, die das Schreiben der neuen Szenen sowie das \u00dcberarbeiten alter Abschnitte in mir hervorriefen, begleiteten mich auch in meinem Alltag. Der Roman ver\u00e4nderte sich durch die \u00dcberarbeitung in einer Weise, dass auch ein neuer Titel hermusste. Ich erwog viele Alternativen und entschied mich schlie\u00dflich f\u00fcr &#8222;Weil du es bist&#8220;. <\/p>\n\n\n\n<p><strong>Verlag oder Selfpublishing?<\/strong><br>2011 bzw. 2012 habe ich die damals nach dem Leserfeedback von 2011 leicht \u00fcberarbeitete Fassung verschiedenen Verlagen angeboten. Mehrmals kam ich in die 2. Runde, d. h. ich durfte das gesamte Manuskript einreichen, doch dabei blieb es dann jeweils auch. (Aus heutiger Sicht bin ich froh: So gut wie jetzt war die damalige Version lange nicht!) Ich habe lange \u00fcberlegt, ob ich die jetzige Fassung wieder Verlagen anbiete oder ob ich es im Selfpublishing versuche. Da ich 2018 und 2019 mehrere Romane von Selfpublishern gelesen habe (in &#8222;meinem&#8220; Genre), die Verlagspublikationen in nichts nachstanden, verlor ich immer mehr die Scheu davor, es in Eigenregie zu probieren, und schlie\u00dflich entschied ich mich daf\u00fcr, diesen Schritt zu gehen.<\/p>\n\n\n\n<p><strong>Lektorat, Covererstellung, Buchsatz:<\/strong><br>Einen Roman zu schreiben, ist eine Sache, aber wenn man ernsthaft erw\u00e4gt, damit an die \u00d6ffentlichkeit zu treten, dann sind viele weitere Arbeitsschritte und Entscheidungen n\u00f6tig. Zun\u00e4chst einmal war klar: Auch wenn das Feedback der Neobooks-Leser sowie der beiden Testleser einem Lektorat nahekam, wollte ich die neue Version lektorieren lassen. Mit Nathan Jaeger, den ich noch aus der Neobookszeit kannte, fand ich zum Gl\u00fcck schnell und unkompliziert den passenden Lektor. Er kennt und liebt die Geschichte seit 2011, und seine Art des Lektorierens liegt mir sehr. Vor dem Sommerurlaub ging &#8222;Weil du es bist&#8220; ins Lektorat. Im Oktober und November gab es regen Austausch zwischen Nathan und mir, ich \u00e4nderte noch ein paar Kleinigkeiten, und dann folgte das Korrektorat, das ebenfalls Nathan \u00fcbernahm.<br><br>Au\u00dferdem musste ich mir Gedanken \u00fcber die Covererstellung machen. Klar war: Es muss professionell aussehen. Aber ich wollte auch nicht zu viel Geld investieren, da ich ja nicht absehen konnte, ob &#8222;Weil du es bist&#8220; sich \u00fcberhaupt ausreichend oft verkaufen wird, dass die Kosten im Laufe der Zeit wieder eingespielt werden. Ich suchte immer wieder nach geeigneten Premade-Covern, fand aber keines. Das Beispiel von A. D. WiLK, die ebenfalls Selfpublisherin ist und ihre Cover selbst entwirft und mit ihren B\u00fcchern sehr erfolgreich ist, machte mir Mut, es mal mit einem Grafikprogramm selbst zu versuchen. Das Ergebnis sowie (drei von unz\u00e4hligen Zwischenschritten dahin) k\u00f6nnt ihr oben sehen. Mittlerweile (Ende Dezember 2019) habe ich zum Cover schon so viele positive R\u00fcckmeldungen bekommen, dass ich wirklich stolz darauf bin. Es scheint genauso zu wirken, wie ich es mir erhofft habe!<br><br>Auch den Buchsatz \u00fcbernahm ich selbst. Der f\u00fcr das eBook ist relativ unkompliziert gemacht, der f\u00fcr das Taschenbuch war schon eine ziemliche &#8222;Friemelarbeit&#8220;. Ich wollte, dass die letzte Textzeile wirklich auf jeder Seite an exakt derselben Stelle endet, und musste daher jede einzelne Seite kontrollieren und ggf. Abst\u00e4nde zwischen unterschiedlichen Abs\u00e4tzen von Hand nachjustieren. Auch die Silbentrennung an jedem Zeilenende musste ich pr\u00fcfen, denn Word trennte z. B. o-der und so manch zusammengesetztes Wort falsch. Aber es hat sich gelohnt: Das Taschenbuch sieht vom Satz her wirklich richtig gut aus, finde ich zumindest! (Nur die Softs-helljacke ist mir dann doch irgendwie durchgerutscht, wie ich inzwischen leider feststellen musste &#8230;)<\/p>\n\n\n\n<p><strong>Letzte Schritte vor der Ver\u00f6ffenlichung:<\/strong><br>Ganz zum Schluss fehlte nur noch eins: Damit &#8222;Weil du es bist&#8220; nicht wochenlang auf die ersten Rezensionen warten muss (was zur Folge gehabt h\u00e4tte, dass es vermulich kaum jemand gekauft h\u00e4tte), ging ich auf Blogger- und Vorableser-Suche. Von meiner Lieblingsautorin Elja Janus bekam ich ein paar gute Tipps, welche Bloggerinnen &#8222;Weil du es bist&#8220; vermutlich gerne lesen w\u00fcrden, und au\u00dferdem fand ich eine entsprechende Facebook-Gruppe. Ich war \u00fcberrascht, wie schnell ich eine Handvoll Bloggerinnen und drei Vorableserinnen  gefunden hatte. Dass diese dann auch noch superbegeistert von dem Roman waren, war nat\u00fcrlich ein tolles Gef\u00fchl &#8211; und ein super Start f\u00fcr &#8222;Weil du es bist&#8220;!<\/p>\n\n\n\n<p><strong>Dezember 2019 &#8211; der erste Monat von &#8222;Weil du es bist&#8220;:<\/strong><br>Es war schon ziemlich aufregend, auf den &#8222;Ver\u00f6ffentlichen&#8220;-Button zu dr\u00fccken &#8230; Aber noch aufregender war es, die ersten Leserfeedbacks zu bekommen. Mehr dazu <a href=\"https:\/\/s-ng.de\/?page_id=1295\" target=\"_blank\" rel=\"noreferrer noopener\" aria-label=\"hier (\u00f6ffnet in neuem Tab)\">hier<\/a>.<br>&#8222;Weil du es bist&#8220; bekam bald erste Rezensionen auf Amazon und Lovelybooks. Bereits am 15. Dezember, also 2 Wochen nach Ver\u00f6ffentlichung, darf &#8222;Weil du es bist&#8220; sich (bzw. ich mich :-) ) \u00fcber 7x 5 Sterne und 1x 4 Sterne bei Amazon freuen. Und: Das Buch verkauft sich. Es ist spannend, die Verk\u00e4ufe auf dem KDP-Select-Dashboard zu verfolgen, und mindestens genauso cool finde ich es, dort die wachsenden Balken f\u00fcr die gelesenen Seiten der KindleUnlimited-Nutzer, die &#8222;Weil du es bist&#8220; lesen, zu sehen. Denn wenn sie gerade wachsen, hei\u00dft das: Da liest mindestens einer gerade mein Buch! Das ist schon ein echt tolles Gef\u00fchl! Sascha und Fredi werden lebendig &#8211; in immer mehr Leserherzen und -k\u00f6pfen! Wie sch\u00f6n!<br>\u00dcbrigens werden auch die beiden Kurzgeschichten &#8222;\u00dcber den Berg&#8220; und &#8222;Zur\u00fcck.&#8220; gekauft und gelesen. Dar\u00fcber freue ich mich auch sehr, denn ich werte das als Zeichen, dass die Leser\/K\u00e4ufer &#8222;Weil du es bist&#8220; (oder\/und Sascha) so sehr ins Herz geschlossen haben, dass sie noch mehr wollen.<\/p>\n\n\n\n<figure class=\"wp-block-image\"><img loading=\"lazy\" decoding=\"async\" width=\"1024\" height=\"258\" src=\"https:\/\/s-ng.de\/wp-content\/uploads\/2019\/12\/KU-S\u00e4ulen-1024x258.jpg\" alt=\"\" class=\"wp-image-1308\" srcset=\"https:\/\/s-ng.de\/wp-content\/uploads\/2019\/12\/KU-S\u00e4ulen-1024x258.jpg 1024w, https:\/\/s-ng.de\/wp-content\/uploads\/2019\/12\/KU-S\u00e4ulen-300x76.jpg 300w, https:\/\/s-ng.de\/wp-content\/uploads\/2019\/12\/KU-S\u00e4ulen-768x194.jpg 768w, https:\/\/s-ng.de\/wp-content\/uploads\/2019\/12\/KU-S\u00e4ulen.jpg 1127w\" sizes=\"auto, (max-width: 1024px) 100vw, 1024px\" \/><figcaption class=\"wp-element-caption\">Schaubild der via KindleUnlimited gelesenen Seiten pro Tag von &#8222;Weil du es bist&#8220;<\/figcaption><\/figure>\n\n\n\n<p><strong>Wie geht es weiter?<\/strong><br>2019 geht zu Ende, aber mit &#8222;Weil du es bist&#8220; geht es (hoffentlich) gerade erst los. Gerade (27.12.2919) startet auf Lovelybooks die <a href=\"https:\/\/www.lovelybooks.de\/autor\/Sabine-Nagel\/Weil-du-es-bist-2412547112-w\/leserunde\/2414988606\/2415014168\" target=\"_blank\" rel=\"noreferrer noopener\" aria-label=\"Leserunde zu &quot;Weil du es bist&quot; (\u00f6ffnet in neuem Tab)\">Leserunde zu &#8222;Weil du es bist&#8220;<\/a>. Ich bin schon sehr gespannt auf den Austausch mit den Teilnehmerinnen der Leserunde. Im Januar werde ich weitere Blogger*innen kontaktieren und vielleicht sogar einmal bezahlte Werbung ausprobieren, um Sascha und Fredi bekannter zu machen. Es ist und bleibt in jedem Fall spannend f\u00fcr mich!<\/p>\n\n\n\n<figure class=\"wp-block-image\"><a href=\"https:\/\/www.lovelybooks.de\/autor\/Sabine-Nagel\/Weil-du-es-bist-2412547112-w\/leserunde\/2414988606\/2415020031\/#thread\" target=\"_blank\" rel=\"noreferrer noopener\"><img loading=\"lazy\" decoding=\"async\" width=\"1024\" height=\"550\" src=\"https:\/\/s-ng.de\/wp-content\/uploads\/2019\/12\/Leserunde-LB-1024x550.jpg\" alt=\"\" class=\"wp-image-1310\" srcset=\"https:\/\/s-ng.de\/wp-content\/uploads\/2019\/12\/Leserunde-LB-1024x550.jpg 1024w, https:\/\/s-ng.de\/wp-content\/uploads\/2019\/12\/Leserunde-LB-300x161.jpg 300w, https:\/\/s-ng.de\/wp-content\/uploads\/2019\/12\/Leserunde-LB-768x412.jpg 768w, https:\/\/s-ng.de\/wp-content\/uploads\/2019\/12\/Leserunde-LB.jpg 1082w\" sizes=\"auto, (max-width: 1024px) 100vw, 1024px\" \/><\/a><\/figure>\n<div class=\"pvc_clear\"><\/div><p id=\"pvc_stats_1061\" class=\"pvc_stats all  \" data-element-id=\"1061\" style=\"\"><i class=\"pvc-stats-icon small\" aria-hidden=\"true\"><svg aria-hidden=\"true\" focusable=\"false\" data-prefix=\"far\" data-icon=\"chart-bar\" role=\"img\" xmlns=\"http:\/\/www.w3.org\/2000\/svg\" viewBox=\"0 0 512 512\" class=\"svg-inline--fa fa-chart-bar fa-w-16 fa-2x\"><path fill=\"currentColor\" d=\"M396.8 352h22.4c6.4 0 12.8-6.4 12.8-12.8V108.8c0-6.4-6.4-12.8-12.8-12.8h-22.4c-6.4 0-12.8 6.4-12.8 12.8v230.4c0 6.4 6.4 12.8 12.8 12.8zm-192 0h22.4c6.4 0 12.8-6.4 12.8-12.8V140.8c0-6.4-6.4-12.8-12.8-12.8h-22.4c-6.4 0-12.8 6.4-12.8 12.8v198.4c0 6.4 6.4 12.8 12.8 12.8zm96 0h22.4c6.4 0 12.8-6.4 12.8-12.8V204.8c0-6.4-6.4-12.8-12.8-12.8h-22.4c-6.4 0-12.8 6.4-12.8 12.8v134.4c0 6.4 6.4 12.8 12.8 12.8zM496 400H48V80c0-8.84-7.16-16-16-16H16C7.16 64 0 71.16 0 80v336c0 17.67 14.33 32 32 32h464c8.84 0 16-7.16 16-16v-16c0-8.84-7.16-16-16-16zm-387.2-48h22.4c6.4 0 12.8-6.4 12.8-12.8v-70.4c0-6.4-6.4-12.8-12.8-12.8h-22.4c-6.4 0-12.8 6.4-12.8 12.8v70.4c0 6.4 6.4 12.8 12.8 12.8z\" class=\"\"><\/path><\/svg><\/i> <img loading=\"lazy\" decoding=\"async\" width=\"16\" height=\"16\" alt=\"Loading\" src=\"https:\/\/s-ng.de\/wp-content\/plugins\/page-views-count\/ajax-loader-2x.gif\" border=0 \/><\/p><div class=\"pvc_clear\"><\/div>","protected":false},"excerpt":{"rendered":"<p>&#8222;Weil du es bist&#8220;, mein Deb\u00fctroman, ist seit dem 2.12.2019 als eBook bei Amazon sowie seit dem 6.12.2019 als Taschenbuch&hellip;<\/p>\n","protected":false},"author":1,"featured_media":2682,"parent":27,"menu_order":2,"comment_status":"open","ping_status":"closed","template":"","meta":{"footnotes":""},"class_list":["post-1061","page","type-page","status-publish","has-post-thumbnail","hentry"],"_links":{"self":[{"href":"https:\/\/s-ng.de\/index.php?rest_route=\/wp\/v2\/pages\/1061","targetHints":{"allow":["GET"]}}],"collection":[{"href":"https:\/\/s-ng.de\/index.php?rest_route=\/wp\/v2\/pages"}],"about":[{"href":"https:\/\/s-ng.de\/index.php?rest_route=\/wp\/v2\/types\/page"}],"author":[{"embeddable":true,"href":"https:\/\/s-ng.de\/index.php?rest_route=\/wp\/v2\/users\/1"}],"replies":[{"embeddable":true,"href":"https:\/\/s-ng.de\/index.php?rest_route=%2Fwp%2Fv2%2Fcomments&post=1061"}],"version-history":[{"count":57,"href":"https:\/\/s-ng.de\/index.php?rest_route=\/wp\/v2\/pages\/1061\/revisions"}],"predecessor-version":[{"id":2681,"href":"https:\/\/s-ng.de\/index.php?rest_route=\/wp\/v2\/pages\/1061\/revisions\/2681"}],"up":[{"embeddable":true,"href":"https:\/\/s-ng.de\/index.php?rest_route=\/wp\/v2\/pages\/27"}],"wp:featuredmedia":[{"embeddable":true,"href":"https:\/\/s-ng.de\/index.php?rest_route=\/wp\/v2\/media\/2682"}],"wp:attachment":[{"href":"https:\/\/s-ng.de\/index.php?rest_route=%2Fwp%2Fv2%2Fmedia&parent=1061"}],"curies":[{"name":"wp","href":"https:\/\/api.w.org\/{rel}","templated":true}]}}