{"id":1295,"date":"2019-12-29T21:56:10","date_gmt":"2019-12-29T20:56:10","guid":{"rendered":"http:\/\/s-ng.de\/?page_id=1295"},"modified":"2020-04-14T21:45:59","modified_gmt":"2020-04-14T19:45:59","slug":"leserstimmen-zu-weil-du-es-bist-2019","status":"publish","type":"page","link":"https:\/\/s-ng.de\/?page_id=1295","title":{"rendered":"Leserstimmen zu &#8222;Weil du es bist&#8220; (2019)"},"content":{"rendered":"\n<p>Fast vier Wochen ist &#8222;Weil du es bist&#8220; nun schon online bzw. als Taschenbuch zu kaufen. Es ist toll, die Geschichte nun endlich mit anderen zu teilen und zu wissen, dass Fredi und Sascha nun auch in anderen Herzen und K\u00f6pfen lebendig werden!<\/p>\n\n\n\n<p>Ich danke allen Leserinnen und Lesern, dass ihr Fredi und Sascha auf ihrem nicht immer leichten Weg begleitet, mit ihnen mitfiebert, euch mitfreut und mit ihnen leidet. Ganz besonders danke ich allen, die mir ihr Feedback dalassen, sei es als Nachricht oder Kommentar bei Facebook oder sogar in Form einer Rezension bei Amazon, Lovelybooks oder an anderer Stelle. Ich freue mich so sehr, wenn ich erfahren darf, wie die Geschichte bei euch ankommt, egal ob als kurzes Statement oder als ausf\u00fchrlicher Text! <\/p>\n\n\n\n<p><em>An dieser Stelle m\u00f6chte ich einen Auszug der Leserstimmen mit euch allen teilen. Sofern es sich bei den Zitaten um Ausschnitte aus Rezensionen handelt, k\u00f6nnt ihr dem jeweiligen Link folgen und dort die gesamte Rezension nachlesen.<\/em><\/p>\n\n\n\n<p style=\"color:#1600a3\" class=\"has-text-color\">Es ist schon sehr lange her, dass ich ein Buch gelesen habe, das so ans Herz geht. Einfach nur sch\u00f6n. <em>(eine Leserin, Kommentar via Facebook)<\/em><\/p>\n\n\n\n<p style=\"color:#1600a3\" class=\"has-text-color\">Oh Mann, das war so fesselnd und zugleich sch\u00f6n und traurig. Ich musste so manche Tr\u00e4nen vergie\u00dfen. Danke.  <em>(eine Leserin, Kommentar via Facebook)<\/em> <\/p>\n\n\n\n<p style=\"color:#1600a3\" class=\"has-text-color\">Ein Deb\u00fct und trotzdem so gut. Eine realistische Geschichte, die mich wirklich umgehauen hat. [\u2026]. Dieses Buch geht nahe und zeigt uns wie dankbar wir sein sollten, dass wir gesund und unversehrt sind. <em>(Nicole Mohr, Blog &#8222;Hexen und Prinzessinnen&#8220; , Beitrag &#8222;<a rel=\"noreferrer noopener\" aria-label=\"Highlights und R\u00fcckblick 2019, Vorausblick 2020 (\u00f6ffnet in neuem Tab)\" href=\"https:\/\/hexenundprinzessinnen.de\/higlights-und-rueckblick-2019-vorausblick-2020?fbclid=IwAR04C-lZAth9BWVf8bbKST3_g4SeRwuHkl-_sOWIiTdLdYXWIDyK7b3XlOY\" target=\"_blank\">Highlights und R\u00fcckblick 2019, Vorausblick 2020<\/a>&#8220; )<\/em><\/p>\n\n\n\n<p style=\"color:#1600a3\" class=\"has-text-color\">Ich mag gerne solche B\u00fccher, einfach weil sie uns zeigen, wie man mit so einem Leben umgehen kann. Wie es f\u00fcr den Betroffenen ist und unser aller Gedanke \u201each, der Arme kann nicht mehr laufen\u201c, wird zu so viel mehr. [&#8230;] Aber auch Bewunderung macht sich in mir breit, wenn sie es dann schaffen, damit klar zu kommen. Wenn sie jeden Tag k\u00e4mpfen, um ihr Leben wieder zu lieben und das tat Sascha wirklich. Auch wenn er es nicht auf Anhieb geschafft hat. <br>Ich gebe &#8222;Weil du es bist&#8220; 5+ von 5 Sterne,&nbsp;weil ich die Geschichte liebe [\u2026] und weil sie mich zutiefst ber\u00fchrt hat. <br>Ich mag die leisen und die lauten Worte und ich mag den Schreibstil der Autorin, genauso wie die Protagonisten. Ich rate euch, Taschent\u00fccher bereit zu legen, aber auch die Gl\u00fccksgef\u00fchle und das L\u00e4cheln kommen nicht zu kurz [\u2026]. Eine Story, die ans Herz geht, \u00fcber die andere Seite des Lebens, \u00fcber Schicksal, \u00fcber einen Kampf, den man gewinnen oder verlieren kann, \u00fcber die Lebensfreude [\u2026] und \u00fcber die erste Liebe, die dich dein ganzes Leben begleitet und die manchmal einfach da ist, auch wenn es anders leichter w\u00e4re.  <em>(Nicole Mohr, Blog &#8222;Hexen und Prinzessinnen&#8220; , Beitrag &#8222;<a rel=\"noreferrer noopener\" aria-label=\"Rezension Weil du es bist (\u00f6ffnet in neuem Tab)\" href=\"https:\/\/hexenundprinzessinnen.de\/weil-du-es-bist-von-sabine-nagel\" target=\"_blank\">Rezension Weil du es bist<\/a>&#8220; )<\/em><\/p>\n\n\n\n<p style=\"color:#1600a3\" class=\"has-text-color\">Wow! Ich habe das Buch gerade beendet und immer noch eine G\u00e4nsehaut. [\u2026]<br>Die Geschichte von Fredi und Sascha hat mich in der Tat aus dem Gleichgewicht gebracht [\u2026] und mich echt auf eine Achterbahn der Gef\u00fchle geschickt. [\u2026] <br>Sabine Nagel hat den beiden Protagonisten echtes Leben eingehaucht und auch wenn ich selbst noch nie in solch einer Situation war, war es echt krass, was f\u00fcr Emotionen diese Geschichte in mir rausgeholt hat. [\u2026] [Ich war] echt in der Geschichte gefangen. [&#8230;] Ich habe gelacht, aber ich hatte auch mit meinen Tr\u00e4nen zu k\u00e4mpfen. <br>[\u2026] \u201eMittendrin statt nur dabei\u201c w\u00e4re an dieser Stelle untertrieben: Ich war nicht mittendrin, ich war an der Grenze zwischen Fiktion und Realit\u00e4t dabei und habe die Botschaft des Buches, der Geschichte gefunden. <br>Mein Fazit: Chapeau! Was mir mit den Worten \u201eemotionale Liebesgeschichte mit Tiefgang irgendwo zwischen Young Adult und New Adult\u201c angek\u00fcndigt wurde, hat sich Mitte Dezember noch mit in meine Jahres Highlights 2019 geschlichen. Ein leiser Roman, der so laut ausspricht, dass manche Dinge im Leben einfach Zeit brauchen. Von mir gibt es eine klare Kauf- und Leseempfehlung und absolut verdiente &#x2b50;&#xfe0f;&#x2b50;&#xfe0f;&#x2b50;&#xfe0f;&#x2b50;&#xfe0f;&#x2b50;&#xfe0f; von &#x2b50;&#xfe0f;&#x2b50;&#xfe0f;&#x2b50;&#xfe0f;&#x2b50;&#xfe0f;&#x2b50;&#xfe0f;! <em>(Dana Dohmeyer, Blog &#8222;<a rel=\"noreferrer noopener\" aria-label=\"Ohne B\u00fccher? - Ohne uns (\u00f6ffnet in neuem Tab)\" href=\"https:\/\/www.facebook.com\/ohnebuecherohneuns\/posts\/3297669910274386?__xts__%5B0%5D=68.ARBE6xAtdxsT9SY0xg319fvVIvRp9_jnPfQ74e8DZ_YLrKtrhfClhvIAC_KUPyuQXdDBQwM5eYXbPpxa8OXfC0BDEG-2ayyeeEAI0rjXbv-AN85bSTxOsJdSgspwfmBs564SthOv-NjnpfUYCBCv_FODeeRvFik6nilQnjwTuTJ6vkVS9dUBFkmvOArmaHBwmxdlru6l_oBbNx8aekZfOhm_Ym90yOSaUB46Y7jyGO1tP9Zm8qU7FCA3An0_c8efszfGWV_PqGIJvTQaTPtj977YNdbQz4DpZUrUUmJm-AUfFgUhrMJhEdh23dKRacYVpG_zzSbURQobLKFnd-6CBNTeu6Bd&amp;__tn__=K-R\" target=\"_blank\">Ohne B\u00fccher? &#8211; Ohne uns<\/a>&#8220; )<\/em><\/p>\n\n\n\n<p style=\"color:#1600a3\" class=\"has-text-color\">Sabine Nagel ist ein absolutes Highlight gelungen &#8211; eine wundervolle, ber\u00fchrende, ganz besondere, emotionale, intensive und sehr tiefsinnige  Liebesgeschichte, die den Leser sofort in ihren Bann zieht, in die man voll und ganz eintaucht und die einen nicht mehr losl\u00e4sst. Die Schreibweise ist wundersch\u00f6n und fesselnd. Die Personen sind so wunderbar und authenthisch gezeichnet, dass ich die ganze Zeit dachte, ich sei direkt dabei. Vor allem die beiden Hauptpersonen sind so toll. Ich musste sie einfach sofort mit ihren St\u00e4rken und Schw\u00e4chen, Zweifeln und Unzul\u00e4nglichkeiten ins Herz schlie\u00dfen. Ich habe mitgef\u00fchlt, mitgelitten, mitgefiebert und mich mitgefreut. Ich musste schmunzeln, lachen und auch ein paar Tr\u00e4nen vergie\u00dfen. Ich bin absolut begeistert. <br>Es ist eine wunderbare, absolut ber\u00fchrende Liebesgeschichte, atmosph\u00e4risch, dicht und intensiv, \u00fcber eine ganz gro\u00dfe einmalige Liebe, von \u00fcberw\u00e4ltigem Gl\u00fcck und stillem Schmerz, von Verlust, Trauer, vom Wachsen, und einem Neuanfang im mehrfacher Hinsicht. Ein absolutes Lieblingsbuch und w\u00e4rmstens zu empfehlen. <em>(<a rel=\"noreferrer noopener\" aria-label=\"hanhan auf Lovelybooks.de (\u00f6ffnet in neuem Tab)\" href=\"https:\/\/www.lovelybooks.de\/autor\/Sabine-Nagel\/Weil-du-es-bist-2412547112-w\/rezension\/2423676047\/\" target=\"_blank\">hanhan auf Lovelybooks.de<\/a>)<\/em><\/p>\n\n\n\n<p style=\"color:#1600a3\" class=\"has-text-color\">Eine tiefgehende einf\u00fchlsam erz\u00e4hlte Geschichte um eine junge Liebe mit Hindernissen. Ber\u00fchrend und nachhaltig beeindruckend. <br>Die Autorin nimmt sich die Zeit, die beginnende Beziehung mit all ihren Unsicherheiten zu erz\u00e4hlen, und baut dadurch eine gro\u00dfe N\u00e4he zu Fredi auf. So bin ich mittendrin im Geschehen.<br> [\u2026] Die Handlung [\u2026] hat mich gepackt, hat mich gefesselt, so dass ich weiterlesen musste. Ich habe mich gefragt wie meine eigene Einstellung zu Behinderungen ist, mich in den handelnden Personen wiedergefunden, nicht nur in Fredi. So habe ich mit ihr gelitten und hatte zeitweilig Tr\u00e4nen in den Augen. <br>Dieses Buch wirkt &#8211; auch nachdem ich es beendet habe &#8211; weiter, besch\u00e4ftigt mich noch immer. Es ist so einf\u00fchlsam erz\u00e4hlt, so eindringlich gezeichnet, dass ich fast das Gef\u00fchl habe, Fredis Zeit selbst erlebt zu haben. <em>(<\/em><a rel=\"noreferrer noopener\" aria-label=\"Anne Lay auf Lovelybooks (\u00f6ffnet in neuem Tab)\" href=\"https:\/\/www.lovelybooks.de\/autor\/Sabine-Nagel\/Weil-du-es-bist-2412547112-w\/rezension\/2412908846\/\" target=\"_blank\"><em>Anne Lay auf Lovelybooks<\/em><\/a><em>)<\/em> <\/p>\n\n\n\n<p style=\"color:#1600a3\" class=\"has-text-color\">[\u2026] Eben zu Ende gelesen und ich bin noch total fertig und am Ende, Emotionen pur und das rauf und runter, hier ist h\u00f6chster &#8222;Taschentuchalarm&#8220; gegeben!!<br>Ich k\u00f6nnte hier nicht weitererz\u00e4hlen, denn es hat mich zu sehr ergriffen, die Gef\u00fchle fuhren mit mir &#8222;Achterbahn&#8220; und noch nicht genug, flossen zum Ende hin auch etliche Tr\u00e4nchen. Die beiden Protagonisten sind mir von Anfang an unendlich sympathisch. [\u2026] Ich hatte das ganze Buch \u00fcber mit den beiden mitgefiebert, mitgelitten, mitgeweint und mitgefreut.<br>Diese Geschichte ist etwas ganz Besonderes. [&#8230;] Ihr Schreibstil liest sich klar, gut verst\u00e4ndlich und fl\u00fcssig. Ich hatte dazu sofort Bilder im Kopf um einen ganzen Film zu f\u00fcllen. <em>(<a rel=\"noreferrer noopener\" aria-label=\"Beate Elisabeth Z., Bloggerin (\u00f6ffnet in neuem Tab)\" href=\"https:\/\/www.amazon.de\/gp\/customer-reviews\/RVM6GOVNJ2VSD\/ref=cm_cr_arp_d_rvw_ttl?ie=UTF8&amp;ASIN=B0829B9XVF\" target=\"_blank\">Beate Elisabeth Z., Bloggerin<\/a>)<\/em><\/p>\n\n\n\n<p style=\"color:#1600a3\" class=\"has-text-color\">Dieses Buch ist so voller Gef\u00fchl. Von Frischverliebt bis zum Tode betr\u00fcbt m\u00fcssen wir alle H\u00f6hen und Tiefen einen junger Liebe schmerzhaft mitterleben. Es ist so nat\u00fcrlich geschrieben das mir so manche Tr\u00e4ne entfleucht ist. [\u2026] Absolute Leseempfehlung! <em>(<a rel=\"noreferrer noopener\" aria-label=\"Amazon-Rezensentin Silvi (\u00f6ffnet in neuem Tab)\" href=\"https:\/\/www.amazon.de\/gp\/customer-reviews\/R1HWMMSJPBH08X\/ref=cm_cr_arp_d_rvw_ttl?ie=UTF8&amp;ASIN=B0829B9XVF\" target=\"_blank\">Amazon-Rezensentin Silvi<\/a>)<\/em><\/p>\n\n\n\n<p style=\"color:#1600a3\" class=\"has-text-color\">[\u2026] Eine Geschichte, die einen l\u00e4cheln aber auch verzweifeln l\u00e4sst. Man will Fredi und Sascha zeitweilig sch\u00fctteln, man will sie tr\u00f6sten, wahlweise anschreien oder weinen. Es gibt Momente im Buch, da habe ich auf meine selbstgebackenen Kekse geweint, um Fredi, um Sascha und um ihre Liebe. [\u2026] Ich empfehle Taschent\u00fccher und einen Wutball parat liegen zu haben. Mein Fazit: absolut lesenswert. <em>(<a rel=\"noreferrer noopener\" aria-label=\"Amazon-Rezensentin Leserlich (\u00f6ffnet in neuem Tab)\" href=\"https:\/\/www.amazon.de\/gp\/customer-reviews\/R3IVVQ9JSJ6EUN\/ref=cm_cr_dp_d_rvw_ttl?ie=UTF8&amp;ASIN=B0829B9XVF\" target=\"_blank\">Amazon-Rezensentin Leserlich<\/a>)<\/em><\/p>\n\n\n\n<p style=\"color:#1600a3\" class=\"has-text-color\">[\u2026] Die Autorin hat eine sehr sch\u00f6ne und besondere Liebesgeschichte geschrieben, die einen ganz speziellen Hintergrund sehr realistisch darstellt. Schonungslos und ohne Schn\u00f6rkel beschreibt sie die T\u00fccken und neuen Lebensumst\u00e4nde und trotzdem bin ich an keiner Stelle schockiert worden. Der Alltag eines pl\u00f6tzlich Querschnittgel\u00e4hmten, der verst\u00e4ndlicherweise gro\u00dfe Schwierigkeiten hat, damit klar zu kommen, las sich sehr authentisch. [\u2026] <br>Insgesamt [\u2026] eine starke Geschichte, die auch Tage sp\u00e4ter noch in mir nachwirkt. [\u2026] Die Geschichte ist tiefgr\u00fcndig. Echt. Realistisch. Sie regt zum Nachdenken an und \u00f6ffnet den Blick f\u00fcr eine Welt, die einem sonst verborgen bleibt. <em>(<a href=\"https:\/\/www.amazon.de\/gp\/customer-reviews\/RP05OIHBWRYAK\/ref=cm_cr_arp_d_rvw_ttl?ie=UTF8&amp;ASIN=B0829B9XVF\" target=\"_blank\" rel=\"noreferrer noopener\" aria-label=\"Amazon Rezensentin B\u00fccherFan (\u00f6ffnet in neuem Tab)\">Amazon Rezensentin B\u00fccherFan<\/a>)<\/em><\/p>\n\n\n\n<p>Weiteres ausf\u00fchrliches Leserfeedback &#8211; nach Buchabschnitten und Themen unterteilt &#8211; gibt es in der <a href=\"https:\/\/www.lovelybooks.de\/autor\/Sabine-Nagel\/Weil-du-es-bist-2412547112-w\/leserunde\/2414988606\/2415014168\" target=\"_blank\" rel=\"noreferrer noopener\" aria-label=\"Lovelybooks-Leserunde zu &quot;Weil du es bist&quot; (\u00f6ffnet in neuem Tab)\">Lovelybooks-Leserunde zu &#8222;Weil du es bist&#8220;<\/a>. Leserunden sind wirklich eine tolle Erfindung!<\/p>\n\n\n\n<p>Ich kann gar nicht oft genug betonen, wie dankbar ich euch bin daf\u00fcr, dass ihr euch die Zeit nehmt, mich an euren Leseeindr\u00fccken teilhaben zu lassen! Das ist so wertvoll f\u00fcr mich, denn nur so kann ich erfahren, dass und wie Sascha und Fredi in euch lebendig werden konnten. Und daf\u00fcr habe ich diese Geschichte geschrieben.<\/p>\n<div class=\"pvc_clear\"><\/div><p id=\"pvc_stats_1295\" class=\"pvc_stats all  \" data-element-id=\"1295\" style=\"\"><i class=\"pvc-stats-icon small\" aria-hidden=\"true\"><svg aria-hidden=\"true\" focusable=\"false\" data-prefix=\"far\" data-icon=\"chart-bar\" role=\"img\" xmlns=\"http:\/\/www.w3.org\/2000\/svg\" viewBox=\"0 0 512 512\" class=\"svg-inline--fa fa-chart-bar fa-w-16 fa-2x\"><path fill=\"currentColor\" d=\"M396.8 352h22.4c6.4 0 12.8-6.4 12.8-12.8V108.8c0-6.4-6.4-12.8-12.8-12.8h-22.4c-6.4 0-12.8 6.4-12.8 12.8v230.4c0 6.4 6.4 12.8 12.8 12.8zm-192 0h22.4c6.4 0 12.8-6.4 12.8-12.8V140.8c0-6.4-6.4-12.8-12.8-12.8h-22.4c-6.4 0-12.8 6.4-12.8 12.8v198.4c0 6.4 6.4 12.8 12.8 12.8zm96 0h22.4c6.4 0 12.8-6.4 12.8-12.8V204.8c0-6.4-6.4-12.8-12.8-12.8h-22.4c-6.4 0-12.8 6.4-12.8 12.8v134.4c0 6.4 6.4 12.8 12.8 12.8zM496 400H48V80c0-8.84-7.16-16-16-16H16C7.16 64 0 71.16 0 80v336c0 17.67 14.33 32 32 32h464c8.84 0 16-7.16 16-16v-16c0-8.84-7.16-16-16-16zm-387.2-48h22.4c6.4 0 12.8-6.4 12.8-12.8v-70.4c0-6.4-6.4-12.8-12.8-12.8h-22.4c-6.4 0-12.8 6.4-12.8 12.8v70.4c0 6.4 6.4 12.8 12.8 12.8z\" class=\"\"><\/path><\/svg><\/i> <img loading=\"lazy\" decoding=\"async\" width=\"16\" height=\"16\" alt=\"Loading\" src=\"https:\/\/s-ng.de\/wp-content\/plugins\/page-views-count\/ajax-loader-2x.gif\" border=0 \/><\/p><div class=\"pvc_clear\"><\/div>","protected":false},"excerpt":{"rendered":"<p>Fast vier Wochen ist &#8222;Weil du es bist&#8220; nun schon online bzw. als Taschenbuch zu kaufen. Es ist toll, die&hellip;<\/p>\n","protected":false},"author":1,"featured_media":0,"parent":1061,"menu_order":2,"comment_status":"closed","ping_status":"closed","template":"","meta":{"footnotes":""},"class_list":["post-1295","page","type-page","status-publish","hentry"],"_links":{"self":[{"href":"https:\/\/s-ng.de\/index.php?rest_route=\/wp\/v2\/pages\/1295","targetHints":{"allow":["GET"]}}],"collection":[{"href":"https:\/\/s-ng.de\/index.php?rest_route=\/wp\/v2\/pages"}],"about":[{"href":"https:\/\/s-ng.de\/index.php?rest_route=\/wp\/v2\/types\/page"}],"author":[{"embeddable":true,"href":"https:\/\/s-ng.de\/index.php?rest_route=\/wp\/v2\/users\/1"}],"replies":[{"embeddable":true,"href":"https:\/\/s-ng.de\/index.php?rest_route=%2Fwp%2Fv2%2Fcomments&post=1295"}],"version-history":[{"count":7,"href":"https:\/\/s-ng.de\/index.php?rest_route=\/wp\/v2\/pages\/1295\/revisions"}],"predecessor-version":[{"id":1977,"href":"https:\/\/s-ng.de\/index.php?rest_route=\/wp\/v2\/pages\/1295\/revisions\/1977"}],"up":[{"embeddable":true,"href":"https:\/\/s-ng.de\/index.php?rest_route=\/wp\/v2\/pages\/1061"}],"wp:attachment":[{"href":"https:\/\/s-ng.de\/index.php?rest_route=%2Fwp%2Fv2%2Fmedia&parent=1295"}],"curies":[{"name":"wp","href":"https:\/\/api.w.org\/{rel}","templated":true}]}}