{"id":1366,"date":"2020-02-10T22:07:44","date_gmt":"2020-02-10T21:07:44","guid":{"rendered":"http:\/\/s-ng.de\/?page_id=1366"},"modified":"2020-02-10T22:57:56","modified_gmt":"2020-02-10T21:57:56","slug":"ein-anliegen-in-einem-brief-formulieren","status":"publish","type":"page","link":"https:\/\/s-ng.de\/?page_id=1366","title":{"rendered":"Unterrichtseinheit &#8222;Ein Anliegen in einem Brief formulieren&#8220;"},"content":{"rendered":"\n<div class=\"wp-block-image\"><figure class=\"alignright is-resized\"><img loading=\"lazy\" decoding=\"async\" src=\"https:\/\/s-ng.de\/wp-content\/uploads\/2020\/02\/Bild-1-Legespiel-3.jpg\" alt=\"\" class=\"wp-image-1381\" width=\"175\" height=\"264\" srcset=\"https:\/\/s-ng.de\/wp-content\/uploads\/2020\/02\/Bild-1-Legespiel-3.jpg 300w, https:\/\/s-ng.de\/wp-content\/uploads\/2020\/02\/Bild-1-Legespiel-3-199x300.jpg 199w\" sizes=\"auto, (max-width: 175px) 100vw, 175px\" \/><figcaption>M 01: Legespiel Elemente Gesch\u00e4ftsbrief<\/figcaption><\/figure><\/div>\n\n\n\n<p>Dieses Thema steht bei uns in Bayern in der Mittelschule in der 6. Klasse auf dem Lehrplan. Ich beginne die Sequenz immer damit, dass die Sch\u00fcler*innen echte Gesch\u00e4ftsbriefe in Kleingruppen untersuchen. Dazu bringe ich f\u00fcnf oder sechs echte Gesch\u00e4ftsbriefe (als Kopien in mehrfacher Ausf\u00fchrung, je nach Anzahl der Gruppen) von mir und an mich mit. Die Sch\u00fcler*innen erhalten dazu ein Legespiel <br>(M 01) und den Auftrag, das Spiel zu zerschneiden und nach der Untersuchung der Gesch\u00e4ftsbriefe die Schnipsel richtig auf den Tisch zu legen. Sind alle Gruppen fertig, besprechen wir sowohl die Fachbegriffe der einzelnen Elemente sowie ihre Funktion, ordnen sie gemeinsam noch einmal richtig, und anschlie\u00dfend gibt es einen Hefteintrag dazu. <\/p>\n\n\n\n<div class=\"wp-block-image\"><figure class=\"alignleft is-resized\"><img loading=\"lazy\" decoding=\"async\" src=\"https:\/\/s-ng.de\/wp-content\/uploads\/2020\/02\/Bild-2-Brief-ordentlich-und-richtig-von-Hand-schreiben-2.jpg\" alt=\"\" class=\"wp-image-1382\" width=\"186\" height=\"267\" srcset=\"https:\/\/s-ng.de\/wp-content\/uploads\/2020\/02\/Bild-2-Brief-ordentlich-und-richtig-von-Hand-schreiben-2.jpg 300w, https:\/\/s-ng.de\/wp-content\/uploads\/2020\/02\/Bild-2-Brief-ordentlich-und-richtig-von-Hand-schreiben-2-209x300.jpg 209w\" sizes=\"auto, (max-width: 186px) 100vw, 186px\" \/><figcaption>M 02: Arbeitsblatt<\/figcaption><\/figure><\/div>\n\n\n\n<p>Im weiteren Verlauf der Sequenz thematisieren und \u00fcben wir nach und nach alle Teilthemen, sodass die Sch\u00fcler mit der Zeit alle Kompetenzen erwerben k\u00f6nnen, die sie ben\u00f6tigen, um ein Anliegen sachlich, \u00fcberzeugend, h\u00f6flich und formal korrekt in einem Gesch\u00e4ftsbrief vorbringen zu k\u00f6nnen.<br>Neben den hier vorgestellten Materialien dienen dazu die \u00dcbungen, die das Schulbuch und das Arbeitsheft vorhalten.<\/p>\n\n\n\n<p><br><\/p>\n\n\n\n<p><\/p>\n\n\n\n<div class=\"wp-block-image\"><figure class=\"alignright is-resized\"><img loading=\"lazy\" decoding=\"async\" src=\"https:\/\/s-ng.de\/wp-content\/uploads\/2020\/02\/Bild-3-Brief-mit-Fehlern-2-2.jpg\" alt=\"\" class=\"wp-image-1383\" width=\"241\" height=\"370\" srcset=\"https:\/\/s-ng.de\/wp-content\/uploads\/2020\/02\/Bild-3-Brief-mit-Fehlern-2-2.jpg 300w, https:\/\/s-ng.de\/wp-content\/uploads\/2020\/02\/Bild-3-Brief-mit-Fehlern-2-2-195x300.jpg 195w\" sizes=\"auto, (max-width: 241px) 100vw, 241px\" \/><figcaption>M 08:  AB Brief mit Fehlern<\/figcaption><\/figure><\/div>\n\n\n\n<p>W\u00e4hrend im &#8222;normalen&#8220; Deutschunterricht Themen wie &#8222;Argumente&#8220;, &#8222;H\u00f6flichkeitsform&#8220;, &#8222;Konjunktonen&#8220;, &#8222;Gemeinsam einen Musterbrief nach allen Regeln der Kunst aufsetzen&#8220; (hier nehme ich meist das Thema &#8222;Wir brauchen neue St\u00fchle&#8220;) usw. gemeinsam erarbeitet und anschlie\u00dfend z. B. im Rahmen von Hausaufgaben ge\u00fcbt werden, finden die \u00dcbungen &#8222;Einen Brief sauber und richtig mit der Hand schreiben&#8220; (M 02) sowie &#8222;Brief mit Fehlern (1) bis (3)&#8220; (M 07, M 08, M 09) im Wochenplan ihren Platz. <br>Auf diese Weise schreiben die Sch\u00fcler*innen immer wieder Briefe und bekommen so ganz &#8222;nebenbei&#8220; ein immer besseres Gef\u00fchl f\u00fcr den richtigen sachlichen, &#8222;erwachsenen&#8220; und h\u00f6flichen Schreibstil eines Gesch\u00e4ftsbriefes.<\/p>\n\n\n\n<p><\/p>\n\n\n\n<div class=\"wp-block-image\"><figure class=\"alignleft is-resized\"><img loading=\"lazy\" decoding=\"async\" src=\"https:\/\/s-ng.de\/wp-content\/uploads\/2020\/02\/Bild-4-S\u00e4tze-verkn\u00fcpfen-denn-weil-2.jpg\" alt=\"\" class=\"wp-image-1384\" width=\"208\" height=\"318\" srcset=\"https:\/\/s-ng.de\/wp-content\/uploads\/2020\/02\/Bild-4-S\u00e4tze-verkn\u00fcpfen-denn-weil-2.jpg 300w, https:\/\/s-ng.de\/wp-content\/uploads\/2020\/02\/Bild-4-S\u00e4tze-verkn\u00fcpfen-denn-weil-2-196x300.jpg 196w\" sizes=\"auto, (max-width: 208px) 100vw, 208px\" \/><figcaption>M 04: AB S\u00e4tze verkn\u00fcpfen mit denn und weil<\/figcaption><\/figure><\/div>\n\n\n\n<p>Zum Schluss findet eine \u00dcbungsprobe unter Probenbedingungen statt, die die Sch\u00fcler*innen anschlie\u00dfend im Rahmen einer Schreibkonferenz selbstst\u00e4ndig \u00fcberarbeiten. Auf diese Weise k\u00f6nnen sie nicht nur voneinander lernen, sondern auch die Kriterien f\u00fcr die Probearbeit kennenlernen und ihr eigenes K\u00f6nnen daraufhin \u00fcberpr\u00fcfen.<\/p>\n\n\n\n<p style=\"color:#030447\" class=\"has-text-color\">Hinweis: Die hier vorgestellten Materialien dienen nur der Veranschaulichung. Ich stelle gern kostenlos alle Materialien in guter Qualit\u00e4t und ohne Wasserzeichen zur Verf\u00fcgung. Wie das geht, erf\u00e4hrst du unter dem Men\u00fcpunkt &#8222;Kontakt\/Kommentare&#8220;.<\/p>\n\n\n\n<figure class=\"wp-block-image\"><img loading=\"lazy\" decoding=\"async\" width=\"765\" height=\"389\" src=\"https:\/\/s-ng.de\/wp-content\/uploads\/2020\/02\/Bild-6-\u00dcbersicht-Material.jpg\" alt=\"\" class=\"wp-image-1369\" srcset=\"https:\/\/s-ng.de\/wp-content\/uploads\/2020\/02\/Bild-6-\u00dcbersicht-Material.jpg 765w, https:\/\/s-ng.de\/wp-content\/uploads\/2020\/02\/Bild-6-\u00dcbersicht-Material-300x153.jpg 300w\" sizes=\"auto, (max-width: 765px) 100vw, 765px\" \/><figcaption>Bild 6: \u00dcbersicht \u00fcber alle Materialien aus der Sequenz<\/figcaption><\/figure>\n<div class=\"pvc_clear\"><\/div><p id=\"pvc_stats_1366\" class=\"pvc_stats all  \" data-element-id=\"1366\" style=\"\"><i class=\"pvc-stats-icon small\" aria-hidden=\"true\"><svg aria-hidden=\"true\" focusable=\"false\" data-prefix=\"far\" data-icon=\"chart-bar\" role=\"img\" xmlns=\"http:\/\/www.w3.org\/2000\/svg\" viewBox=\"0 0 512 512\" class=\"svg-inline--fa fa-chart-bar fa-w-16 fa-2x\"><path fill=\"currentColor\" d=\"M396.8 352h22.4c6.4 0 12.8-6.4 12.8-12.8V108.8c0-6.4-6.4-12.8-12.8-12.8h-22.4c-6.4 0-12.8 6.4-12.8 12.8v230.4c0 6.4 6.4 12.8 12.8 12.8zm-192 0h22.4c6.4 0 12.8-6.4 12.8-12.8V140.8c0-6.4-6.4-12.8-12.8-12.8h-22.4c-6.4 0-12.8 6.4-12.8 12.8v198.4c0 6.4 6.4 12.8 12.8 12.8zm96 0h22.4c6.4 0 12.8-6.4 12.8-12.8V204.8c0-6.4-6.4-12.8-12.8-12.8h-22.4c-6.4 0-12.8 6.4-12.8 12.8v134.4c0 6.4 6.4 12.8 12.8 12.8zM496 400H48V80c0-8.84-7.16-16-16-16H16C7.16 64 0 71.16 0 80v336c0 17.67 14.33 32 32 32h464c8.84 0 16-7.16 16-16v-16c0-8.84-7.16-16-16-16zm-387.2-48h22.4c6.4 0 12.8-6.4 12.8-12.8v-70.4c0-6.4-6.4-12.8-12.8-12.8h-22.4c-6.4 0-12.8 6.4-12.8 12.8v70.4c0 6.4 6.4 12.8 12.8 12.8z\" class=\"\"><\/path><\/svg><\/i> <img loading=\"lazy\" decoding=\"async\" width=\"16\" height=\"16\" alt=\"Loading\" src=\"https:\/\/s-ng.de\/wp-content\/plugins\/page-views-count\/ajax-loader-2x.gif\" border=0 \/><\/p><div class=\"pvc_clear\"><\/div>","protected":false},"excerpt":{"rendered":"<p>Dieses Thema steht bei uns in Bayern in der Mittelschule in der 6. Klasse auf dem Lehrplan. Ich beginne die&hellip;<\/p>\n","protected":false},"author":1,"featured_media":0,"parent":50,"menu_order":7,"comment_status":"closed","ping_status":"closed","template":"","meta":{"footnotes":""},"class_list":["post-1366","page","type-page","status-publish","hentry"],"_links":{"self":[{"href":"https:\/\/s-ng.de\/index.php?rest_route=\/wp\/v2\/pages\/1366","targetHints":{"allow":["GET"]}}],"collection":[{"href":"https:\/\/s-ng.de\/index.php?rest_route=\/wp\/v2\/pages"}],"about":[{"href":"https:\/\/s-ng.de\/index.php?rest_route=\/wp\/v2\/types\/page"}],"author":[{"embeddable":true,"href":"https:\/\/s-ng.de\/index.php?rest_route=\/wp\/v2\/users\/1"}],"replies":[{"embeddable":true,"href":"https:\/\/s-ng.de\/index.php?rest_route=%2Fwp%2Fv2%2Fcomments&post=1366"}],"version-history":[{"count":5,"href":"https:\/\/s-ng.de\/index.php?rest_route=\/wp\/v2\/pages\/1366\/revisions"}],"predecessor-version":[{"id":1391,"href":"https:\/\/s-ng.de\/index.php?rest_route=\/wp\/v2\/pages\/1366\/revisions\/1391"}],"up":[{"embeddable":true,"href":"https:\/\/s-ng.de\/index.php?rest_route=\/wp\/v2\/pages\/50"}],"wp:attachment":[{"href":"https:\/\/s-ng.de\/index.php?rest_route=%2Fwp%2Fv2%2Fmedia&parent=1366"}],"curies":[{"name":"wp","href":"https:\/\/api.w.org\/{rel}","templated":true}]}}