{"id":1409,"date":"2020-02-12T16:09:02","date_gmt":"2020-02-12T15:09:02","guid":{"rendered":"http:\/\/s-ng.de\/?page_id=1409"},"modified":"2020-04-04T18:12:13","modified_gmt":"2020-04-04T16:12:13","slug":"eine-kleine-bitte-an-meine-leserinnen","status":"publish","type":"page","link":"https:\/\/s-ng.de\/?page_id=1409","title":{"rendered":"Eine kleine Bitte an meine Leser*innen"},"content":{"rendered":"\n<div class=\"wp-block-image\"><figure class=\"alignright is-resized\"><img loading=\"lazy\" decoding=\"async\" src=\"https:\/\/s-ng.de\/wp-content\/uploads\/2020\/02\/1-Stern-Herzchen-2.jpg\" alt=\"\" class=\"wp-image-1410\" width=\"244\" height=\"238\"\/><\/figure><\/div>\n\n\n\n<p><strong>Du hast &#8222;Weil du es bist&#8220; und\/oder eine meiner Kurzgeschichten gelesen und sie haben dir richtig gut gefallen? <\/strong><br><strong>Du fragst dich, was du tun kannst, damit noch mehr Leser*innen diese Geschichten f\u00fcr sich entdecken k\u00f6nnen? <\/strong><br><strong>Kannst du \u00fcberhaupt etwas tun?<\/strong><\/p>\n\n\n\n<p>Ja, das kannst du! Sprich \u00fcber das Buch, empfiehl es weiter &#8211; deinen Freunden und in sozialen Netzwerken. Und &#8211; und das ist am effektivsten: Hinterlasse deine Meinung auf Amazon, bei Thalia und\/oder in anderen Onlineshops.<\/p>\n\n\n\n<p>Dich schrecken die langen Rezensionen anderer ab? Du denkst, du kannst (oder m\u00f6chtest) nicht so eine ausf\u00fchrliche und ausgefeilte R\u00fcckmeldung geben? Keine Sorge, das ist auch nicht n\u00f6tig. (Es ist zum Beispiel \u00fcberhaupt nicht erforderlich, die Handlung zusammenzufassen!) Zwei, drei S\u00e4tze, wie dir das Buch gefallen hat und warum, sind schon sehr, sehr wertvoll.<\/p>\n\n\n\n<p>Und warum sind sie so wertvoll?<\/p>\n\n\n\n<p>Zum einen sind sie wertvoll, weil ich mich einfach wahnsinnig dar\u00fcber freue, wenn ich lesen darf, dass mein Buch oder meine Geschichte jemanden gefesselt und ber\u00fchrt hat. Aber sie sind noch aus einem weiteren Grund so wichtig, denn k\u00fcnftige Leser*innen orientieren sich bei ihrer Buchauswahl in hohem Ma\u00dfe auch daran, wie viele Rezensionen ein Buch hat und wie hoch der Sternendurchschnitt ist. Wenn du also bei einem Buch, das dir richtig gut gefallen hat, eine kleine R\u00fcckmeldung als &#8222;Rezension&#8220; samt Sternebewertung hinterl\u00e4sst, tr\u00e4gst du wesentlich dazu bei, dass auch andere sich f\u00fcr dieses Buch entscheiden. Warum das so ist, m\u00f6chte ich im Folgenden noch etwas n\u00e4her ausf\u00fchren:<\/p>\n\n\n\n<p>B\u00fccher von Selfpublishern liegen nicht in den Regalen von Buchl\u00e4den, Superm\u00e4rkten und Kaufh\u00e4usern. Damit Leser*innen auf sie sto\u00dfen und die oft wunderbaren Geschichten lesen, m\u00fcssen sie online gefunden werden, zum Beispiel bei Amazon.de, Thalia.de oder anderen Online-Shops. <\/p>\n\n\n\n<p>Wie werden B\u00fccher wie &#8222;Weil du es bist&#8220; gefunden? Zum Beispiel, weil jemand im Suchen-Feld bestimmte Schlagw\u00f6rter eingibt. Oder weil er oder sie die Bestsellerlisten in seiner Lieblingskategorie durchst\u00f6bert. Oder ein\/e Leser*in st\u00f6\u00dft durch das &#8222;Kunden-kaufen-auch&#8220;-Regal (KKA) oder &#8222;Kunden haben auch angesehen&#8220;-Regal auf das Buch. Dort begegnet er oder sie dann einer Reihe von Buchcovern samt Titel und Autorenname, die mit einer gewissen Wahrscheinlichkeit \u00e4hnlich sind wie das Buch, das er oder sie sich gerade angeschaut (oder das er\/sie gerade gelesen) hat.<\/p>\n\n\n\n<p>In den meisten Online-Shops finden sich dazu noch die gelben Sternchen sowie die Zahl der Rezensionen, die anzeigen, wie oft das Buch bisher rezensiert wurde und welchen Durchschnitt die Bewertungen haben:<\/p>\n\n\n\n<figure class=\"wp-block-image\"><img loading=\"lazy\" decoding=\"async\" width=\"1024\" height=\"614\" src=\"https:\/\/s-ng.de\/wp-content\/uploads\/2020\/02\/KKA-alle-3-1024x614.jpg\" alt=\"\" class=\"wp-image-1393\" srcset=\"https:\/\/s-ng.de\/wp-content\/uploads\/2020\/02\/KKA-alle-3-1024x614.jpg 1024w, https:\/\/s-ng.de\/wp-content\/uploads\/2020\/02\/KKA-alle-3-300x180.jpg 300w, https:\/\/s-ng.de\/wp-content\/uploads\/2020\/02\/KKA-alle-3-768x460.jpg 768w, https:\/\/s-ng.de\/wp-content\/uploads\/2020\/02\/KKA-alle-3.jpg 1335w\" sizes=\"auto, (max-width: 1024px) 100vw, 1024px\" \/><figcaption>Meine B\u00fccher\/Kurzgeschichten im &#8222;Kunden kauften auch&#8220;-Regal eines anderen Buches bei Amazon.<\/figcaption><\/figure>\n\n\n\n<p>Nehmen wir einmal an, eine Leserin sucht nach einem neuen Buch in einer der Listen in einem Online-Shop, beispielsweise in der KKA-Rubrik ihres zuletzt gelesenen Buches. Welchen B\u00fcchern gibt sie wohl eine Chance (das hei\u00dft, bei welchen klickt sie auf das Buch, um es sich n\u00e4her anzuschauen)? <\/p>\n\n\n\n<p>Klar, Cover und Titel m\u00fcssen sie ansprechen &#8211; aber viele Leser*innen orientieren sich auch an den Bewertungen. Denn die geben einen Hinweis auf die Qualit\u00e4t des Buches. Ein Buch mit schlechter Story oder eines, das vor Rechtschreib- und Grammatikfehlern nur so strotzt, wird kaum von 50 oder mehr Rezensent*innen f\u00fcr gut befunden worden sein. Eines mit f\u00fcnf 5-Sterne-Bewertungen <em>k\u00f6nnte <\/em>einfach nur von wohlwollenden Freunden rezensiert worden und in Wirklichkeit von mangelhafter Qualit\u00e4t sein. Und ein schlechter Bewertungsdurchschnitt (&lt;3,5 Sterne) f\u00fchrt meist dazu, dass das Buch gar nicht n\u00e4her angeschaut wird, denn die Vermutung liegt nahe, dass die Qualit\u00e4t des Buches zu w\u00fcnschen \u00fcbrig l\u00e4sst. Ganz anders ein Buch mit hohem Bewertungsdurchschnitt und vielen Rezensionen &#8211; hier nimmt die potenzielle K\u00e4uferin an, dass es sich  um ein qualitativ gutes Buch handelt. Sie wird also auf ihrer Suche nach ihrer n\u00e4chsten Lekt\u00fcre wahrscheinlich dieses Buch anklicken und dann den Klappentext und vielleicht auch einige Rezensionen lesen, um sich zu entscheiden. Die anderen B\u00fccher (die mit den wenigen Rezensionen oder dem geringen Sternedurchschnitt) haben eine viel geringere Chance, \u00fcberhaupt n\u00e4her angeschaut zu werden.<\/p>\n\n\n\n<p>Deshalb ist die gr\u00f6\u00dfte Unterst\u00fctzung, die du einem Autor oder einer Autorin geben kannst, dessen oder deren Geschichte dich begeistert hat: Schreibe eine kurze Lesermeinung, am besten dort, wo du das Buch gekauft hast! Wie jede*r andere Autor*in auch freue ich mich \u00fcber jede einzelne &#8211; und ich lese sie alle!<\/p>\n\n\n\n<p>Danke und viele liebe Gr\u00fc\u00dfe,<br>Sabine Nagel<\/p>\n\n\n\n<p><strong>Weitere interessante\/hilfreiche Artikel zum Thema:<\/strong><br><br><a rel=\"noreferrer noopener\" aria-label=\"Selfpublisher-Bibel-Gastbeitrag: &quot;Die sechs gr\u00f6\u00dften Irrt\u00fcmer \u00fcber Rezensionen&quot; (\u00f6ffnet in neuem Tab)\" href=\"https:\/\/www.selfpublisherbibel.de\/gastbeitrag-die-sechs-groessten-irrtuemer-ueber-rezensionen\/\" target=\"_blank\">Selfpublisher-Bibel-Gastbeitrag: &#8222;Die sechs gr\u00f6\u00dften Irrt\u00fcmer \u00fcber Rezensionen&#8220;<\/a> &#8211; Hier findest du weitere Gr\u00fcnde, warum man rezensieren sollte &#8211; und Tipps, wie man es machen kann.<br><br><a href=\"http:\/\/www.adwilk.de\/warum-ich-dich-um-eine-rezension-bitte\/\">Beitrag von A. D. WiLK auf ihrer Webseite: &#8222;Warum ich dich bitte, Rezensionen f\u00fcr <s>meine <\/s>B\u00fccher zu schreiben&#8220;<\/a> &#8211; Hier findest du einen sehr ausf\u00fchrlichen Text dar\u00fcber, warum Rezensionen so wichtig sind.<\/p>\n\n\n\n<p class=\"has-text-align-right\"><\/p>\n\n\n<p><!--EndFragment--><\/p><div class=\"pvc_clear\"><\/div><p id=\"pvc_stats_1409\" class=\"pvc_stats all  \" data-element-id=\"1409\" style=\"\"><i class=\"pvc-stats-icon small\" aria-hidden=\"true\"><svg aria-hidden=\"true\" focusable=\"false\" data-prefix=\"far\" data-icon=\"chart-bar\" role=\"img\" xmlns=\"http:\/\/www.w3.org\/2000\/svg\" viewBox=\"0 0 512 512\" class=\"svg-inline--fa fa-chart-bar fa-w-16 fa-2x\"><path fill=\"currentColor\" d=\"M396.8 352h22.4c6.4 0 12.8-6.4 12.8-12.8V108.8c0-6.4-6.4-12.8-12.8-12.8h-22.4c-6.4 0-12.8 6.4-12.8 12.8v230.4c0 6.4 6.4 12.8 12.8 12.8zm-192 0h22.4c6.4 0 12.8-6.4 12.8-12.8V140.8c0-6.4-6.4-12.8-12.8-12.8h-22.4c-6.4 0-12.8 6.4-12.8 12.8v198.4c0 6.4 6.4 12.8 12.8 12.8zm96 0h22.4c6.4 0 12.8-6.4 12.8-12.8V204.8c0-6.4-6.4-12.8-12.8-12.8h-22.4c-6.4 0-12.8 6.4-12.8 12.8v134.4c0 6.4 6.4 12.8 12.8 12.8zM496 400H48V80c0-8.84-7.16-16-16-16H16C7.16 64 0 71.16 0 80v336c0 17.67 14.33 32 32 32h464c8.84 0 16-7.16 16-16v-16c0-8.84-7.16-16-16-16zm-387.2-48h22.4c6.4 0 12.8-6.4 12.8-12.8v-70.4c0-6.4-6.4-12.8-12.8-12.8h-22.4c-6.4 0-12.8 6.4-12.8 12.8v70.4c0 6.4 6.4 12.8 12.8 12.8z\" class=\"\"><\/path><\/svg><\/i> <img loading=\"lazy\" decoding=\"async\" width=\"16\" height=\"16\" alt=\"Loading\" src=\"https:\/\/s-ng.de\/wp-content\/plugins\/page-views-count\/ajax-loader-2x.gif\" border=0 \/><\/p><div class=\"pvc_clear\"><\/div>","protected":false},"excerpt":{"rendered":"<p>Du hast &#8222;Weil du es bist&#8220; und\/oder eine meiner Kurzgeschichten gelesen und sie haben dir richtig gut gefallen? Du fragst&hellip;<\/p>\n","protected":false},"author":1,"featured_media":0,"parent":27,"menu_order":5,"comment_status":"closed","ping_status":"closed","template":"","meta":{"footnotes":""},"class_list":["post-1409","page","type-page","status-publish","hentry"],"_links":{"self":[{"href":"https:\/\/s-ng.de\/index.php?rest_route=\/wp\/v2\/pages\/1409","targetHints":{"allow":["GET"]}}],"collection":[{"href":"https:\/\/s-ng.de\/index.php?rest_route=\/wp\/v2\/pages"}],"about":[{"href":"https:\/\/s-ng.de\/index.php?rest_route=\/wp\/v2\/types\/page"}],"author":[{"embeddable":true,"href":"https:\/\/s-ng.de\/index.php?rest_route=\/wp\/v2\/users\/1"}],"replies":[{"embeddable":true,"href":"https:\/\/s-ng.de\/index.php?rest_route=%2Fwp%2Fv2%2Fcomments&post=1409"}],"version-history":[{"count":6,"href":"https:\/\/s-ng.de\/index.php?rest_route=\/wp\/v2\/pages\/1409\/revisions"}],"predecessor-version":[{"id":1737,"href":"https:\/\/s-ng.de\/index.php?rest_route=\/wp\/v2\/pages\/1409\/revisions\/1737"}],"up":[{"embeddable":true,"href":"https:\/\/s-ng.de\/index.php?rest_route=\/wp\/v2\/pages\/27"}],"wp:attachment":[{"href":"https:\/\/s-ng.de\/index.php?rest_route=%2Fwp%2Fv2%2Fmedia&parent=1409"}],"curies":[{"name":"wp","href":"https:\/\/api.w.org\/{rel}","templated":true}]}}