{"id":1470,"date":"2020-03-06T17:06:34","date_gmt":"2020-03-06T16:06:34","guid":{"rendered":"http:\/\/s-ng.de\/?page_id=1470"},"modified":"2020-04-03T16:58:44","modified_gmt":"2020-04-03T14:58:44","slug":"buchbloggerinnen-fredi-und-sascha-auf-youtube","status":"publish","type":"page","link":"https:\/\/s-ng.de\/?page_id=1470","title":{"rendered":"Buchblogger*innen &#8211; Fredi und Sascha auf Youtube &#x1f60d;"},"content":{"rendered":"\n<figure class=\"wp-block-image\"><a href=\"https:\/\/www.youtube.com\/watch?v=gE50Di6hSg8&amp;feature=youtu.be&amp;fbclid=IwAR1jHHzKhcG7cDpn0b6ql8v-am7vyIroodxxNRLfylFdr02eZpZrnfhIKv0\" target=\"_blank\" rel=\"noreferrer noopener\"><img loading=\"lazy\" decoding=\"async\" width=\"1024\" height=\"935\" src=\"https:\/\/s-ng.de\/wp-content\/uploads\/2020\/03\/Nika-1024x935.jpg\" alt=\"Screenshot vom Lesevideo - Nika von Nikas Lesewahnsinn bespricht das Cover, liest die ersten 18 Seiten des Buches und endet mit einer Kurzbesprechung und Buchempfehlung von &quot;Weil du es bist&quot;\" class=\"wp-image-1471\" srcset=\"https:\/\/s-ng.de\/wp-content\/uploads\/2020\/03\/Nika-1024x935.jpg 1024w, https:\/\/s-ng.de\/wp-content\/uploads\/2020\/03\/Nika-300x274.jpg 300w, https:\/\/s-ng.de\/wp-content\/uploads\/2020\/03\/Nika-768x702.jpg 768w\" sizes=\"auto, (max-width: 1024px) 100vw, 1024px\" \/><\/a><figcaption> &#8211; auf das Bild klicken, um das Video anzuschauen &#8211;<\/figcaption><\/figure>\n\n\n\n<p>Buchblogger*innen sind toll. F\u00fcr Leser*innen, weil sie unglaublich viel lesen und ihren Followern B\u00fccher empfehlen. F\u00fcr Autor*innen, weil sie die B\u00fccher vorstellen, rezensieren und dadurch bekannter machen. Ich habe inzwischen schon viele sehr nette Bloggerinnen kennengelernt und bin sehr \u00fcberrascht gewesen, wie viele gleich beim ersten Kontakt zusagten, sich auf die Geschichte von Sascha und Fredi einzulassen, obwohl es das Deb\u00fct einer bis dahin noch vollkommen unbekannten Selfpublisherin war. Und bisher hat allen Bloggerinnen, die &#8222;Weil du es bist&#8220; rezensiert haben, das Buch ausnehmend gut gefallen! Das freut mich nat\u00fcrlich sehr!<\/p>\n\n\n\n<p>Heute m\u00f6chte ich euch Nika von <a rel=\"noreferrer noopener\" aria-label=\"Nikas Lesewahnsinn (\u00f6ffnet in neuem Tab)\" href=\"https:\/\/nikaslesewahnsinn.wordpress.com\/\" target=\"_blank\">Nikas Lesewahnsinn<\/a> vorstellen. F\u00fcr mich ist sie eine ganz besondere Bloggerin, weil sie die erste ist, auf die ich &#8211; noch lange bevor &#8222;Weil du es bist&#8220; ver\u00f6ffentlichungsreif war &#8211; gesto\u00dfen und der ich auf Facebook gefolgt bin. Sie war auch die erste Bloggerin, der ich ein Rezensionsexemplar von &#8222;Weil du es bist&#8220; angeboten habe. Bis es dann soweit war, dass wir wirklich zusammenkamen, hat es ein bisschen gedauert. Aber das macht gar nichts. Gestern (05.03.2020) hat sie einen tollen <a rel=\"noreferrer noopener\" aria-label=\"Buchtag auf Facebook (\u00f6ffnet in neuem Tab)\" href=\"https:\/\/www.facebook.com\/Nikas.Lesewahnsinn\/photos\/a.1444123805692209\/2502638359840743\/?type=3&amp;theater\" target=\"_blank\">Buchtag auf Facebook<\/a> veranstaltet, dessen kr\u00f6nender Abschluss <a href=\"https:\/\/www.facebook.com\/Nikas.Lesewahnsinn\/posts\/2503746003063312?__tn__=K-R\" target=\"_blank\" rel=\"noreferrer noopener\" aria-label=\"ihre Rezension (\u00f6ffnet in neuem Tab)\">ihre Rezension<\/a> und das Lesevideo waren. Sascha und Fredi sind nun also auch auf Youtube unterwegs!<\/p>\n\n\n\n<p>Wenn ihr <a rel=\"noreferrer noopener\" aria-label=\"diesem Link (\u00f6ffnet in neuem Tab)\" href=\"https:\/\/www.youtube.com\/watch?v=gE50Di6hSg8&amp;feature=youtu.be&amp;fbclid=IwAR1jHHzKhcG7cDpn0b6ql8v-am7vyIroodxxNRLfylFdr02eZpZrnfhIKv0\" target=\"_blank\">diesem Link<\/a> folgt (oder oben auf das Bild klickt), bekommt ihr eine tolle Coverbesprechung, anschlie\u00dfend die ersten 18 Seiten des Buches &#8211; wundersch\u00f6n vorgelesen &#8211; und zum Schluss eine wunderbare Kurzbesprechung des Romans samt Leseempfehlung. <\/p>\n\n\n\n<p>Au\u00dfer mit Nika habe ich inzwischen schon mit einigen weiteren Buchbloggerinnen zusammengearbeitet. Ich danke ihnen allen f\u00fcr ihr Engagement, ihre Zeit und ihre wundervollen Worte! Ohne euch h\u00e4tten unbekannte Autor*innen wie ich es viel, viel schwerer, mit ihren B\u00fcchern Sichtbarkeit zu bekommen!<\/p>\n\n\n\n<p><strong>Und dies sind alle Bloggerinnen, die bisher &#8222;Weil du es bist&#8220; rezensiert haben (in chronologischer Reihenfolge):<\/strong><\/p>\n\n\n\n<p>Beate Elisabeth Z. (<a rel=\"noreferrer noopener\" aria-label=\"Leseratte BEA B\u00fccherw\u00fcrmchen (\u00f6ffnet in neuem Tab)\" href=\"https:\/\/www.facebook.com\/BeateElisabethZ\/\" target=\"_blank\">Leseratte BEA B\u00fccherw\u00fcrmchen<\/a>)<br>Dana Dohmeyer (<a rel=\"noreferrer noopener\" aria-label=\"Ohne B\u00fccher - Ohne uns (\u00f6ffnet in neuem Tab)\" href=\"https:\/\/www.facebook.com\/ohnebuecherohneuns\/\" target=\"_blank\">Ohne B\u00fccher &#8211; Ohne uns<\/a>)<br>Nicole Mohr (<a rel=\"noreferrer noopener\" aria-label=\"Hexen und Prinzessinnen (\u00f6ffnet in neuem Tab)\" href=\"https:\/\/hexenundprinzessinnen.de\/\" target=\"_blank\">Hexen und Prinzessinnen<\/a>)<br>Tanja S. (<a rel=\"noreferrer noopener\" aria-label=\"Tanjas Buchgarten (\u00f6ffnet in neuem Tab)\" href=\"https:\/\/www.facebook.com\/TanjasBuchgarten\/\" target=\"_blank\">Tanjas Buchgarten<\/a>)<br>Angela Redl (<a rel=\"noreferrer noopener\" aria-label=\"Angel Crepy B\u00fccherw\u00fcrmchen (\u00f6ffnet in neuem Tab)\" href=\"https:\/\/www.facebook.com\/Angel-Crepy-B%C3%BCcherw%C3%BCrmchen-107109597327491\/\" target=\"_blank\">Angel Crepy B\u00fccherw\u00fcrmchen<\/a>)<br>Manja Teichner (<a rel=\"noreferrer noopener\" aria-label=\"Manjas Buchregal (\u00f6ffnet in neuem Tab)\" href=\"https:\/\/manjasbuchregal.de\/\" target=\"_blank\">Manjas Buchregal<\/a>)<br>Stefanie Brandt (<a rel=\"noreferrer noopener\" aria-label=\"Steffi's Buchecke (\u00f6ffnet in neuem Tab)\" href=\"https:\/\/www.steffis-buchecke.de\/\" target=\"_blank\">Steffi&#8217;s Buchecke<\/a>)<br>Maria (<a rel=\"noreferrer noopener\" aria-label=\"Books, the endless love (\u00f6ffnet in neuem Tab)\" href=\"https:\/\/www.facebook.com\/booksendlesslove\/\" target=\"_blank\">Books, the endless love<\/a>)<br>Nika (<a href=\"https:\/\/nikaslesewahnsinn.wordpress.com\/\" target=\"_blank\" rel=\"noreferrer noopener\" aria-label=\"Nikas Lesewahnsinn (\u00f6ffnet in neuem Tab)\">Nikas Lesewahnsinn<\/a>)<\/p>\n\n\n\n<p class=\"has-text-align-right\"><a href=\"https:\/\/s-ng.de\/?page_id=1628\">Interview &#8222;What&#8217;s your Story&#8220; bei Nikas Lesewahnsinn \u2192 <\/a><\/p>\n\n\n\n<p><a href=\"https:\/\/s-ng.de\/?p=1465\">\u2190 Gewinnspiel mit Fredi und Sascha auf Facebook \u2013 ein Dankesch\u00f6n an meine Leser*innen<\/a><\/p>\n<div class=\"pvc_clear\"><\/div><p id=\"pvc_stats_1470\" class=\"pvc_stats all  \" data-element-id=\"1470\" style=\"\"><i class=\"pvc-stats-icon small\" aria-hidden=\"true\"><svg aria-hidden=\"true\" focusable=\"false\" data-prefix=\"far\" data-icon=\"chart-bar\" role=\"img\" xmlns=\"http:\/\/www.w3.org\/2000\/svg\" viewBox=\"0 0 512 512\" class=\"svg-inline--fa fa-chart-bar fa-w-16 fa-2x\"><path fill=\"currentColor\" d=\"M396.8 352h22.4c6.4 0 12.8-6.4 12.8-12.8V108.8c0-6.4-6.4-12.8-12.8-12.8h-22.4c-6.4 0-12.8 6.4-12.8 12.8v230.4c0 6.4 6.4 12.8 12.8 12.8zm-192 0h22.4c6.4 0 12.8-6.4 12.8-12.8V140.8c0-6.4-6.4-12.8-12.8-12.8h-22.4c-6.4 0-12.8 6.4-12.8 12.8v198.4c0 6.4 6.4 12.8 12.8 12.8zm96 0h22.4c6.4 0 12.8-6.4 12.8-12.8V204.8c0-6.4-6.4-12.8-12.8-12.8h-22.4c-6.4 0-12.8 6.4-12.8 12.8v134.4c0 6.4 6.4 12.8 12.8 12.8zM496 400H48V80c0-8.84-7.16-16-16-16H16C7.16 64 0 71.16 0 80v336c0 17.67 14.33 32 32 32h464c8.84 0 16-7.16 16-16v-16c0-8.84-7.16-16-16-16zm-387.2-48h22.4c6.4 0 12.8-6.4 12.8-12.8v-70.4c0-6.4-6.4-12.8-12.8-12.8h-22.4c-6.4 0-12.8 6.4-12.8 12.8v70.4c0 6.4 6.4 12.8 12.8 12.8z\" class=\"\"><\/path><\/svg><\/i> <img loading=\"lazy\" decoding=\"async\" width=\"16\" height=\"16\" alt=\"Loading\" src=\"https:\/\/s-ng.de\/wp-content\/plugins\/page-views-count\/ajax-loader-2x.gif\" border=0 \/><\/p><div class=\"pvc_clear\"><\/div>","protected":false},"excerpt":{"rendered":"<p>Buchblogger*innen sind toll. F\u00fcr Leser*innen, weil sie unglaublich viel lesen und ihren Followern B\u00fccher empfehlen. F\u00fcr Autor*innen, weil sie die&hellip;<\/p>\n","protected":false},"author":1,"featured_media":0,"parent":1061,"menu_order":4,"comment_status":"open","ping_status":"closed","template":"","meta":{"footnotes":""},"class_list":["post-1470","page","type-page","status-publish","hentry"],"_links":{"self":[{"href":"https:\/\/s-ng.de\/index.php?rest_route=\/wp\/v2\/pages\/1470","targetHints":{"allow":["GET"]}}],"collection":[{"href":"https:\/\/s-ng.de\/index.php?rest_route=\/wp\/v2\/pages"}],"about":[{"href":"https:\/\/s-ng.de\/index.php?rest_route=\/wp\/v2\/types\/page"}],"author":[{"embeddable":true,"href":"https:\/\/s-ng.de\/index.php?rest_route=\/wp\/v2\/users\/1"}],"replies":[{"embeddable":true,"href":"https:\/\/s-ng.de\/index.php?rest_route=%2Fwp%2Fv2%2Fcomments&post=1470"}],"version-history":[{"count":7,"href":"https:\/\/s-ng.de\/index.php?rest_route=\/wp\/v2\/pages\/1470\/revisions"}],"predecessor-version":[{"id":1651,"href":"https:\/\/s-ng.de\/index.php?rest_route=\/wp\/v2\/pages\/1470\/revisions\/1651"}],"up":[{"embeddable":true,"href":"https:\/\/s-ng.de\/index.php?rest_route=\/wp\/v2\/pages\/1061"}],"wp:attachment":[{"href":"https:\/\/s-ng.de\/index.php?rest_route=%2Fwp%2Fv2%2Fmedia&parent=1470"}],"curies":[{"name":"wp","href":"https:\/\/api.w.org\/{rel}","templated":true}]}}