{"id":1577,"date":"2020-03-31T17:13:58","date_gmt":"2020-03-31T16:13:58","guid":{"rendered":"http:\/\/s-ng.de\/?page_id=1577"},"modified":"2020-03-31T17:29:34","modified_gmt":"2020-03-31T16:29:34","slug":"artikel-in-fachzeitschriften","status":"publish","type":"page","link":"https:\/\/s-ng.de\/?page_id=1577","title":{"rendered":"Artikel in Fachzeitschriften"},"content":{"rendered":"\n<p>In der Fachzeitschrift &#8222;F\u00f6rdermagazin &#8211; Individuelle F\u00f6rderung in heterogenen Lersituatuionen&#8220; sind zwei Fachartikel von mir erschienen:<\/p>\n\n\n\n<div class=\"wp-block-image\"><figure class=\"alignright size-large is-resized\"><img loading=\"lazy\" decoding=\"async\" src=\"https:\/\/s-ng.de\/wp-content\/uploads\/2011\/10\/2011-Titelbild-F\u00f6rdermagazin-4-111-e1319206159504.jpg\" alt=\"\" class=\"wp-image-389\" width=\"162\" height=\"231\" srcset=\"https:\/\/s-ng.de\/wp-content\/uploads\/2011\/10\/2011-Titelbild-F\u00f6rdermagazin-4-111-e1319206159504.jpg 520w, https:\/\/s-ng.de\/wp-content\/uploads\/2011\/10\/2011-Titelbild-F\u00f6rdermagazin-4-111-e1319206159504-210x300.jpg 210w\" sizes=\"auto, (max-width: 162px) 100vw, 162px\" \/><\/figure><\/div>\n\n\n\n<p>\u201e<strong>Mit der W\u00f6rterklinik Rechtschreibstrategien verinnerlichen<\/strong>\u201c, erschienen im F\u00f6rdermagazin 04\/2011:<br>Ausf\u00fchrliche Informationen zu der Arbeit mit der W\u00f6rterklinik (mit didaktischem Hintergrund, Erfolgsbedingungen, Kombinationsm\u00f6glichkeiten mit Lehrwerken, Vorteilen der Arbeit mit der W\u00f6rterklinik, \u00dcbersicht \u00fcber Rechtschreibstrategien, Sch\u00fcler\u00e4u\u00dferungen und erkl\u00e4renden Bildern) <br>N\u00e4here Informationen dazu gibt es <a rel=\"noreferrer noopener\" aria-label=\"hier (\u00f6ffnet in neuem Tab)\" href=\"https:\/\/s-ng.de\/?page_id=386\" target=\"_blank\">hier<\/a>.<\/p>\n\n\n\n<div class=\"wp-block-image\"><figure class=\"alignleft size-full is-resized\"><img loading=\"lazy\" decoding=\"async\" src=\"https:\/\/s-ng.de\/wp-content\/uploads\/2011\/12\/F\u00f6M-1-2012-Titel1.jpg\" alt=\"\" class=\"wp-image-702\" width=\"162\" height=\"231\"\/><\/figure><\/div>\n\n\n\n<p>Im Januar 2012 erschien das F\u00f6rdermagazin 1\/2012 \u201eOffene, reflexionsf\u00f6rdernde Arbeitsformen\u201c mit <a href=\"http:\/\/www.oldenbourg-klick.de\/zeitschriften\/foerdermagazin\/2012-1\/reflexion-eigener-lernprozesse\">einem ausf\u00fchrlichen Artikel von mir \u00fcber Wochenplanarbeit und andere reflexionsf\u00f6rdernde Lernformen<\/a>.  Der Artikel hei\u00dft &#8222;<strong>Reflexion eigener Lernprozesse<\/strong>&#8222;. (Der Link f\u00fchrt zum Archiv des Oldenbourg-Verlages mit der M\u00f6glichkeit, den Artikel downzuloaden.) <br>Mehr Informationen dazu gibt es <a rel=\"noreferrer noopener\" aria-label=\"hier (\u00f6ffnet in neuem Tab)\" href=\"https:\/\/s-ng.de\/?p=700\" target=\"_blank\">hier<\/a>.<\/p>\n<div class=\"pvc_clear\"><\/div><p id=\"pvc_stats_1577\" class=\"pvc_stats all  \" data-element-id=\"1577\" style=\"\"><i class=\"pvc-stats-icon small\" aria-hidden=\"true\"><svg aria-hidden=\"true\" focusable=\"false\" data-prefix=\"far\" data-icon=\"chart-bar\" role=\"img\" xmlns=\"http:\/\/www.w3.org\/2000\/svg\" viewBox=\"0 0 512 512\" class=\"svg-inline--fa fa-chart-bar fa-w-16 fa-2x\"><path fill=\"currentColor\" d=\"M396.8 352h22.4c6.4 0 12.8-6.4 12.8-12.8V108.8c0-6.4-6.4-12.8-12.8-12.8h-22.4c-6.4 0-12.8 6.4-12.8 12.8v230.4c0 6.4 6.4 12.8 12.8 12.8zm-192 0h22.4c6.4 0 12.8-6.4 12.8-12.8V140.8c0-6.4-6.4-12.8-12.8-12.8h-22.4c-6.4 0-12.8 6.4-12.8 12.8v198.4c0 6.4 6.4 12.8 12.8 12.8zm96 0h22.4c6.4 0 12.8-6.4 12.8-12.8V204.8c0-6.4-6.4-12.8-12.8-12.8h-22.4c-6.4 0-12.8 6.4-12.8 12.8v134.4c0 6.4 6.4 12.8 12.8 12.8zM496 400H48V80c0-8.84-7.16-16-16-16H16C7.16 64 0 71.16 0 80v336c0 17.67 14.33 32 32 32h464c8.84 0 16-7.16 16-16v-16c0-8.84-7.16-16-16-16zm-387.2-48h22.4c6.4 0 12.8-6.4 12.8-12.8v-70.4c0-6.4-6.4-12.8-12.8-12.8h-22.4c-6.4 0-12.8 6.4-12.8 12.8v70.4c0 6.4 6.4 12.8 12.8 12.8z\" class=\"\"><\/path><\/svg><\/i> <img loading=\"lazy\" decoding=\"async\" width=\"16\" height=\"16\" alt=\"Loading\" src=\"https:\/\/s-ng.de\/wp-content\/plugins\/page-views-count\/ajax-loader-2x.gif\" border=0 \/><\/p><div class=\"pvc_clear\"><\/div>","protected":false},"excerpt":{"rendered":"<p>In der Fachzeitschrift &#8222;F\u00f6rdermagazin &#8211; Individuelle F\u00f6rderung in heterogenen Lersituatuionen&#8220; sind zwei Fachartikel von mir erschienen: \u201eMit der W\u00f6rterklinik Rechtschreibstrategien&hellip;<\/p>\n","protected":false},"author":1,"featured_media":0,"parent":59,"menu_order":2,"comment_status":"closed","ping_status":"closed","template":"","meta":{"footnotes":""},"class_list":["post-1577","page","type-page","status-publish","hentry"],"_links":{"self":[{"href":"https:\/\/s-ng.de\/index.php?rest_route=\/wp\/v2\/pages\/1577","targetHints":{"allow":["GET"]}}],"collection":[{"href":"https:\/\/s-ng.de\/index.php?rest_route=\/wp\/v2\/pages"}],"about":[{"href":"https:\/\/s-ng.de\/index.php?rest_route=\/wp\/v2\/types\/page"}],"author":[{"embeddable":true,"href":"https:\/\/s-ng.de\/index.php?rest_route=\/wp\/v2\/users\/1"}],"replies":[{"embeddable":true,"href":"https:\/\/s-ng.de\/index.php?rest_route=%2Fwp%2Fv2%2Fcomments&post=1577"}],"version-history":[{"count":4,"href":"https:\/\/s-ng.de\/index.php?rest_route=\/wp\/v2\/pages\/1577\/revisions"}],"predecessor-version":[{"id":1584,"href":"https:\/\/s-ng.de\/index.php?rest_route=\/wp\/v2\/pages\/1577\/revisions\/1584"}],"up":[{"embeddable":true,"href":"https:\/\/s-ng.de\/index.php?rest_route=\/wp\/v2\/pages\/59"}],"wp:attachment":[{"href":"https:\/\/s-ng.de\/index.php?rest_route=%2Fwp%2Fv2%2Fmedia&parent=1577"}],"curies":[{"name":"wp","href":"https:\/\/api.w.org\/{rel}","templated":true}]}}