{"id":2,"date":"2011-10-09T12:17:26","date_gmt":"2011-10-09T10:17:26","guid":{"rendered":"http:\/\/brahms:81\/?page_id=2"},"modified":"2022-08-08T11:53:34","modified_gmt":"2022-08-08T09:53:34","slug":"beispiel-seite","status":"publish","type":"page","link":"https:\/\/s-ng.de\/?page_id=2","title":{"rendered":"Lernwege begleiten"},"content":{"rendered":"<p>&#8230; ist wohl der beste Ausdruck f\u00fcr das, was ich t\u00e4glich in der Schule tue. Seit 2002 bin ich Lehrerin. Die ersten f\u00fcnf Jahre nach dem Referendariat arbeitete ich als Grund-, Haupt- und Realschullehrerin in einer Grund-, Haupt- und Realschule im Raum Hannover. Seit 2007 bin ich als Mittelschullehrerin an der <a href=\"http:\/\/www.theo-schoeller-hauptschule.de\/\" target=\"_blank\" rel=\"noopener noreferrer\">Dr.-Theo-<\/a><a href=\"http:\/\/www.theo-schoeller-hauptschule.de\/\" target=\"_blank\" rel=\"noopener noreferrer\">Sch\u00f6ller-Mittelsch<\/a><a href=\"http:\/\/www.theo-schoeller-hauptschule.de\/\" target=\"_blank\" rel=\"noopener noreferrer\">u<\/a><a href=\"http:\/\/www.theo-schoeller-hauptschule.de\/\" target=\"_blank\" rel=\"noopener noreferrer\">le<\/a> in N\u00fcrnberg t\u00e4tig.<\/p>\n<p>Mein Ziel ist es, die mir anvertrauten Sch\u00fclerinnen und Sch\u00fcler zu selbstst\u00e4ndigem, eigenaktiven Lernen sowie zu selbstbewussten, verantwortungsvollen und an ihren Mitmenschen und ihrer Umwelt interessierten Menschen zu erziehen.<\/p>\n<p>Von August 2010 bis Juli 2012 war ich die Ganztagskoordinatorin meiner Schule. (Danach ging ichzwei Jahre lang in Elternzeit. Seitdem arbeite ich mit halber Stundenzahl als &#8222;normale Lehrerin&#8220;.) Das &#8222;Team Ganztags&#8220; und ich gestalteten unter dem Motto &#8222;Mehr Zeit f\u00fcr anderes Lernen&#8220; die <a href=\"http:\/\/www.theo-schoeller-hauptschule.de\/index.php?option=com_content&amp;view=article&amp;id=33&amp;Itemid=64\" target=\"_blank\" rel=\"noopener noreferrer\">Arbeit in unseren Ganztagsklassen<\/a>. Sch\u00fcleraktivierende und individualisiernede Methoden und Unterrichtskonzepte wie <a href=\"https:\/\/s-ng.de\/?page_id=251\">Wochenplan<\/a>, Freiarbeit und die Arbeit mit Kompetenzrastern, das Soziale Lernen, die Zusammenarbeit mit externen Partnern und die vertiefte Berufsorientierung standen dabei im Zentrum.<\/p>\n<p>Im Laufe meiner Berufspraxis entwickelte ich eine Reihe von Lernmaterialien f\u00fcr eigenaktives und selbstst\u00e4ndiges Lernen, die ich gern an Kolleg\/innen weitergebe. Informationen zu Unterrichtskonzepten, Unterrichtseinheiten und Lernmaterialien findest du <a href=\"https:\/\/s-ng.de\/?page_id=50\">hier<\/a>.<\/p>\n<p>Gelegentlich gebe ich Fortbildungen zu den Themen Ganztagsschule und eigenaktives, reflexionsf\u00f6rderndes Lernen.<\/p>\n<p>Au\u00dferdem gibt es von mir bisher drei <a href=\"https:\/\/s-ng.de\/?page_id=59\">Ver\u00f6ffentlichungen<\/a> zu p\u00e4dagogischen Themen.<\/p>\n<div class=\"pvc_clear\"><\/div>\n<p id=\"pvc_stats_2\" class=\"pvc_stats all  \" data-element-id=\"2\" style=\"\"><i class=\"pvc-stats-icon small\" aria-hidden=\"true\"><svg aria-hidden=\"true\" focusable=\"false\" data-prefix=\"far\" data-icon=\"chart-bar\" role=\"img\" xmlns=\"http:\/\/www.w3.org\/2000\/svg\" viewBox=\"0 0 512 512\" class=\"svg-inline--fa fa-chart-bar fa-w-16 fa-2x\"><path fill=\"currentColor\" d=\"M396.8 352h22.4c6.4 0 12.8-6.4 12.8-12.8V108.8c0-6.4-6.4-12.8-12.8-12.8h-22.4c-6.4 0-12.8 6.4-12.8 12.8v230.4c0 6.4 6.4 12.8 12.8 12.8zm-192 0h22.4c6.4 0 12.8-6.4 12.8-12.8V140.8c0-6.4-6.4-12.8-12.8-12.8h-22.4c-6.4 0-12.8 6.4-12.8 12.8v198.4c0 6.4 6.4 12.8 12.8 12.8zm96 0h22.4c6.4 0 12.8-6.4 12.8-12.8V204.8c0-6.4-6.4-12.8-12.8-12.8h-22.4c-6.4 0-12.8 6.4-12.8 12.8v134.4c0 6.4 6.4 12.8 12.8 12.8zM496 400H48V80c0-8.84-7.16-16-16-16H16C7.16 64 0 71.16 0 80v336c0 17.67 14.33 32 32 32h464c8.84 0 16-7.16 16-16v-16c0-8.84-7.16-16-16-16zm-387.2-48h22.4c6.4 0 12.8-6.4 12.8-12.8v-70.4c0-6.4-6.4-12.8-12.8-12.8h-22.4c-6.4 0-12.8 6.4-12.8 12.8v70.4c0 6.4 6.4 12.8 12.8 12.8z\" class=\"\"><\/path><\/svg><\/i> <img loading=\"lazy\" decoding=\"async\" width=\"16\" height=\"16\" alt=\"Loading\" src=\"https:\/\/s-ng.de\/wp-content\/plugins\/page-views-count\/ajax-loader-2x.gif\" border=0 \/><\/p>\n<div class=\"pvc_clear\"><\/div>\n","protected":false},"excerpt":{"rendered":"<p>&#8230; ist wohl der beste Ausdruck f\u00fcr das, was ich t\u00e4glich in der Schule tue. Seit 2002 bin ich Lehrerin.&hellip;<\/p>\n","protected":false},"author":1,"featured_media":0,"parent":0,"menu_order":2,"comment_status":"closed","ping_status":"closed","template":"","meta":{"footnotes":""},"class_list":["post-2","page","type-page","status-publish","hentry"],"_links":{"self":[{"href":"https:\/\/s-ng.de\/index.php?rest_route=\/wp\/v2\/pages\/2","targetHints":{"allow":["GET"]}}],"collection":[{"href":"https:\/\/s-ng.de\/index.php?rest_route=\/wp\/v2\/pages"}],"about":[{"href":"https:\/\/s-ng.de\/index.php?rest_route=\/wp\/v2\/types\/page"}],"author":[{"embeddable":true,"href":"https:\/\/s-ng.de\/index.php?rest_route=\/wp\/v2\/users\/1"}],"replies":[{"embeddable":true,"href":"https:\/\/s-ng.de\/index.php?rest_route=%2Fwp%2Fv2%2Fcomments&post=2"}],"version-history":[{"count":13,"href":"https:\/\/s-ng.de\/index.php?rest_route=\/wp\/v2\/pages\/2\/revisions"}],"predecessor-version":[{"id":2408,"href":"https:\/\/s-ng.de\/index.php?rest_route=\/wp\/v2\/pages\/2\/revisions\/2408"}],"wp:attachment":[{"href":"https:\/\/s-ng.de\/index.php?rest_route=%2Fwp%2Fv2%2Fmedia&parent=2"}],"curies":[{"name":"wp","href":"https:\/\/api.w.org\/{rel}","templated":true}]}}