{"id":2014,"date":"2021-10-06T22:31:05","date_gmt":"2021-10-06T20:31:05","guid":{"rendered":"https:\/\/s-ng.de\/?page_id=2014"},"modified":"2022-08-01T19:01:33","modified_gmt":"2022-08-01T17:01:33","slug":"kurzgeschichte-gipfelstuermer-authorschallenge","status":"publish","type":"page","link":"https:\/\/s-ng.de\/?page_id=2014","title":{"rendered":"Kurzgeschichte &#8222;Gipfelst\u00fcrmer&#8220; &#8211; Authorschallenge"},"content":{"rendered":"\n<p>Im Mai wurde ich von Aliz\u00e9e Korte im Rahmen der #Authorschallenge auf Instagram nominiert, eine Kurzgeschichte zu dem Stichwort &#8222;Zeitlupe&#8220; zu schreiben.<\/p>\n\n\n\n<p>Ich habe die Herausforderung angenommen, auch wenn mir klar war, dass ich die eigentlich geforderten vier Wochen zwischen Nominierung und Erscheinen der Kurzgeschichte nicht ann\u00e4hernd w\u00fcrde einhalten k\u00f6nnen. Aber die von <a rel=\"noreferrer noopener\" aria-label=\"Lima Strysa (\u00f6ffnet in neuem Tab)\" href=\"https:\/\/www.instagram.com\/lima.strysa\/\" target=\"_blank\">Lima Strysa<\/a> ins Leben gerufene Challenge soll ja vor allem Spa\u00df machen.<\/p>\n\n\n\n<p>Die Kurzgeschichte ist inzwischen (Stand Oktober 2021) fertig geschrieben, zweimal testgelesen und zweimal \u00fcberarbeitet. Doch bevor ich an den letzten Feinschliff gehen kann, hat sich die f\u00fcr diesen Herbst geplante Ver\u00f6ffentlichung meines zweiten Romans &#8222;Irgendwie dazwischen oder: Das mit Percy&#8220; dazwischengeschoben. Deshalb liegt die Geschichte vor\u00fcbergehend auf Eis.<\/p>\n\n\n\n<p>Nichtsdestotrotz m\u00f6chte ich hier schon einmal einen kleinen Einblick in die Geschichte geben, die voraussichtlich Anfang 2022 erscheinen wird. Wer ortskundig ist, hat es vielleicht schon auf dem Beitragsbild erkannt: Die Geschichte spielt auf dem Brocken. Und sie ist wieder ein Spin-Off zu meinem Roman &#8222;Weil du es bist&#8220;. &#8222;Gipfelst\u00fcrmer&#8220; hat rund 50 Seiten und ist damit deutlich l\u00e4nger als &#8222;\u00dcber den Berg&#8220; und &#8222;Zur\u00fcck.&#8220;. Die Geschichte wird 5 Tage als E-Book bei Amazon gratis zu erwerben sein und danach 0,99 EUR kosten. Es wird auch wieder ein Heft geben, das man sich ins B\u00fccherregal stellen kann.<\/p>\n\n\n\n<p>EDIT: Die Kurzgeschichte ist inzwischen erschienen.<\/p>\n\n\n\n<p>Seit dem 30.05.2022 gibt es auch <a href=\"https:\/\/s-ng.de\/?p=2330\">einen Trailer<\/a> zum Buch.<\/p>\n\n\n\n<div class=\"wp-block-image\"><figure class=\"alignright size-large is-resized\"><img loading=\"lazy\" decoding=\"async\" src=\"https:\/\/s-ng.de\/wp-content\/uploads\/2021\/10\/Coverentwurf-Gipfelst\u00fcrmer-anderes-blau-ebook-700x1113.jpg\" alt=\"\" class=\"wp-image-2018\" width=\"216\" height=\"343\" srcset=\"https:\/\/s-ng.de\/wp-content\/uploads\/2021\/10\/Coverentwurf-Gipfelst\u00fcrmer-anderes-blau-ebook-700x1113.jpg 700w, https:\/\/s-ng.de\/wp-content\/uploads\/2021\/10\/Coverentwurf-Gipfelst\u00fcrmer-anderes-blau-ebook-189x300.jpg 189w, https:\/\/s-ng.de\/wp-content\/uploads\/2021\/10\/Coverentwurf-Gipfelst\u00fcrmer-anderes-blau-ebook-768x1221.jpg 768w, https:\/\/s-ng.de\/wp-content\/uploads\/2021\/10\/Coverentwurf-Gipfelst\u00fcrmer-anderes-blau-ebook-966x1536.jpg 966w, https:\/\/s-ng.de\/wp-content\/uploads\/2021\/10\/Coverentwurf-Gipfelst\u00fcrmer-anderes-blau-ebook-1288x2048.jpg 1288w, https:\/\/s-ng.de\/wp-content\/uploads\/2021\/10\/Coverentwurf-Gipfelst\u00fcrmer-anderes-blau-ebook.jpg 1584w\" sizes=\"auto, (max-width: 216px) 100vw, 216px\" \/><figcaption>Das Cover ist schon fertig.<\/figcaption><\/figure><\/div>\n\n\n\n<p><strong>Und das ist der Klappentext:<\/strong><\/p>\n\n\n\n<p style=\"color:#1200a3\" class=\"has-text-color\">Schon fr\u00fch brechen Sascha und Markus an diesem Himmelfahrtsmorgen 2012 auf, um auf der Brockenstra\u00dfe Norddeutschlands h\u00f6chsten Berg zu besteigen. Es ist ihre erste gemeinsame Bergtour seit Saschas Unfall \u2013 und zugleich ihre schwierigste. <br>\u201eGipfelst\u00fcrmer\u201c erz\u00e4hlt von Schwei\u00df und Tr\u00e4nen, von einer Liebe, die nicht einfach aufh\u00f6rt,  nur weil man nicht mehr zusammen ist,  von einer bedingungslosen Freundschaft \u2013  und von dieser einen Art Gl\u00fcck,  die einen mit Haut und Haaren erfasst  und eigentlich viel zu gro\u00df ist,  als dass man es aushalten kann.<\/p>\n\n\n\n<h2 class=\"wp-block-heading\"><strong>Leseprobe:<\/strong><\/h2>\n\n\n\n<p style=\"color:#515d96\" class=\"has-text-color has-text-align-right\">&nbsp;\u2013 <em>19. Mai 2012<\/em> \u2013<\/p>\n\n\n\n<p style=\"color:#515d96\" class=\"has-text-color\">Wir sind da. Wahnsinn. Wir\nmachen es wirklich. <em>Ich<\/em> mache es wirklich. Mein Herz klopft wild vor\nAufregung, w\u00e4hrend wir auf den Parkplatz <em>Alte Bobbahn<\/em> einbiegen. Gleich\ngeht es los. F\u00fcnfhundert H\u00f6henmeter bergauf, verteilt auf zehn Kilometer\nStrecke, sie werden mich mehr fordern als alle Touren, die Markus und ich\nfr\u00fcher gemacht haben. <\/p>\n\n\n\n<p style=\"color:#515d96\" class=\"has-text-color\">Der Parkplatz ist noch\nziemlich leer. Wir finden ohne Probleme einen Stellplatz, der es mir\nerm\u00f6glicht, bequem auszusteigen. Das Parkhaus, das \u00fcber mehrere\nBehindertenparkpl\u00e4tze verf\u00fcgt, lag uns strategisch zu ung\u00fcnstig. Zu weit unten,\nzu weit weg vom eigentlichen Beginn unserer Tour. Wir haben das recherchiert.\nWir haben <em>alles<\/em> recherchiert. <\/p>\n\n\n\n<p style=\"color:#515d96\" class=\"has-text-color\">W\u00e4hrend ich meinen Rollstuhl\nzusammenbaue und anschlie\u00dfend vom Auto in ihn \u00fcbersetze, schultert Markus\nseinen gro\u00dfen Tagesrucksack. Darin ist auch mein Zeug. Den Rucksack, den ich\nmir normalerweise \u00fcber die R\u00fcckenlehne h\u00e4nge, habe ich heute nicht mitgenommen.\nEs ist nicht nur eine Frage des Gewichts, sondern auch eine des Schwerpunkts.<\/p>\n\n\n\n<p style=\"color:#515d96\" class=\"has-text-color\">\u201eUnd? Bist du bereit?\u201c\nMarkus schlie\u00dft die Kofferraumt\u00fcr und aktiviert die Zentralverriegelung. Es ist\nmein Auto, aber er steckt sich den Schl\u00fcssel in seine Hosentasche. So haben wir\nes ausgemacht. Ich habe heute nur mich, meine Klamotten und meinen Rolli dabei.\nUnd die Trinkflasche samt Halterung vorne am Rollstuhlrahmen.<\/p>\n\n\n\n<p style=\"color:#515d96\" class=\"has-text-color\">\u201eKlar\u201c, antworte ich. <\/p>\n\n\n\n<p style=\"color:#515d96\" class=\"has-text-color\">Und dann gehen wir los.\nUnsere erste Etappe f\u00fchrt uns durch den oberen Teil des Ortes Schierke, vorbei\nan ein paar Wirtsh\u00e4usern und der Jugendherberge bis zum Nationalparkhaus. Einen\nguten Kilometer und knapp 40 H\u00f6henmeter. Sozusagen zum Warmwerden. <\/p>\n\n\n\n<p style=\"color:#515d96\" class=\"has-text-color\">Das Wetter ist hervorragend\nan diesem Himmelfahrtstag. Die Sonne scheint, es sind jetzt am Morgen vierzehn\nGrad, heute Nachmittag sollen es bis zu f\u00fcnfundzwanzig werden. Regen ist nicht\nangesagt. Bessere Voraussetzungen k\u00f6nnten wir nicht haben. <\/p>\n\n\n\n<p style=\"color:#515d96\" class=\"has-text-color\">So fr\u00fch ist hier kaum\njemand unterwegs. Logisch. Wer zu Fu\u00df von hier aus den Brocken besteigt,\nbraucht daf\u00fcr zwei bis drei Stunden. Markus und ich rechnen mit mindestens sieben.\nDer Mittagessen-Ansturm im Touristensaal oben auf dem Gipfel wird l\u00e4ngst vorbei\nsein, wenn wir kommen.<\/p>\n\n\n\n<p style=\"color:#515d96\" class=\"has-text-color\"><em>Wenn<\/em> wir kommen.<\/p>\n\n\n\n<p style=\"color:#515d96\" class=\"has-text-color\">Vielleicht schaffe ich es\nauch einfach nicht.<\/p>\n\n\n\n<p style=\"color:#515d96\" class=\"has-text-color\">Dass diese M\u00f6glichkeit\nbesteht, ist mir klar. Aber ich werde alles geben. Und Markus wird an meiner\nSeite sein.<\/p>\n\n\n\n<p style=\"color:#515d96\" class=\"has-text-color\">Markus. Mein bester Freund\naus der Schulzeit. Auch er geh\u00f6rte zu denen, die ich nach dem Unfall nicht mehr\nsehen wollte. Niemanden wollte ich mehr sehen. Es erschien mir leichter, mit\nmir selbst und mit der Tatsache, f\u00fcr immer behindert zu sein, klarzukommen, wenn\nich alles Alte hinter mir lasse. Anfangs schien das auch zu funktionieren. Das\nMitleid der Leute ist geringer, wenn sie einen vorher nicht kannten. Sie gehen\nunbefangener mit einem um. Manche jedenfalls. Die, die grunds\u00e4tzlich dazu in\nder Lage sind. Und davon durfte ich inzwischen einige kennenlernen.<\/p>\n\n\n\n<p style=\"color:#515d96\" class=\"has-text-color\">\u201eMensch, Sascha, jetzt\nhaben wir gar kein Foto gemacht\u201c, unterbricht Markus meine Gedanken. \u201eLass uns\ndas noch nachholen.\u201c<\/p>\n\n\n\n<p style=\"color:#515d96\" class=\"has-text-color\">\u201eEin Foto.\u201c Ich mag es\nnoch immer nicht, im Rollstuhl fotografiert zu werden. Auch wenn es inzwischen\neinige wenige Bilder gibt, die okay sind. Das aus dem Berggarten zum Beispiel,\ndas Fredi von mir gemacht hat. Oder das von mir und Markus auf der S\u00fcdbr\u00fccke in\nMainz. \u201eDu willst heute aber keine Fotostory machen, oder?\u201c<\/p>\n\n\n\n<p style=\"color:#515d96\" class=\"has-text-color\">\u201eNein. Keine Sorge. Nur\nein paar Bilder. Zur Dokumentation. Jetzt siehst du noch frisch aus.\u201c Er grinst\nmich frech an.<\/p>\n\n\n\n<p style=\"color:#515d96\" class=\"has-text-color\">\u201eOkay, meinetwegen.\u201c Er macht\ndas heute mit mir und es wird auch f\u00fcr ihn kein Zuckerschlecken sein. Was\nvermutlich eine extreme Besch\u00f6nigung f\u00fcr das ist, was ihn erwartet. Er wird\nschrecklich langsam gehen und wom\u00f6glich zus\u00e4tzlich auch noch meine Launen\naushalten m\u00fcssen. F\u00fcr mich ist diese Aktion eine Herausforderung, von der ich\nnicht wei\u00df, ob ich ihr gewachsen bin, weder k\u00f6rperlich noch emotional. Und er\nwird das alles aushalten m\u00fcssen. Da will ich ihm seinen Wunsch nicht verwehren.\nMarkus liebt das Fotografieren und er ist auch wirklich gut darin. Er hat\nsupercoole Fotob\u00fccher von unseren Touren gemacht. Wenn ich es heute bis zum\nGipfel schaffe, werde ich sie mir mal wieder angucken, zum ersten Mal seit \u00fcber\ndrei Jahren.<\/p>\n\n\n\n<p style=\"color:#515d96\" class=\"has-text-color\">\u201eWir k\u00f6nnten uns vor der\nJugendherberge ablichten. In Erinnerung an alte Zeiten. Okay?\u201c<\/p>\n\n\n\n<p style=\"color:#515d96\" class=\"has-text-color\">\u201eOkay.\u201c Es erf\u00fcllt mich\nmit Stolz, dass ich einfach so \u201eOkay\u201c sagen kann. Vor knapp dreieinhalb Jahren\nhaben Markus, Lilly, Corinna und ich hier Anfang Januar zwei N\u00e4chte in der\nSchierker Jugendherberge \u00fcbernachtet. F\u00fcnf Tage waren wir mit dem Rucksack im Harz\nunterwegs, waren Eislaufen in Braunlage, Schneeschuhwandern und Rodeln auf dem\nWurmberg, und nat\u00fcrlich sind wir auch auf den Brockengipfel gewandert. Es war\ncool. Zwei junge, verliebte P\u00e4rchen voller Tatendrang und voller Leben. <\/p>\n\n\n\n<p style=\"color:#515d96\" class=\"has-text-color\">Zwei Monate sp\u00e4ter hat\nmein Leben eine lange Pause gemacht. <\/p>\n\n\n\n<p style=\"color:#515d96\" class=\"has-text-color\">\u201eDenkst du oft an Lilly?\u201c,\nfrage ich Markus, w\u00e4hrend die Jugendherberge langsam in Sicht kommt. Ich rolle\nrelativ entspannt neben ihm her, die Steigung ist gering und die Stra\u00dfe gut.\nLilly hat nach der Schule eine Ausbildung zur Augenoptikerin gemacht und lebt\njetzt in L\u00fcneburg, sie hat sich irgendwann letztes Jahr von Markus getrennt.<\/p>\n\n\n\n<p style=\"color:#515d96\" class=\"has-text-color\">\u201eAch \u2026\u201c Markus hebt die\nSchultern. \u201eEs hat halt nicht sein sollen. Wir hatten uns eh auseinandergelebt.\nDu hast doch gesehen, auf der Party bei Jan konnten wir normal miteinander\numgehen.\u201c<\/p>\n\n\n\n<p style=\"color:#515d96\" class=\"has-text-color\">Ich sage jetzt lieber\nnicht, dass ich an dem Abend viel zu sehr mit mir selbst besch\u00e4ftigt gewesen\nbin, als dass ich Markus\u2018 und Lillys Umgang miteinander beobachtet h\u00e4tte. <\/p>\n\n\n\n<p style=\"color:#515d96\" class=\"has-text-color\">\u201eDu und Corinna, ihr seid\nja auch ganz gut miteinander klargekommen, oder?\u201c, fragt Markus.<\/p>\n\n\n\n<p style=\"color:#515d96\" class=\"has-text-color\">\u201eWar schon okay.\u201c<\/p>\n\n\n\n<p style=\"color:#515d96\" class=\"has-text-color\">Unsere erste Begegnung nach\ndrei Jahren war zuerst extrem verkrampft. Aber mit der Zeit wurde es besser. Wir\nhaben sogar zusammen getanzt. Aber eigentlich habe ich dabei die meiste Zeit an\nFredi gedacht. <\/p>\n\n\n\n<p style=\"color:#515d96\" class=\"has-text-color\">Wir kommen an der\nJugendherberge an. Markus nimmt seinen Rucksack ab und holt seine Kamera raus.<\/p>\n\n\n\n<p style=\"color:#515d96\" class=\"has-text-color\">\u201eSag jetzt nicht, du\nschleppst auch noch das Stativ mit dir rum\u201c, sage ich, als er anf\u00e4ngt, sein kleines\nTeleskopstativ auszuziehen.<\/p>\n\n\n\n<p style=\"color:#515d96\" class=\"has-text-color\">\u201eAch, das wiegt doch\nnichts. Bei deinen Unmengen von Sportschorleflaschen ist das bisschen an\nGewicht wirklich zu vernachl\u00e4ssigen.\u201c<\/p>\n\n\n\n<p style=\"color:#515d96\" class=\"has-text-color\">\u201eWarte nur, bis ich fast\noben bin und alle Flaschen ausgetrunken habe\u201c, entgegne ich grinsend. \u201eDann\nmacht es einen deutlich gr\u00f6\u00dferen prozentualen Anteil am Gesamtgewicht aus.\u201c<\/p>\n\n\n\n<p style=\"color:#515d96\" class=\"has-text-color\">\u201eH\u00f6rt, h\u00f6rt, der\nMathematiker spricht!\u201c Markus grinst zur\u00fcck. Sein Stativ hat uns schon auf\nvielen Wanderungen begleitet, und manchmal hat er es wegen des zus\u00e4tzlichen\nGewichts verflucht. Aber nichtsdestotrotz nahm er es bei jeder Tour wieder mit.\nDie Kamera l\u00e4sst sich damit auf knapp einem Meter H\u00f6he aufstellen. Markus\nbereitet alles vor, stellt seine Kompaktkamera auf Selbstausl\u00f6ser, rennt zu mir\nr\u00fcber, hockt sich neben mich, wir legen die Arme umeinander, und dann l\u00e4cheln\nwir in die Kamera. Fast wie fr\u00fcher.<\/p>\n\n\n\n<p style=\"color:#515d96\" class=\"has-text-color\">Nachdem Markus den\nFotoapparat vom Stativ abgeschraubt hat, gibt er ihn mir, w\u00e4hrend er die\nTeleskopbeine wieder zusammenschiebt. Ich betrachte das Bild auf dem kleinen\nDisplay. Es unterscheidet sich von den meisten neueren Fotos, die es von mir\ngibt. Meistens werde ich von schr\u00e4g oben aufgenommen. Dieses Bild zeigt uns\neher von unten. <\/p>\n\n\n\n<p style=\"color:#515d96\" class=\"has-text-color\">\u201eDu l\u00e4chelst\u201c, stellt\nMarkus fest. <\/p>\n\n\n\n<p style=\"color:#515d96\" class=\"has-text-color\">\u201eJa. Es gef\u00e4llt mir.\u201c<\/p>\n\n\n\n<p style=\"color:#515d96\" class=\"has-text-color\">Es gef\u00e4llt mir wirklich,\nund es macht mir gerade auch gar nichts aus, dass Markus das merkt und dass ich\nmir sicher bin, dass er extra langsam das Stativ einpackt, um mir noch etwas\nZeit mit dem Foto auf dem Kameradisplay zu geben. Der Rollstuhl ist nicht zu\n\u00fcbersehen, ja, aber \u2026 ich gefalle mir. Markus und ich sehen fr\u00f6hlich aus. Sportlich.\nEnergiegeladen. Wir tragen die gleichen Funktionsklamotten wie fr\u00fcher. Sie\nstehen mir, immer noch. Es f\u00fchlt sich gut an, dass sie jetzt wieder echte\nVerwendung finden. <\/p>\n\n\n\n<p style=\"color:#515d96\" class=\"has-text-color\">\u201eDie Kamera.\u201c Markus steht\nneben mir und streckt die Hand aus. \u201eWir sollten jetzt mal weiter. Sonst sind\nwir nachts noch unterwegs.\u201c <\/p>\n\n\n\n<p style=\"color:#515d96\" class=\"has-text-color\">Erschrocken sehe ich zu\nihm auf. Wie lange steht er schon da? Er grinst, w\u00e4hrend er die Kamera\nentgegennimmt. Oder vielleicht ist es auch ein L\u00e4cheln.<\/p>\n\n\n\n<p><em>Ende der Leseprobe.<\/em><\/p>\n\n\n\n<h2 class=\"wp-block-heading\">Leser*innenstimmen<\/h2>\n\n\n\n<p>Ich danke allen Leser*innen, die &#8222;Gipfelst\u00fcrmer&#8220; bisher gelesen haben und mir in irgendeiner Weise Feedback haben zukommen lassen. Es ist immer wieder ein riesengro\u00dfes Geschenk, erfahren zu d\u00fcrfen, wie Leser*innen meine Geschichten und Romane erleben &#8211; dass sie genauso ber\u00fchrt und gefesselt sind wie ich beim Schreiben.<\/p>\n\n\n\n<p>Einige Ausschnitte aus ausgew\u00e4hlten Rezensionen habe ich <a href=\"https:\/\/s-ng.de\/?p=2280\">hier in diesem Artikel<\/a> zusammengestellt.<\/p>\n<div class=\"pvc_clear\"><\/div><p id=\"pvc_stats_2014\" class=\"pvc_stats all  \" data-element-id=\"2014\" style=\"\"><i class=\"pvc-stats-icon small\" aria-hidden=\"true\"><svg aria-hidden=\"true\" focusable=\"false\" data-prefix=\"far\" data-icon=\"chart-bar\" role=\"img\" xmlns=\"http:\/\/www.w3.org\/2000\/svg\" viewBox=\"0 0 512 512\" class=\"svg-inline--fa fa-chart-bar fa-w-16 fa-2x\"><path fill=\"currentColor\" d=\"M396.8 352h22.4c6.4 0 12.8-6.4 12.8-12.8V108.8c0-6.4-6.4-12.8-12.8-12.8h-22.4c-6.4 0-12.8 6.4-12.8 12.8v230.4c0 6.4 6.4 12.8 12.8 12.8zm-192 0h22.4c6.4 0 12.8-6.4 12.8-12.8V140.8c0-6.4-6.4-12.8-12.8-12.8h-22.4c-6.4 0-12.8 6.4-12.8 12.8v198.4c0 6.4 6.4 12.8 12.8 12.8zm96 0h22.4c6.4 0 12.8-6.4 12.8-12.8V204.8c0-6.4-6.4-12.8-12.8-12.8h-22.4c-6.4 0-12.8 6.4-12.8 12.8v134.4c0 6.4 6.4 12.8 12.8 12.8zM496 400H48V80c0-8.84-7.16-16-16-16H16C7.16 64 0 71.16 0 80v336c0 17.67 14.33 32 32 32h464c8.84 0 16-7.16 16-16v-16c0-8.84-7.16-16-16-16zm-387.2-48h22.4c6.4 0 12.8-6.4 12.8-12.8v-70.4c0-6.4-6.4-12.8-12.8-12.8h-22.4c-6.4 0-12.8 6.4-12.8 12.8v70.4c0 6.4 6.4 12.8 12.8 12.8z\" class=\"\"><\/path><\/svg><\/i> <img loading=\"lazy\" decoding=\"async\" width=\"16\" height=\"16\" alt=\"Loading\" src=\"https:\/\/s-ng.de\/wp-content\/plugins\/page-views-count\/ajax-loader-2x.gif\" border=0 \/><\/p><div class=\"pvc_clear\"><\/div>","protected":false},"excerpt":{"rendered":"<p>Im Mai wurde ich von Aliz\u00e9e Korte im Rahmen der #Authorschallenge auf Instagram nominiert, eine Kurzgeschichte zu dem Stichwort &#8222;Zeitlupe&#8220;&hellip;<\/p>\n","protected":false},"author":1,"featured_media":2015,"parent":27,"menu_order":5,"comment_status":"closed","ping_status":"closed","template":"","meta":{"footnotes":""},"class_list":["post-2014","page","type-page","status-publish","has-post-thumbnail","hentry"],"_links":{"self":[{"href":"https:\/\/s-ng.de\/index.php?rest_route=\/wp\/v2\/pages\/2014","targetHints":{"allow":["GET"]}}],"collection":[{"href":"https:\/\/s-ng.de\/index.php?rest_route=\/wp\/v2\/pages"}],"about":[{"href":"https:\/\/s-ng.de\/index.php?rest_route=\/wp\/v2\/types\/page"}],"author":[{"embeddable":true,"href":"https:\/\/s-ng.de\/index.php?rest_route=\/wp\/v2\/users\/1"}],"replies":[{"embeddable":true,"href":"https:\/\/s-ng.de\/index.php?rest_route=%2Fwp%2Fv2%2Fcomments&post=2014"}],"version-history":[{"count":11,"href":"https:\/\/s-ng.de\/index.php?rest_route=\/wp\/v2\/pages\/2014\/revisions"}],"predecessor-version":[{"id":2335,"href":"https:\/\/s-ng.de\/index.php?rest_route=\/wp\/v2\/pages\/2014\/revisions\/2335"}],"up":[{"embeddable":true,"href":"https:\/\/s-ng.de\/index.php?rest_route=\/wp\/v2\/pages\/27"}],"wp:featuredmedia":[{"embeddable":true,"href":"https:\/\/s-ng.de\/index.php?rest_route=\/wp\/v2\/media\/2015"}],"wp:attachment":[{"href":"https:\/\/s-ng.de\/index.php?rest_route=%2Fwp%2Fv2%2Fmedia&parent=2014"}],"curies":[{"name":"wp","href":"https:\/\/api.w.org\/{rel}","templated":true}]}}