{"id":2070,"date":"2021-11-14T18:21:38","date_gmt":"2021-11-14T17:21:38","guid":{"rendered":"https:\/\/s-ng.de\/?page_id=2070"},"modified":"2021-11-14T18:21:39","modified_gmt":"2021-11-14T17:21:39","slug":"xxl-leseprobe-von-irgendwie-dazwischen-oder-das-mit-percy","status":"publish","type":"page","link":"https:\/\/s-ng.de\/?page_id=2070","title":{"rendered":"XXL-Leseprobe von &#8222;Irgendwie dazwischen oder: Das mit Percy&#8220;"},"content":{"rendered":"\n<p> Du m\u00f6chtest einmal in die Geschichte von Manu und Percy hineinlesen? Das ist ganz einfach. Klicke auf das Vorschaubild oder <a rel=\"noreferrer noopener\" aria-label=\"hier (\u00f6ffnet in neuem Tab)\" href=\"https:\/\/www.amazon.de\/Irgendwie-dazwischen-oder-Das-Percy\/dp\/3754373501\/ref=tmm_pap_swatch_0?_encoding=UTF8&amp;qid=&amp;sr=&amp;asin=3754373501&amp;revisionId=&amp;format=4&amp;depth=1\" target=\"_blank\">hier<\/a>, dann gelangst du zur kostenlosen Leseprobe bei Amazon. Dort kannst du die ersten 13 Prozent des Romans online lesen. Ich w\u00fcnsche dir eine ber\u00fchrende und fesselnde Lesezeit mit Manu und Percy! <\/p>\n\n\n\n<figure class=\"wp-block-image alignwide size-large\"><a href=\"https:\/\/www.amazon.de\/Irgendwie-dazwischen-oder-Das-Percy\/dp\/3754373501\/ref=tmm_pap_swatch_0?_encoding=UTF8&amp;qid=&amp;sr=&amp;asin=3754373501&amp;revisionId=&amp;format=4&amp;depth=1\" target=\"_blank\" rel=\"noreferrer noopener\"><img loading=\"lazy\" decoding=\"async\" width=\"700\" height=\"522\" src=\"https:\/\/s-ng.de\/wp-content\/uploads\/2021\/11\/LP-ID-700x522.jpg\" alt=\"\" class=\"wp-image-2072\" srcset=\"https:\/\/s-ng.de\/wp-content\/uploads\/2021\/11\/LP-ID-700x522.jpg 700w, https:\/\/s-ng.de\/wp-content\/uploads\/2021\/11\/LP-ID-300x224.jpg 300w, https:\/\/s-ng.de\/wp-content\/uploads\/2021\/11\/LP-ID-768x572.jpg 768w, https:\/\/s-ng.de\/wp-content\/uploads\/2021\/11\/LP-ID.jpg 1351w\" sizes=\"auto, (max-width: 700px) 100vw, 700px\" \/><\/a><\/figure>\n\n\n\n<p> <em>Hinweis<\/em>:<br>Der  Text ist das geistige Eigentum von Sabine Nagel, 90562 Heroldsberg, und  unterliegt dem deutschen Urheberrecht. Ein Vervielf\u00e4ltigen der  Leseprobe und die Weitergabe an Dritte ist nur in ausdr\u00fccklichem  Einvernehmen mit der Autorin gestattet. Gern kannst du \u00fcber das <a href=\"https:\/\/s-ng.de\/?page_id=63\">Kontaktformular<\/a> Kontakt aufnehmen.  <\/p>\n<div class=\"pvc_clear\"><\/div><p id=\"pvc_stats_2070\" class=\"pvc_stats all  \" data-element-id=\"2070\" style=\"\"><i class=\"pvc-stats-icon small\" aria-hidden=\"true\"><svg aria-hidden=\"true\" focusable=\"false\" data-prefix=\"far\" data-icon=\"chart-bar\" role=\"img\" xmlns=\"http:\/\/www.w3.org\/2000\/svg\" viewBox=\"0 0 512 512\" class=\"svg-inline--fa fa-chart-bar fa-w-16 fa-2x\"><path fill=\"currentColor\" d=\"M396.8 352h22.4c6.4 0 12.8-6.4 12.8-12.8V108.8c0-6.4-6.4-12.8-12.8-12.8h-22.4c-6.4 0-12.8 6.4-12.8 12.8v230.4c0 6.4 6.4 12.8 12.8 12.8zm-192 0h22.4c6.4 0 12.8-6.4 12.8-12.8V140.8c0-6.4-6.4-12.8-12.8-12.8h-22.4c-6.4 0-12.8 6.4-12.8 12.8v198.4c0 6.4 6.4 12.8 12.8 12.8zm96 0h22.4c6.4 0 12.8-6.4 12.8-12.8V204.8c0-6.4-6.4-12.8-12.8-12.8h-22.4c-6.4 0-12.8 6.4-12.8 12.8v134.4c0 6.4 6.4 12.8 12.8 12.8zM496 400H48V80c0-8.84-7.16-16-16-16H16C7.16 64 0 71.16 0 80v336c0 17.67 14.33 32 32 32h464c8.84 0 16-7.16 16-16v-16c0-8.84-7.16-16-16-16zm-387.2-48h22.4c6.4 0 12.8-6.4 12.8-12.8v-70.4c0-6.4-6.4-12.8-12.8-12.8h-22.4c-6.4 0-12.8 6.4-12.8 12.8v70.4c0 6.4 6.4 12.8 12.8 12.8z\" class=\"\"><\/path><\/svg><\/i> <img loading=\"lazy\" decoding=\"async\" width=\"16\" height=\"16\" alt=\"Loading\" src=\"https:\/\/s-ng.de\/wp-content\/plugins\/page-views-count\/ajax-loader-2x.gif\" border=0 \/><\/p><div class=\"pvc_clear\"><\/div>","protected":false},"excerpt":{"rendered":"<p>Du m\u00f6chtest einmal in die Geschichte von Manu und Percy hineinlesen? Das ist ganz einfach. Klicke auf das Vorschaubild oder&hellip;<\/p>\n","protected":false},"author":1,"featured_media":0,"parent":1016,"menu_order":1,"comment_status":"open","ping_status":"closed","template":"","meta":{"footnotes":""},"class_list":["post-2070","page","type-page","status-publish","hentry"],"_links":{"self":[{"href":"https:\/\/s-ng.de\/index.php?rest_route=\/wp\/v2\/pages\/2070","targetHints":{"allow":["GET"]}}],"collection":[{"href":"https:\/\/s-ng.de\/index.php?rest_route=\/wp\/v2\/pages"}],"about":[{"href":"https:\/\/s-ng.de\/index.php?rest_route=\/wp\/v2\/types\/page"}],"author":[{"embeddable":true,"href":"https:\/\/s-ng.de\/index.php?rest_route=\/wp\/v2\/users\/1"}],"replies":[{"embeddable":true,"href":"https:\/\/s-ng.de\/index.php?rest_route=%2Fwp%2Fv2%2Fcomments&post=2070"}],"version-history":[{"count":1,"href":"https:\/\/s-ng.de\/index.php?rest_route=\/wp\/v2\/pages\/2070\/revisions"}],"predecessor-version":[{"id":2073,"href":"https:\/\/s-ng.de\/index.php?rest_route=\/wp\/v2\/pages\/2070\/revisions\/2073"}],"up":[{"embeddable":true,"href":"https:\/\/s-ng.de\/index.php?rest_route=\/wp\/v2\/pages\/1016"}],"wp:attachment":[{"href":"https:\/\/s-ng.de\/index.php?rest_route=%2Fwp%2Fv2%2Fmedia&parent=2070"}],"curies":[{"name":"wp","href":"https:\/\/api.w.org\/{rel}","templated":true}]}}