{"id":2134,"date":"2021-12-30T18:52:12","date_gmt":"2021-12-30T17:52:12","guid":{"rendered":"https:\/\/s-ng.de\/?page_id=2134"},"modified":"2022-01-09T16:35:13","modified_gmt":"2022-01-09T15:35:13","slug":"informationen-fuer-buchhaendlerinnen","status":"publish","type":"page","link":"https:\/\/s-ng.de\/?page_id=2134","title":{"rendered":"Informationen f\u00fcr Buchh\u00e4ndler*innen"},"content":{"rendered":"\n<div class=\"wp-block-image\"><figure class=\"alignright size-large is-resized\"><img loading=\"lazy\" decoding=\"async\" src=\"https:\/\/s-ng.de\/wp-content\/uploads\/2022\/01\/20211231_064853a-700x1420.jpg\" alt=\"\" class=\"wp-image-2147\" width=\"181\" height=\"366\" srcset=\"https:\/\/s-ng.de\/wp-content\/uploads\/2022\/01\/20211231_064853a-700x1420.jpg 700w, https:\/\/s-ng.de\/wp-content\/uploads\/2022\/01\/20211231_064853a-148x300.jpg 148w, https:\/\/s-ng.de\/wp-content\/uploads\/2022\/01\/20211231_064853a-768x1558.jpg 768w, https:\/\/s-ng.de\/wp-content\/uploads\/2022\/01\/20211231_064853a-757x1536.jpg 757w, https:\/\/s-ng.de\/wp-content\/uploads\/2022\/01\/20211231_064853a-1010x2048.jpg 1010w, https:\/\/s-ng.de\/wp-content\/uploads\/2022\/01\/20211231_064853a.jpg 1259w\" sizes=\"auto, (max-width: 181px) 100vw, 181px\" \/><figcaption>Mein aktueller Roman in der <a href=\"https:\/\/www.thalia.de\/shop\/home\/filialen\/showDetails\/5811\/\">Buchhandlung Thalia Hameln<\/a> mit Buchh\u00e4ndlerinnen-Empfehlung von Petra Bunte.<\/figcaption><\/figure><\/div>\n\n\n\n<p>Liebe Buchh\u00e4ndlerinnen und Buchh\u00e4ndler,<br>ich freue mich sehr, dass Sie \u00fcberlegen, eines oder mehrere meiner B\u00fccher in Ihr Sortiment \u00fcbernehmen. F\u00fcr mich als Autorin bedeutet das nicht nur eine enorme Wertsch\u00e4tzung meiner B\u00fccher, sondern auch die M\u00f6glichkeit, neue Leserinnen und Leser zu finden. Als Selfpublisherin habe ich mich bewusst f\u00fcr BoD (Books on Demand GmbH in Norderstedt) entschieden, da dieser Anbieter die bei ihm publizierten Titel bei allen wichtigen Barsortimentern und im VLB listet, sodass meine B\u00fccher \u00fcberall im Buchhandel ganz normal mit Buchhandelsrabatt bestellt werden k\u00f6nnen. Au\u00dferdem sind sie \u00fcber die meisten Barsortimenter vollst\u00e4ndig remittierbar. Einige meiner B\u00fccher sind bei einigen der Gro\u00dfh\u00e4ndler zurzeit auf Lager und k\u00f6nnen daher zum n\u00e4chsten Werktag geliefert werden. <\/p>\n\n\n\n<p>Sie m\u00f6chten das Buch erst probelesen, bevor Sie sich entscheiden? \u00dcber <em>buchhandel[at]bod.de<\/em>  k\u00f6nnen Sie ein Gratisleseexemplar anfordern. Oder Sie schreiben mir eine Mail an <em>info[at]s-ng.de<\/em>. Ich sende Ihnen gerne ein kostenloses Pr\u00fcfexemplar als EPUB-Datei zu. <\/p>\n\n\n\n<p>Gerne lasse ich Ihnen auch weitere Informationen \u00fcber meine B\u00fccher und mich zukommen.<\/p>\n\n\n\n<p>Ich freue mich auf Ihre Nachricht!<\/p>\n\n\n\n<p>Herzliche Gr\u00fc\u00dfe,<br>Sabine Nagel<\/p>\n\n\n\n<figure class=\"wp-block-image alignwide size-large\"><img loading=\"lazy\" decoding=\"async\" width=\"700\" height=\"356\" src=\"https:\/\/s-ng.de\/wp-content\/uploads\/2022\/01\/20211231_064954a-700x356.jpg\" alt=\"\" class=\"wp-image-2150\" srcset=\"https:\/\/s-ng.de\/wp-content\/uploads\/2022\/01\/20211231_064954a-700x356.jpg 700w, https:\/\/s-ng.de\/wp-content\/uploads\/2022\/01\/20211231_064954a-300x153.jpg 300w, https:\/\/s-ng.de\/wp-content\/uploads\/2022\/01\/20211231_064954a-768x391.jpg 768w, https:\/\/s-ng.de\/wp-content\/uploads\/2022\/01\/20211231_064954a-1536x782.jpg 1536w, https:\/\/s-ng.de\/wp-content\/uploads\/2022\/01\/20211231_064954a-2048x1042.jpg 2048w, https:\/\/s-ng.de\/wp-content\/uploads\/2022\/01\/20211231_064954a-1600x814.jpg 1600w\" sizes=\"auto, (max-width: 700px) 100vw, 700px\" \/><\/figure>\n<div class=\"pvc_clear\"><\/div><p id=\"pvc_stats_2134\" class=\"pvc_stats all  \" data-element-id=\"2134\" style=\"\"><i class=\"pvc-stats-icon small\" aria-hidden=\"true\"><svg aria-hidden=\"true\" focusable=\"false\" data-prefix=\"far\" data-icon=\"chart-bar\" role=\"img\" xmlns=\"http:\/\/www.w3.org\/2000\/svg\" viewBox=\"0 0 512 512\" class=\"svg-inline--fa fa-chart-bar fa-w-16 fa-2x\"><path fill=\"currentColor\" d=\"M396.8 352h22.4c6.4 0 12.8-6.4 12.8-12.8V108.8c0-6.4-6.4-12.8-12.8-12.8h-22.4c-6.4 0-12.8 6.4-12.8 12.8v230.4c0 6.4 6.4 12.8 12.8 12.8zm-192 0h22.4c6.4 0 12.8-6.4 12.8-12.8V140.8c0-6.4-6.4-12.8-12.8-12.8h-22.4c-6.4 0-12.8 6.4-12.8 12.8v198.4c0 6.4 6.4 12.8 12.8 12.8zm96 0h22.4c6.4 0 12.8-6.4 12.8-12.8V204.8c0-6.4-6.4-12.8-12.8-12.8h-22.4c-6.4 0-12.8 6.4-12.8 12.8v134.4c0 6.4 6.4 12.8 12.8 12.8zM496 400H48V80c0-8.84-7.16-16-16-16H16C7.16 64 0 71.16 0 80v336c0 17.67 14.33 32 32 32h464c8.84 0 16-7.16 16-16v-16c0-8.84-7.16-16-16-16zm-387.2-48h22.4c6.4 0 12.8-6.4 12.8-12.8v-70.4c0-6.4-6.4-12.8-12.8-12.8h-22.4c-6.4 0-12.8 6.4-12.8 12.8v70.4c0 6.4 6.4 12.8 12.8 12.8z\" class=\"\"><\/path><\/svg><\/i> <img loading=\"lazy\" decoding=\"async\" width=\"16\" height=\"16\" alt=\"Loading\" src=\"https:\/\/s-ng.de\/wp-content\/plugins\/page-views-count\/ajax-loader-2x.gif\" border=0 \/><\/p><div class=\"pvc_clear\"><\/div>","protected":false},"excerpt":{"rendered":"<p>Liebe Buchh\u00e4ndlerinnen und Buchh\u00e4ndler,ich freue mich sehr, dass Sie \u00fcberlegen, eines oder mehrere meiner B\u00fccher in Ihr Sortiment \u00fcbernehmen. F\u00fcr&hellip;<\/p>\n","protected":false},"author":1,"featured_media":2145,"parent":27,"menu_order":8,"comment_status":"closed","ping_status":"closed","template":"","meta":{"footnotes":""},"class_list":["post-2134","page","type-page","status-publish","has-post-thumbnail","hentry"],"_links":{"self":[{"href":"https:\/\/s-ng.de\/index.php?rest_route=\/wp\/v2\/pages\/2134","targetHints":{"allow":["GET"]}}],"collection":[{"href":"https:\/\/s-ng.de\/index.php?rest_route=\/wp\/v2\/pages"}],"about":[{"href":"https:\/\/s-ng.de\/index.php?rest_route=\/wp\/v2\/types\/page"}],"author":[{"embeddable":true,"href":"https:\/\/s-ng.de\/index.php?rest_route=\/wp\/v2\/users\/1"}],"replies":[{"embeddable":true,"href":"https:\/\/s-ng.de\/index.php?rest_route=%2Fwp%2Fv2%2Fcomments&post=2134"}],"version-history":[{"count":17,"href":"https:\/\/s-ng.de\/index.php?rest_route=\/wp\/v2\/pages\/2134\/revisions"}],"predecessor-version":[{"id":2160,"href":"https:\/\/s-ng.de\/index.php?rest_route=\/wp\/v2\/pages\/2134\/revisions\/2160"}],"up":[{"embeddable":true,"href":"https:\/\/s-ng.de\/index.php?rest_route=\/wp\/v2\/pages\/27"}],"wp:featuredmedia":[{"embeddable":true,"href":"https:\/\/s-ng.de\/index.php?rest_route=\/wp\/v2\/media\/2145"}],"wp:attachment":[{"href":"https:\/\/s-ng.de\/index.php?rest_route=%2Fwp%2Fv2%2Fmedia&parent=2134"}],"curies":[{"name":"wp","href":"https:\/\/api.w.org\/{rel}","templated":true}]}}