{"id":2205,"date":"2022-04-10T18:15:18","date_gmt":"2022-04-10T16:15:18","guid":{"rendered":"https:\/\/s-ng.de\/?page_id=2205"},"modified":"2022-04-11T12:19:35","modified_gmt":"2022-04-11T10:19:35","slug":"haeufig-gestellte-fragen","status":"publish","type":"page","link":"https:\/\/s-ng.de\/?page_id=2205","title":{"rendered":"H\u00e4ufig gestellte Fragen"},"content":{"rendered":"\n<p>Ich freue mich immer sehr, wenn Leser*innen Kontakt mit mir aufnehmen und mich an ihren Leseeindr\u00fccken teilhaben lassen. Manchmal entsteht daraus ein l\u00e4ngerer Austausch, bei dem Leser*innen auch Fragen stellen. Einige dieser Fragen die h\u00e4ufiger vorkamen und -kommen, und meine Antworten darauf m\u00f6chte ich hier mit allen Besucher*innen meiner Webseite teilen:<\/p>\n\n\n\n<p><strong><em>Wie kam es zur Entstehung dieses Buches? Wie bist du ausgerechnet auf diese Themen gekommen?<\/em><\/strong><\/p>\n\n\n\n<p>Wie ich schon in der Vorbemerkung im Buch erw\u00e4hne, entstand die Idee zu &#8222;Irgendwie dazwischen&#8220; auch aufgrund realer Schicksale. Menschen wie Manu und Percy gibt es. Die Figuren sind inspiriert von Menschen, denen ich wirklich begegnet bin. Aber nat\u00fcrlich sind Manu und Percy literarische Figuren. Ihre konkreten Eigenschaften und ihre Geschichten entspringen meiner Fantasie &#8211; und jeder Menge Recherche.<\/p>\n\n\n\n<p>Am Ende meines Lehramtsstudiums habe ich mich intensiv mit den Themen Legasthenie und Hochbegabung auseinandergesetzt. \u00dcber Hochbegabung habe ich sogar meine Examensarbeit geschrieben, die sp\u00e4ter im LIT-Verlag ver\u00f6ffentlicht wurde. (N\u00e4here Infos dazu <a href=\"https:\/\/s-ng.de\/?page_id=305\">hier<\/a>.) Ein nicht unwesentlicher Anteil hochbegabter Sch\u00fcler*innen scheitert in der Schule trotz ihrer hohen Intelligenz. Die Diskrepanz von ihrer intellektuellen Leistungsf\u00e4higkeit und ihren schulischen Leistungen sowie auch oft die sozialen Schwierigkeiten, die daruas erwachsen, stellt nicht nur die Kinder selbst, sondern oft auch ihre Familien vor gro\u00dfe Herausforderungen. Auch davon erz\u00e4hlt &#8222;Irgendwie dazwischen oder: Das mit Percy&#8220;.<\/p>\n\n\n\n<p>Auch die anderen Themen dieses Buches sind Themen, die mich pers\u00f6nlich bewegen, weil ich ihnen in irgendeiner Form selbst begegnet bin. Allerdings war es nicht so, dass ich mir gedacht habe: \u00dcber diese und jene Themen m\u00f6chte ich ein Buch schreiben. Sondern wenn ich eine neue Buchidee habe, ist es immer so, dass zuerst die Protagonisten &#8222;da&#8220; sind. Einfach so. Wie die Protagonisten genau sind, welche Eigenschaften und Geschichten sie mitbringen, das ist kein bewusster Entscheidungsprozess bei mir. Ich habe am Anfang nur die beiden Hauptfiguren und eine grobe Idee vom Plot &#8211; alles Weitere ergibt sich beim Schreiben sozusagen von selbst. Und dabei flie\u00dfen nat\u00fcrlich pers\u00f6nliche Erfahrungen, mein Wissen, meine Fantasie und eben auch die Ergebnisse meiner schreibbegleitenden Recherchen mit in das Buch ein.<\/p>\n\n\n\n<p><strong>Wie<em> viel von dir  selbst steckt in der Figur Manu?<\/em><\/strong><\/p>\n\n\n\n<p>Die kurze Antwort lautet: Alles &#8211; und nichts. &#8222;Alles&#8220;, weil ich dieses Buch geschrieben habe und weil ich w\u00e4hrend des Schreibens komplett in meine Figuren hineinschl\u00fcpfe und quasi sie bin. &#8222;Nichts&#8220;, weil meine Figuren trotzdem &#8211; wie oben bereits ausgef\u00fchrt &#8211; literarische und eigenst\u00e4ndige Figuren sind, die meiner Fantasie entspringen (und jeder Menge Recherche).<\/p>\n\n\n\n<p>Ich w\u00fcrde mich heute nicht als &#8222;queer&#8220; bezeichnen. Aber als Kind und Jugendliche wollte ich immer ein Junge sein und tat  zeitweise  \u00e4hnlich wie Manu alles daf\u00fcr, von Fremden auch als Junge  wahrgenommen zu werden. Die Spiegel-Szenen im Buch habe ich so selbst erlebt. Dennoch hat Manu auch viele Eigenschaften, die ich nicht habe.  Auch w\u00fcrde Manu sich an anderer Stelle auf dem Kontinuum verorten als ich mich. Ich verstehe mich heute als Frau, auch wenn ich noch immer keine Kleider, R\u00f6cke, Handtaschen und Pumps tragen mag, eine Kurzhaarfrisur habe und mit manchen &#8222;typisch-weiblichen&#8220; Dingen nichts anfangen kann. &#8211; Und was auch noch wichtig ist zu erw\u00e4hnen: Meine Eltern haben mit Manus Eltern keine Gemeinsamkeiten.<\/p>\n\n\n\n<p>\u00dcbrigens steckt auch in Percy ein bisschen von mir. Manche seiner Erlebnisse in der Schule, von denen er Manu erz\u00e4hlt, musste ich selbst in \u00e4hnlicher Form in der Grundschule durchmachen.<\/p>\n\n\n\n<p><strong><em>Warum spielt das Buch 2009 und nicht heute?<\/em><\/strong><\/p>\n\n\n\n<p>Die erste Version von &#8222;Irgendwie dazwischen oder: Das mit Percy&#8220; entstand Anfang des Jahres 2012 (mehr dazu <a href=\"https:\/\/s-ng.de\/?page_id=1016\">hier<\/a>). Danach bekam ich erst einmal Zwillinge und hatte daher viele Jahre keine Zeit und Mu\u00dfe, das Buch zu \u00fcberarbeiten und zu ver\u00f6ffentlichen. Als ich 2020 mit der \u00dcberarbeitung des Buches begann, h\u00e4tte ich theoretisch die Handlung um zehn Jahre nach hinten verlegen und somit die heutigen Formulierungen (<em>transgender <\/em>statt <em>transsexuell<\/em>, <em>geschlechtsangleichende Operation<\/em> statt <em>umoperieren <\/em>usw.) verwenden k\u00f6nnen. Aber es hat sich noch mehr ver\u00e4ndert als nur der Sprachgebrauch. Heute wird das Thema viel mehr in der breiten \u00d6ffentlichkeit diskutiert, es gibt vielerorts queere Jugendgruppen und queere Foren im Internet, Lehrkr\u00e4fte, Eltern und auch die Jugendlichen selbst sind deutlich besser informiert als noch im Jahr 2009. Die Geschichte w\u00e4re daher in weiten Teilen eine ganz andere geworden.  Ich wollte aber genau <em>diese <\/em> Geschichte erz\u00e4hlen.<\/p>\n\n\n\n<p><strong>Du hast selbst noch eine Frage und w\u00fcrdest dich \u00fcber eine Antwort freuen? Dann stelle sie hier in den Kommentaren:<\/strong><\/p>\n<div class=\"pvc_clear\"><\/div><p id=\"pvc_stats_2205\" class=\"pvc_stats all  \" data-element-id=\"2205\" style=\"\"><i class=\"pvc-stats-icon small\" aria-hidden=\"true\"><svg aria-hidden=\"true\" focusable=\"false\" data-prefix=\"far\" data-icon=\"chart-bar\" role=\"img\" xmlns=\"http:\/\/www.w3.org\/2000\/svg\" viewBox=\"0 0 512 512\" class=\"svg-inline--fa fa-chart-bar fa-w-16 fa-2x\"><path fill=\"currentColor\" d=\"M396.8 352h22.4c6.4 0 12.8-6.4 12.8-12.8V108.8c0-6.4-6.4-12.8-12.8-12.8h-22.4c-6.4 0-12.8 6.4-12.8 12.8v230.4c0 6.4 6.4 12.8 12.8 12.8zm-192 0h22.4c6.4 0 12.8-6.4 12.8-12.8V140.8c0-6.4-6.4-12.8-12.8-12.8h-22.4c-6.4 0-12.8 6.4-12.8 12.8v198.4c0 6.4 6.4 12.8 12.8 12.8zm96 0h22.4c6.4 0 12.8-6.4 12.8-12.8V204.8c0-6.4-6.4-12.8-12.8-12.8h-22.4c-6.4 0-12.8 6.4-12.8 12.8v134.4c0 6.4 6.4 12.8 12.8 12.8zM496 400H48V80c0-8.84-7.16-16-16-16H16C7.16 64 0 71.16 0 80v336c0 17.67 14.33 32 32 32h464c8.84 0 16-7.16 16-16v-16c0-8.84-7.16-16-16-16zm-387.2-48h22.4c6.4 0 12.8-6.4 12.8-12.8v-70.4c0-6.4-6.4-12.8-12.8-12.8h-22.4c-6.4 0-12.8 6.4-12.8 12.8v70.4c0 6.4 6.4 12.8 12.8 12.8z\" class=\"\"><\/path><\/svg><\/i> <img loading=\"lazy\" decoding=\"async\" width=\"16\" height=\"16\" alt=\"Loading\" src=\"https:\/\/s-ng.de\/wp-content\/plugins\/page-views-count\/ajax-loader-2x.gif\" border=0 \/><\/p><div class=\"pvc_clear\"><\/div>","protected":false},"excerpt":{"rendered":"<p>Ich freue mich immer sehr, wenn Leser*innen Kontakt mit mir aufnehmen und mich an ihren Leseeindr\u00fccken teilhaben lassen. Manchmal entsteht&hellip;<\/p>\n","protected":false},"author":1,"featured_media":2235,"parent":1016,"menu_order":4,"comment_status":"open","ping_status":"closed","template":"","meta":{"footnotes":""},"class_list":["post-2205","page","type-page","status-publish","has-post-thumbnail","hentry"],"_links":{"self":[{"href":"https:\/\/s-ng.de\/index.php?rest_route=\/wp\/v2\/pages\/2205","targetHints":{"allow":["GET"]}}],"collection":[{"href":"https:\/\/s-ng.de\/index.php?rest_route=\/wp\/v2\/pages"}],"about":[{"href":"https:\/\/s-ng.de\/index.php?rest_route=\/wp\/v2\/types\/page"}],"author":[{"embeddable":true,"href":"https:\/\/s-ng.de\/index.php?rest_route=\/wp\/v2\/users\/1"}],"replies":[{"embeddable":true,"href":"https:\/\/s-ng.de\/index.php?rest_route=%2Fwp%2Fv2%2Fcomments&post=2205"}],"version-history":[{"count":4,"href":"https:\/\/s-ng.de\/index.php?rest_route=\/wp\/v2\/pages\/2205\/revisions"}],"predecessor-version":[{"id":2251,"href":"https:\/\/s-ng.de\/index.php?rest_route=\/wp\/v2\/pages\/2205\/revisions\/2251"}],"up":[{"embeddable":true,"href":"https:\/\/s-ng.de\/index.php?rest_route=\/wp\/v2\/pages\/1016"}],"wp:featuredmedia":[{"embeddable":true,"href":"https:\/\/s-ng.de\/index.php?rest_route=\/wp\/v2\/media\/2235"}],"wp:attachment":[{"href":"https:\/\/s-ng.de\/index.php?rest_route=%2Fwp%2Fv2%2Fmedia&parent=2205"}],"curies":[{"name":"wp","href":"https:\/\/api.w.org\/{rel}","templated":true}]}}