{"id":2214,"date":"2022-04-10T19:05:18","date_gmt":"2022-04-10T17:05:18","guid":{"rendered":"https:\/\/s-ng.de\/?page_id=2214"},"modified":"2022-04-11T10:16:55","modified_gmt":"2022-04-11T08:16:55","slug":"gegenueberstellung-der-aenderungen-in-percys-texten-in-der-1-und-2-auflage-von-irgendwie-dazwischen-oder-das-mit-percy","status":"publish","type":"page","link":"https:\/\/s-ng.de\/?page_id=2214","title":{"rendered":"Worin unterscheiden sich die erste und die zweite Auflage von &#8222;Irgendwie dazwischen oder: Das mit Percy&#8220;?"},"content":{"rendered":"\n<p>Die zweite Auflage von &#8222;Irgendwie dazwischen oder: Das mit Percy&#8220; unterscheidet sich zur ersten Auflage haupts\u00e4chlich durch das <a href=\"https:\/\/s-ng.de\/?page_id=2209\" target=\"_blank\" rel=\"noreferrer noopener\" aria-label=\"Nachwort (\u00f6ffnet in neuem Tab)\">Nachwort<\/a>, das es nur in der 2. Auflage gibt.<\/p>\n\n\n\n<p>Au\u00dferdem habe ich Percys Texte vom 6. und 8. Oktober leicht ver\u00e4ndert. Warum, das erf\u00e4hrst du <a href=\"https:\/\/s-ng.de\/?p=2193\" target=\"_blank\" rel=\"noreferrer noopener\" aria-label=\"hier (\u00f6ffnet in neuem Tab)\">hier<\/a>.<\/p>\n\n\n\n<p>Im Folgenden kannst du bei Interesse die Ver\u00e4nderungen nachvollziehen. Damit nicht zuviel gespoilert wird, habe ich die nicht-ver\u00e4nderten Stellen verpixelt. <\/p>\n\n\n\n<div class=\"wp-block-image\"><figure class=\"aligncenter size-large\"><img loading=\"lazy\" decoding=\"async\" width=\"700\" height=\"641\" src=\"https:\/\/s-ng.de\/wp-content\/uploads\/2022\/04\/06_10-f-HP-700x641.jpg\" alt=\"\" class=\"wp-image-2219\" srcset=\"https:\/\/s-ng.de\/wp-content\/uploads\/2022\/04\/06_10-f-HP-700x641.jpg 700w, https:\/\/s-ng.de\/wp-content\/uploads\/2022\/04\/06_10-f-HP-300x275.jpg 300w, https:\/\/s-ng.de\/wp-content\/uploads\/2022\/04\/06_10-f-HP-768x703.jpg 768w, https:\/\/s-ng.de\/wp-content\/uploads\/2022\/04\/06_10-f-HP.jpg 979w\" sizes=\"auto, (max-width: 700px) 100vw, 700px\" \/><figcaption>Percys Text vom 6. 10. 2009 in der 1. Auflage<\/figcaption><\/figure><\/div>\n\n\n\n<div class=\"wp-block-image\"><figure class=\"aligncenter size-large\"><img loading=\"lazy\" decoding=\"async\" width=\"700\" height=\"607\" src=\"https:\/\/s-ng.de\/wp-content\/uploads\/2022\/04\/06_10-neuneu-f-HP-1-700x607.jpg\" alt=\"\" class=\"wp-image-2221\" srcset=\"https:\/\/s-ng.de\/wp-content\/uploads\/2022\/04\/06_10-neuneu-f-HP-1-700x607.jpg 700w, https:\/\/s-ng.de\/wp-content\/uploads\/2022\/04\/06_10-neuneu-f-HP-1-300x260.jpg 300w, https:\/\/s-ng.de\/wp-content\/uploads\/2022\/04\/06_10-neuneu-f-HP-1-768x667.jpg 768w, https:\/\/s-ng.de\/wp-content\/uploads\/2022\/04\/06_10-neuneu-f-HP-1.jpg 1241w\" sizes=\"auto, (max-width: 700px) 100vw, 700px\" \/><figcaption> Percys Text vom 6. 10. 2009 in der 2. Auflage <\/figcaption><\/figure><\/div>\n\n\n\n<div class=\"wp-block-image\"><figure class=\"aligncenter size-large\"><img loading=\"lazy\" decoding=\"async\" width=\"700\" height=\"1165\" src=\"https:\/\/s-ng.de\/wp-content\/uploads\/2022\/04\/08_10-f-HP-700x1165.jpg\" alt=\"\" class=\"wp-image-2222\" srcset=\"https:\/\/s-ng.de\/wp-content\/uploads\/2022\/04\/08_10-f-HP-700x1165.jpg 700w, https:\/\/s-ng.de\/wp-content\/uploads\/2022\/04\/08_10-f-HP-180x300.jpg 180w, https:\/\/s-ng.de\/wp-content\/uploads\/2022\/04\/08_10-f-HP-768x1278.jpg 768w, https:\/\/s-ng.de\/wp-content\/uploads\/2022\/04\/08_10-f-HP-923x1536.jpg 923w, https:\/\/s-ng.de\/wp-content\/uploads\/2022\/04\/08_10-f-HP.jpg 983w\" sizes=\"auto, (max-width: 700px) 100vw, 700px\" \/><figcaption> Percys Text vom 8. 10. 2009 in der 1. Auflage <\/figcaption><\/figure><\/div>\n\n\n\n<div class=\"wp-block-image\"><figure class=\"aligncenter size-large\"><img loading=\"lazy\" decoding=\"async\" width=\"700\" height=\"1213\" src=\"https:\/\/s-ng.de\/wp-content\/uploads\/2022\/04\/08_10-neuneu-f-HP-700x1213.jpg\" alt=\"\" class=\"wp-image-2231\" srcset=\"https:\/\/s-ng.de\/wp-content\/uploads\/2022\/04\/08_10-neuneu-f-HP-700x1213.jpg 700w, https:\/\/s-ng.de\/wp-content\/uploads\/2022\/04\/08_10-neuneu-f-HP-173x300.jpg 173w, https:\/\/s-ng.de\/wp-content\/uploads\/2022\/04\/08_10-neuneu-f-HP-768x1331.jpg 768w, https:\/\/s-ng.de\/wp-content\/uploads\/2022\/04\/08_10-neuneu-f-HP-886x1536.jpg 886w, https:\/\/s-ng.de\/wp-content\/uploads\/2022\/04\/08_10-neuneu-f-HP-1182x2048.jpg 1182w, https:\/\/s-ng.de\/wp-content\/uploads\/2022\/04\/08_10-neuneu-f-HP.jpg 1248w\" sizes=\"auto, (max-width: 700px) 100vw, 700px\" \/><figcaption>  Percys Text vom 8. 10. 2009 in der 2. Auflage  <\/figcaption><\/figure><\/div>\n\n\n\n<p><\/p>\n<div class=\"pvc_clear\"><\/div><p id=\"pvc_stats_2214\" class=\"pvc_stats all  \" data-element-id=\"2214\" style=\"\"><i class=\"pvc-stats-icon small\" aria-hidden=\"true\"><svg aria-hidden=\"true\" focusable=\"false\" data-prefix=\"far\" data-icon=\"chart-bar\" role=\"img\" xmlns=\"http:\/\/www.w3.org\/2000\/svg\" viewBox=\"0 0 512 512\" class=\"svg-inline--fa fa-chart-bar fa-w-16 fa-2x\"><path fill=\"currentColor\" d=\"M396.8 352h22.4c6.4 0 12.8-6.4 12.8-12.8V108.8c0-6.4-6.4-12.8-12.8-12.8h-22.4c-6.4 0-12.8 6.4-12.8 12.8v230.4c0 6.4 6.4 12.8 12.8 12.8zm-192 0h22.4c6.4 0 12.8-6.4 12.8-12.8V140.8c0-6.4-6.4-12.8-12.8-12.8h-22.4c-6.4 0-12.8 6.4-12.8 12.8v198.4c0 6.4 6.4 12.8 12.8 12.8zm96 0h22.4c6.4 0 12.8-6.4 12.8-12.8V204.8c0-6.4-6.4-12.8-12.8-12.8h-22.4c-6.4 0-12.8 6.4-12.8 12.8v134.4c0 6.4 6.4 12.8 12.8 12.8zM496 400H48V80c0-8.84-7.16-16-16-16H16C7.16 64 0 71.16 0 80v336c0 17.67 14.33 32 32 32h464c8.84 0 16-7.16 16-16v-16c0-8.84-7.16-16-16-16zm-387.2-48h22.4c6.4 0 12.8-6.4 12.8-12.8v-70.4c0-6.4-6.4-12.8-12.8-12.8h-22.4c-6.4 0-12.8 6.4-12.8 12.8v70.4c0 6.4 6.4 12.8 12.8 12.8z\" class=\"\"><\/path><\/svg><\/i> <img loading=\"lazy\" decoding=\"async\" width=\"16\" height=\"16\" alt=\"Loading\" src=\"https:\/\/s-ng.de\/wp-content\/plugins\/page-views-count\/ajax-loader-2x.gif\" border=0 \/><\/p><div class=\"pvc_clear\"><\/div>","protected":false},"excerpt":{"rendered":"<p>Die zweite Auflage von &#8222;Irgendwie dazwischen oder: Das mit Percy&#8220; unterscheidet sich zur ersten Auflage haupts\u00e4chlich durch das Nachwort, das&hellip;<\/p>\n","protected":false},"author":1,"featured_media":0,"parent":1016,"menu_order":5,"comment_status":"closed","ping_status":"closed","template":"","meta":{"footnotes":""},"class_list":["post-2214","page","type-page","status-publish","hentry"],"_links":{"self":[{"href":"https:\/\/s-ng.de\/index.php?rest_route=\/wp\/v2\/pages\/2214","targetHints":{"allow":["GET"]}}],"collection":[{"href":"https:\/\/s-ng.de\/index.php?rest_route=\/wp\/v2\/pages"}],"about":[{"href":"https:\/\/s-ng.de\/index.php?rest_route=\/wp\/v2\/types\/page"}],"author":[{"embeddable":true,"href":"https:\/\/s-ng.de\/index.php?rest_route=\/wp\/v2\/users\/1"}],"replies":[{"embeddable":true,"href":"https:\/\/s-ng.de\/index.php?rest_route=%2Fwp%2Fv2%2Fcomments&post=2214"}],"version-history":[{"count":8,"href":"https:\/\/s-ng.de\/index.php?rest_route=\/wp\/v2\/pages\/2214\/revisions"}],"predecessor-version":[{"id":2234,"href":"https:\/\/s-ng.de\/index.php?rest_route=\/wp\/v2\/pages\/2214\/revisions\/2234"}],"up":[{"embeddable":true,"href":"https:\/\/s-ng.de\/index.php?rest_route=\/wp\/v2\/pages\/1016"}],"wp:attachment":[{"href":"https:\/\/s-ng.de\/index.php?rest_route=%2Fwp%2Fv2%2Fmedia&parent=2214"}],"curies":[{"name":"wp","href":"https:\/\/api.w.org\/{rel}","templated":true}]}}