{"id":2398,"date":"2020-04-04T20:55:00","date_gmt":"2020-04-04T18:55:00","guid":{"rendered":"https:\/\/s-ng.de\/?page_id=2398"},"modified":"2022-08-08T11:29:43","modified_gmt":"2022-08-08T09:29:43","slug":"ueber-mich-2","status":"publish","type":"page","link":"https:\/\/s-ng.de\/?page_id=2398","title":{"rendered":"\u00dcber mich"},"content":{"rendered":"\n<div class=\"wp-block-image\"><figure class=\"alignleft size-medium\"><img loading=\"lazy\" decoding=\"async\" width=\"300\" height=\"300\" src=\"https:\/\/s-ng.de\/wp-content\/uploads\/2022\/08\/Portrait-neu-3-300x300.jpg\" alt=\"\" class=\"wp-image-2400\" srcset=\"https:\/\/s-ng.de\/wp-content\/uploads\/2022\/08\/Portrait-neu-3-300x300.jpg 300w, https:\/\/s-ng.de\/wp-content\/uploads\/2022\/08\/Portrait-neu-3-700x700.jpg 700w, https:\/\/s-ng.de\/wp-content\/uploads\/2022\/08\/Portrait-neu-3-150x150.jpg 150w, https:\/\/s-ng.de\/wp-content\/uploads\/2022\/08\/Portrait-neu-3-768x768.jpg 768w, https:\/\/s-ng.de\/wp-content\/uploads\/2022\/08\/Portrait-neu-3.jpg 1080w\" sizes=\"auto, (max-width: 300px) 100vw, 300px\" \/><\/figure><\/div>\n\n\n\n<p>Hallo! Ich freue mich, dass du hierher gefunden hast! Mein Name ist Sabine Nagel. Ich schreibe realistische und emotionale Romane und Kurzgeschichten mit jungen Protagonisten und viel Tiefgang. Ich liebe es, w\u00e4hrend des Schreibens vollkommen abzutauchen in die Gedanken-, Gef\u00fchls- und Erlebniswelt meiner Protagonisten. F\u00fcr mich sind sie dann real, und w\u00e4hrend ich schreibe, <em>bin<\/em> ich quasi meine Protagonisten. Das ist ein sehr, sehr intensives Gef\u00fchl.<\/p>\n\n\n\n<p>Ich mag \u201eschwierige\u201c Menschen. Mich interessieren ihre Geschichten, die sie zu dem gemacht haben, wie sie sind. Ich bewundere ihren Mut und ihre innere St\u00e4rke, die sie trotz aller Verletzlichkeit in sich tragen. In meinen B\u00fcchern lasse ich zwei von ihnen aufeinandertreffen. In diesem Moment beginnt etwas Neues. Etwas, das die beiden f\u00fcr immer ver\u00e4ndert.<\/p>\n\n\n\n<p>Als Leser*in kannst du meine Protagonisten auf dieser Reise zueinander und zu sich selbst begleiten. Mehr noch &#8211; du kannst ein bisschen sie sein und all ihre Emotionen selbst (mit-)erleben. Mein Ziel beim Schreiben ist es, dass die Leser*innen ganz tief in der Geschichte versinken und vergessen, dass es nur eine fiktive Erz\u00e4hlung ist. Ich erhalte oft die R\u00fcckmeldung von Leser*innen, dass es ihnen genau so erging. Das als Autorin erfahren zu d\u00fcrfen, ist f\u00fcr mich ein wunderbares Geschenk &#8211; jedes einzelne Mal.<\/p>\n\n\n\n<p>Im wahren Leben bin ich Lehrerin. Aufgewachsen bin ich als echtes \u201eNordlicht\u201c in Schleswig-Holstein. Zum Studieren ging ich nach Hannover, wo ich insgesamt 12 Jahre wohnte und in dieser Zeit die Stadt kennen und lieben lernte.<\/p>\n\n\n\n<p> Mittlerweile lebe ich in einer wundersch\u00f6nen Marktgemeinde nord\u00f6stlich von N\u00fcrnberg und arbeite an der  Dr.-Theo-Sch\u00f6ller-Mittelschule N\u00fcrnberg. Meinen Beruf \u00fcbe ich mit viel  Freude und Engagement aus.  Im Unterricht ist mir sch\u00fclerzentriertes Arbeiten sehr wichtig. H\u00e4ufig entwickele ich eigene Lern- und \u00dcbungsmaterialien sowie Unterrichtssequenzen, von denen ich einige hier auf dieser Webseite vorstelle und die ich gerne an andere interessierte Kolleg*innen zur Verwendung im eigenen Unterricht weitergebe.<\/p>\n\n\n\n<p> Ich bin verheiratet und habe zwei neunj\u00e4hrige Kinder. In meiner  Freizeit verbringe ich gerne Zeit mit meiner Familie, wir wandern, fahren Rad, arbeiten im Garten, basteln, lesen und vieles mehr.  <\/p>\n\n\n\n<p> Noch mehr Infos \u00fcber mich gibt es <a href=\"https:\/\/s-ng.de\/?p=2161\">hier<\/a>. <\/p>\n<div class=\"pvc_clear\"><\/div><p id=\"pvc_stats_2398\" class=\"pvc_stats all  \" data-element-id=\"2398\" style=\"\"><i class=\"pvc-stats-icon small\" aria-hidden=\"true\"><svg aria-hidden=\"true\" focusable=\"false\" data-prefix=\"far\" data-icon=\"chart-bar\" role=\"img\" xmlns=\"http:\/\/www.w3.org\/2000\/svg\" viewBox=\"0 0 512 512\" class=\"svg-inline--fa fa-chart-bar fa-w-16 fa-2x\"><path fill=\"currentColor\" d=\"M396.8 352h22.4c6.4 0 12.8-6.4 12.8-12.8V108.8c0-6.4-6.4-12.8-12.8-12.8h-22.4c-6.4 0-12.8 6.4-12.8 12.8v230.4c0 6.4 6.4 12.8 12.8 12.8zm-192 0h22.4c6.4 0 12.8-6.4 12.8-12.8V140.8c0-6.4-6.4-12.8-12.8-12.8h-22.4c-6.4 0-12.8 6.4-12.8 12.8v198.4c0 6.4 6.4 12.8 12.8 12.8zm96 0h22.4c6.4 0 12.8-6.4 12.8-12.8V204.8c0-6.4-6.4-12.8-12.8-12.8h-22.4c-6.4 0-12.8 6.4-12.8 12.8v134.4c0 6.4 6.4 12.8 12.8 12.8zM496 400H48V80c0-8.84-7.16-16-16-16H16C7.16 64 0 71.16 0 80v336c0 17.67 14.33 32 32 32h464c8.84 0 16-7.16 16-16v-16c0-8.84-7.16-16-16-16zm-387.2-48h22.4c6.4 0 12.8-6.4 12.8-12.8v-70.4c0-6.4-6.4-12.8-12.8-12.8h-22.4c-6.4 0-12.8 6.4-12.8 12.8v70.4c0 6.4 6.4 12.8 12.8 12.8z\" class=\"\"><\/path><\/svg><\/i> <img loading=\"lazy\" decoding=\"async\" width=\"16\" height=\"16\" alt=\"Loading\" src=\"https:\/\/s-ng.de\/wp-content\/plugins\/page-views-count\/ajax-loader-2x.gif\" border=0 \/><\/p><div class=\"pvc_clear\"><\/div>","protected":false},"excerpt":{"rendered":"<p>Hallo! Ich freue mich, dass du hierher gefunden hast! Mein Name ist Sabine Nagel. Ich schreibe realistische und emotionale Romane&hellip;<\/p>\n","protected":false},"author":1,"featured_media":0,"parent":0,"menu_order":5,"comment_status":"closed","ping_status":"closed","template":"","meta":{"footnotes":""},"class_list":["post-2398","page","type-page","status-publish","hentry"],"_links":{"self":[{"href":"https:\/\/s-ng.de\/index.php?rest_route=\/wp\/v2\/pages\/2398","targetHints":{"allow":["GET"]}}],"collection":[{"href":"https:\/\/s-ng.de\/index.php?rest_route=\/wp\/v2\/pages"}],"about":[{"href":"https:\/\/s-ng.de\/index.php?rest_route=\/wp\/v2\/types\/page"}],"author":[{"embeddable":true,"href":"https:\/\/s-ng.de\/index.php?rest_route=\/wp\/v2\/users\/1"}],"replies":[{"embeddable":true,"href":"https:\/\/s-ng.de\/index.php?rest_route=%2Fwp%2Fv2%2Fcomments&post=2398"}],"version-history":[{"count":3,"href":"https:\/\/s-ng.de\/index.php?rest_route=\/wp\/v2\/pages\/2398\/revisions"}],"predecessor-version":[{"id":2402,"href":"https:\/\/s-ng.de\/index.php?rest_route=\/wp\/v2\/pages\/2398\/revisions\/2402"}],"wp:attachment":[{"href":"https:\/\/s-ng.de\/index.php?rest_route=%2Fwp%2Fv2%2Fmedia&parent=2398"}],"curies":[{"name":"wp","href":"https:\/\/api.w.org\/{rel}","templated":true}]}}