{"id":2454,"date":"2022-12-06T17:40:31","date_gmt":"2022-12-06T16:40:31","guid":{"rendered":"https:\/\/s-ng.de\/?page_id=2454"},"modified":"2022-12-07T09:21:26","modified_gmt":"2022-12-07T08:21:26","slug":"zur-vorbereitung-auf-klassenarbeiten-ein-quiz-spielen","status":"publish","type":"page","link":"https:\/\/s-ng.de\/?page_id=2454","title":{"rendered":"Zur Vorbereitung auf Klassenarbeiten ein Quiz spielen"},"content":{"rendered":"\n<p><\/p>\n\n\n\n<p>Oft wiederholt man vor einer Klassenarbeit (in Bayern: &#8222;Probe&#8220; oder &#8222;Schulaufgabe&#8220;) mit den Sch\u00fcler*innen noch einmal den Lernstoff. Dies mache ich in den Sachf\u00e4chern (und im Fach Deutsch bei Grammatikthemen wie z. B. den Zeitformen des Verbs) gerne in Form eines Quiz. Das macht den Sch\u00fcler*innen und mir als Lehrkraft meistens viel Freude &#8211; und es ist im Hinblick auf die Sicherung des Lernstoffs meist auch ziemlich effektiv. Im Folgenden m\u00f6chte ich genauer vorstellen, wie wir das Quiz spielen. Diese Form hat sich bei mir im Unterricht \u00fcber viele Jahre in den Klassenstufen 5 bis 7 sehr bew\u00e4hrt. Bestimmt kann man es genauso gut auch mit \u00e4lteren Sch\u00fcler*innen spielen.<\/p>\n\n\n\n<h3 class=\"wp-block-heading\">Die Vorbereitung im Vorfeld (Sch\u00fcler*innen)<\/h3>\n\n\n\n<p>Eine Woche im Voraus k\u00fcndige ich das Quiz und auch die Probe, die in der darauffolgenden Unterrichtsstunde des Faches (also z. B. am Folgetag oder in der n\u00e4chsten Woche) stattfindet, an. Es wird genau bekanntgegeben, welcher Stoff zu lernen ist (Heftseiten\/Buchseiten\/Themen). Ich sage zu den Sch\u00fcler*innen immer, dass es sinnvoll ist, schon f\u00fcr das Quiz zu lernen, da das Gehirn dann viel besser vorbereitet ist, noch nicht so gut &#8222;sitzende&#8220; Lerninhalte aufzunehmen, als wenn man erst nach dem Quiz mit dem Lernen anf\u00e4ngt. Au\u00dferdem sage ich ihnen, dass im Quiz Fragen drankommen, die in sehr \u00e4hnlicher Weise auch in der Probe gestellt werden.<\/p>\n\n\n\n<p>(Viele Sch\u00fcler*innen lernen trotzdem nicht &#8211; insbesondere, wenn man das Quiz zum ersten Mal spielt. Je \u00f6fter ich mit einer Lerngruppe solche Quizze durchf\u00fchre, desto gr\u00f6\u00dfer wird meist der Anteil der Sch\u00fcler*innen, die schon zum Quiz lernen. Aber auch f\u00fcr die, die nicht gelernt haben, bringt das Quiz einen Mehrwert, n\u00e4mlich den Zugewinn von probenrelevantem Wissen und die Erkenntnis, dass man noch nicht gut vorbereitet ist f\u00fcr die Probe.)<\/p>\n\n\n\n<h3 class=\"wp-block-heading\">Die Vorbereitung im Vorfeld (Lehrkraft)<\/h3>\n\n\n\n<p>Um das Quiz durchf\u00fchren zu k\u00f6nnen, schreibe ich die Quizkarten (je nach Thema meist zwischen 20 und 30 Karten) mit Fragen und Antworten. Je nach Schwierigkeit und Komplexit\u00e4t der Fragestellung sind die Fragen 20, 40, 60, 80 oder 100 Punkte wert. Die Punktzahlen schreibe ich gro\u00df auf die R\u00fcckseite. Manchmal gibt es auch Joker.<\/p>\n\n\n\n<figure class=\"wp-block-image alignwide size-large\"><a href=\"https:\/\/s-ng.de\/wp-content\/uploads\/2022\/12\/Karten-scaled.jpg\"><img loading=\"lazy\" decoding=\"async\" width=\"700\" height=\"443\" src=\"https:\/\/s-ng.de\/wp-content\/uploads\/2022\/12\/Karten-700x443.jpg\" alt=\"Einige der Quizkarten\" class=\"wp-image-2459\" srcset=\"https:\/\/s-ng.de\/wp-content\/uploads\/2022\/12\/Karten-700x443.jpg 700w, https:\/\/s-ng.de\/wp-content\/uploads\/2022\/12\/Karten-300x190.jpg 300w, https:\/\/s-ng.de\/wp-content\/uploads\/2022\/12\/Karten-768x486.jpg 768w, https:\/\/s-ng.de\/wp-content\/uploads\/2022\/12\/Karten-1536x972.jpg 1536w, https:\/\/s-ng.de\/wp-content\/uploads\/2022\/12\/Karten-2048x1296.jpg 2048w, https:\/\/s-ng.de\/wp-content\/uploads\/2022\/12\/Karten-1600x1012.jpg 1600w\" sizes=\"auto, (max-width: 700px) 100vw, 700px\" \/><\/a><\/figure>\n\n\n\n<p>Au\u00dferdem besorge ich ein paar Preise (eine bunte Mischung aus S\u00fc\u00dfigkeiten wie z. B. Brausepulvert\u00fctchen, Kaubonbons, Minischokoladentafeln, Bonbons &#8230;). <\/p>\n\n\n\n<p>Vor der Stunde, in der das Quiz stattfindet, hefte ich die Quizkarten mit Magneten (Tesafilm geht auch) an die Tafel.<\/p>\n\n\n\n<figure class=\"wp-block-image alignwide size-large\"><a href=\"https:\/\/s-ng.de\/wp-content\/uploads\/2022\/12\/Quiz-2-1.jpg\"><img loading=\"lazy\" decoding=\"async\" width=\"700\" height=\"601\" src=\"https:\/\/s-ng.de\/wp-content\/uploads\/2022\/12\/Quiz-2-1-700x601.jpg\" alt=\"\" class=\"wp-image-2457\" srcset=\"https:\/\/s-ng.de\/wp-content\/uploads\/2022\/12\/Quiz-2-1-700x601.jpg 700w, https:\/\/s-ng.de\/wp-content\/uploads\/2022\/12\/Quiz-2-1-300x257.jpg 300w, https:\/\/s-ng.de\/wp-content\/uploads\/2022\/12\/Quiz-2-1-768x659.jpg 768w, https:\/\/s-ng.de\/wp-content\/uploads\/2022\/12\/Quiz-2-1-1536x1318.jpg 1536w, https:\/\/s-ng.de\/wp-content\/uploads\/2022\/12\/Quiz-2-1-2048x1758.jpg 2048w, https:\/\/s-ng.de\/wp-content\/uploads\/2022\/12\/Quiz-2-1-1600x1373.jpg 1600w\" sizes=\"auto, (max-width: 700px) 100vw, 700px\" \/><\/a><figcaption>So sieht die Tafel aus, wenn die Sch\u00fcler*innen ins Klassenzimmer kommen.<\/figcaption><\/figure>\n\n\n\n<h3 class=\"wp-block-heading\">Die Quizregeln<\/h3>\n\n\n\n<p>Bevor wir die Gruppen bilden, erkl\u00e4re ich die Quizregeln:<\/p>\n\n\n\n<ul class=\"wp-block-list\"><li>Wir spielen zum Spa\u00df und zur Vorbereitung auf die Probe. Es ist nicht schlimm, wenn man verliert. Am Ende bekommt jede Gruppe einen Preis. Die Siegergruppe sucht sich zuerst je zwei S\u00fc\u00dfigkeiten pro Person aus der Schale aus, dann kommen die anderen drei Gruppen in der Reihenfolge der Platzierung dran und d\u00fcrfen je eine S\u00fc\u00dfigkeit w\u00e4hlen.<\/li><li>W\u00e4hrend das Quiz l\u00e4uft, herrscht gespannte Ruhe. Insbesondere beim Vorlesen der Fragen und wenn die Antworten gesagt werden, muss man zuh\u00f6ren, aus quiztaktischen Gr\u00fcnden und weil man dadurch f\u00fcr die Probe lernt.<\/li><li>Gruppe 1 beginnt. Sie einigen sich auf eine Frage, z. B. &#8222;B 60&#8220;. W\u00e4hrenddessen sollten die anderen Gruppen auch schon beraten, welche Frage sie nehmen wollen, damit nicht so viel Zeit f\u00fcr die Beratungen verbraucht wird.<\/li><li>Die Lehrkraft liest die Frage vor. Die Gruppe ber\u00e4t leise und bestimmt eine*n, der*die die Antwort laut sagt. Das kann immer dasselbe Kind sein oder jedes Mal ein anderes. Das erste, was laut gesagt wird, z\u00e4hlt. Also immer erst absprechen! Wird eine Frage unvollst\u00e4ndig beantwortet, darf die Lehrkraft nachfragen, ggf. auch ein bisschen helfen. Ist etwas Falsches in der Antwort oder wei\u00df die Gruppe die Antwort nicht, wird die Frage (um 90\u00b0 gedreht, damit man erkennt, dass sie schon einmal dran war) zur\u00fcckgeh\u00e4ngt. Ist die Antwort richtig, bekommt die Gruppe die Punkte. Die Karte wird in der Tabelle neben dem Quiz bei der Gruppe aufgeh\u00e4ngt.<\/li><li>Anschlie\u00dfend ist die n\u00e4chste Gruppe dran. Sie kann w\u00e4hlen, ob sie die zur\u00fcckgeh\u00e4ngte Frage nimmt oder eine neue.<\/li><li>Reihum ist immer die jeweils n\u00e4chste Gruppe mit je einer Frage dran.<\/li><li>Das Quiz endet entweder, wenn alle Fragen gespielt wurden, oder etwa 10 Minuten vor Stundenende.<\/li><li>Sollte es Fragen geben, die von keiner Gruppe gel\u00f6st worden sind, l\u00f6st die Lehrkraft sie noch auf. Die Punkte bekommt dann niemand.<\/li><\/ul>\n\n\n\n<h3 class=\"wp-block-heading\">Die Gruppenbildung<\/h3>\n\n\n\n<p>Es gibt viele M\u00f6glichkeiten, die Gruppen zusammenzustellen, in denen das Quiz gespielt wird. Bew\u00e4hrt hat sich f\u00fcr mich folgendes Vorgehen: <\/p>\n\n\n\n<ul class=\"wp-block-list\"><li>Zuerst mache ich eine Daumenabfrage. Jede*r Sch\u00fcler*in zeigt mit dem Daumen, wie gut er oder sie sich vorbereitete f\u00fchlt. (Daumen hoch = ich wei\u00df bestimmt fast jede Antwort, Daumen runter = ich wei\u00df bestimmt fast nichts, f\u00fcr alles dazwischen den Daumen entsprechend stark oder weniger stark neigen.)<\/li><li>Anschlie\u00dfend bestimme ich vier Kinder, die w\u00e4hlen. Ich nehme immer Kinder, die anzeigen (oder von denen ich es vermute), dass sie viele Fragen beantworten k\u00f6nnen. Das ist deshalb gut, weil dann keine Gruppe am Ende ganz schlecht abschneidet.<\/li><li>Die vier Kinder gehen in die vier Ecken des Klassenzimmers und w\u00e4hlen der Reihe nach wie im Sportunterricht je ein weiteres Gruppenmitglied. Dabei ist ihnen freigestellt, ob sie nach Freundschaft oder nach angezeigtem Wissenstand gehen.<\/li><li>Das letzte der vier Kinder w\u00e4hlt zwei Kinder, dann ist wieder Kind 3 dran, dann Kind 2, dann Kind 1 mit zwei Kindern und wieder zur\u00fcck, so lange, bis alle Kinder einer Gruppe zugeordnet sind.<\/li><li>Es werden vier Gruppentische in den vier Ecken des Klassenzimmers aufgebaut und die Gruppen setzen sich darum.<\/li><\/ul>\n\n\n\n<h3 class=\"wp-block-heading\">Das Quiz<\/h3>\n\n\n\n<p>Wenn die Regeln erkl\u00e4rt und die Gruppen gebildet sind und ihre Pl\u00e4tze eingenommen haben, startet das Quiz. Wenn eine Lerngruppe das Quiz zum ersten Mal spielt, sollte man eine Doppelstunde einplanen. Sp\u00e4ter reicht eine Stunde &#8211; allerdings sollte die Gruppenbildung dann in der Stunde davor stattfinden, sonst ist die Zeit zu knapp. (Oder man nimmt weniger Fragen.)<\/p>\n\n\n\n<p>Die Lehrkraft achtet auf eine &#8222;quizartige&#8220; Atmosph\u00e4re. D. h. sie schl\u00fcpft in die Rolle des Quizmasters, achtet auf z\u00fcgige Durchf\u00fchrung und auf die Einhaltung der Regeln. <\/p>\n\n\n\n<figure class=\"wp-block-image alignwide size-large\"><a href=\"https:\/\/s-ng.de\/wp-content\/uploads\/2022\/12\/Quiz-3.jpg\"><img loading=\"lazy\" decoding=\"async\" width=\"700\" height=\"336\" src=\"https:\/\/s-ng.de\/wp-content\/uploads\/2022\/12\/Quiz-3-700x336.jpg\" alt=\"\" class=\"wp-image-2460\" srcset=\"https:\/\/s-ng.de\/wp-content\/uploads\/2022\/12\/Quiz-3-700x336.jpg 700w, https:\/\/s-ng.de\/wp-content\/uploads\/2022\/12\/Quiz-3-300x144.jpg 300w, https:\/\/s-ng.de\/wp-content\/uploads\/2022\/12\/Quiz-3-768x368.jpg 768w, https:\/\/s-ng.de\/wp-content\/uploads\/2022\/12\/Quiz-3-1536x737.jpg 1536w, https:\/\/s-ng.de\/wp-content\/uploads\/2022\/12\/Quiz-3-2048x982.jpg 2048w, https:\/\/s-ng.de\/wp-content\/uploads\/2022\/12\/Quiz-3-1600x767.jpg 1600w\" sizes=\"auto, (max-width: 700px) 100vw, 700px\" \/><\/a><figcaption>Hier sieht man, wie 3 Fragen um 90\u00b0 gedreht h\u00e4ngen, weil sie falsch beantwortet oder nicht gewusst wurden. Auch ist der momentane Punktestand der Gruppen zu sehen.<\/figcaption><\/figure>\n\n\n\n<h3 class=\"wp-block-heading\">Das Ende<\/h3>\n\n\n<div class=\"wp-block-image\">\n<figure class=\"alignright size-medium\"><a href=\"https:\/\/s-ng.de\/wp-content\/uploads\/2022\/12\/Quiz-4-scaled.jpg\"><img loading=\"lazy\" decoding=\"async\" width=\"156\" height=\"300\" src=\"https:\/\/s-ng.de\/wp-content\/uploads\/2022\/12\/Quiz-4-156x300.jpg\" alt=\"Der Punktestand am Ende des Quizzes.\" class=\"wp-image-2461\" srcset=\"https:\/\/s-ng.de\/wp-content\/uploads\/2022\/12\/Quiz-4-156x300.jpg 156w, https:\/\/s-ng.de\/wp-content\/uploads\/2022\/12\/Quiz-4-700x1345.jpg 700w, https:\/\/s-ng.de\/wp-content\/uploads\/2022\/12\/Quiz-4-768x1476.jpg 768w, https:\/\/s-ng.de\/wp-content\/uploads\/2022\/12\/Quiz-4-799x1536.jpg 799w, https:\/\/s-ng.de\/wp-content\/uploads\/2022\/12\/Quiz-4-1066x2048.jpg 1066w, https:\/\/s-ng.de\/wp-content\/uploads\/2022\/12\/Quiz-4-scaled.jpg 1332w\" sizes=\"auto, (max-width: 156px) 100vw, 156px\" \/><\/a><figcaption>Der Endstand.<\/figcaption><\/figure>\n<\/div>\n\n\n<p>Der Quizmaster beendet das Quiz rechtzeitig vor Stundenende. M\u00f6glicherweise werden nicht alle Fragen geschafft, dann sollte man die letzte Runde ank\u00fcndigen, in der jede Gruppe noch einmal drankommt. <\/p>\n\n\n\n<p>Zum Schluss werden die Punkte zusammengez\u00e4hlt, die Platzierungen vergeben und die Sch\u00fcler*innen suchen sich ihre Preise aus.<\/p>\n\n\n\n<p>Bevor die Sch\u00fcler*innen in die Pause gehen, verlasse ich meine Quizmaster-Rolle und sage als Lehrkraft, dass die Sch\u00fcler*innen ja nun selbst einen \u00dcberblick bekommen haben, was in der Probe drankommt und ob sie schon gut vorbereitet sind. Ich lege ihnen nahe, die verbleibende Zeit bis zur Probe noch zum Lernen der Themen, bei denen sie festgestellt hatten, dass sie es nicht gut k\u00f6nnen, zu nutzen. Es ist auch m\u00f6glich, mit den Sch\u00fcler*innen gemeinsam eine ausf\u00fchrliche Reflexion zu machen.<\/p>\n\n\n\n<h3 class=\"wp-block-heading\">Fazit<\/h3>\n\n\n\n<p>Ich habe in der \u00fcberwiegenden Mehrzahl der Klassen und Lerngruppen sehr positive Erfahrungen mit dem Quiz gemacht. Die Sch\u00fcler*innen m\u00f6gen die spielerische und wettkampforienterte Atmosph\u00e4re und strengen sich meistens sehr an, in der Gruppe zu der richtigen Antwort auf die jeweilige Frage zu kommen. Meistens klappt es auch gut, dass die Gruppen, die gerade nicht an der Reihe sind, ebenfalls fl\u00fcsternd beraten. (Das empfehle ich immer, denn zum einen k\u00f6nnte es ja sein, dass die Frage falsch beantwortet und zur\u00fcckgeh\u00e4ngt wird, und zum anderen festigen gerade diese Beratungsrunden das Wissen besonders gut.) Die Sch\u00fcler*innen und ich freuen uns immer auf die Quizstunden &#8211; und in der anschlie\u00dfenden Probe gibt es dann meistens viele gute Ergebnisse.<\/p>\n<div class=\"pvc_clear\"><\/div><p id=\"pvc_stats_2454\" class=\"pvc_stats all  \" data-element-id=\"2454\" style=\"\"><i class=\"pvc-stats-icon small\" aria-hidden=\"true\"><svg aria-hidden=\"true\" focusable=\"false\" data-prefix=\"far\" data-icon=\"chart-bar\" role=\"img\" xmlns=\"http:\/\/www.w3.org\/2000\/svg\" viewBox=\"0 0 512 512\" class=\"svg-inline--fa fa-chart-bar fa-w-16 fa-2x\"><path fill=\"currentColor\" d=\"M396.8 352h22.4c6.4 0 12.8-6.4 12.8-12.8V108.8c0-6.4-6.4-12.8-12.8-12.8h-22.4c-6.4 0-12.8 6.4-12.8 12.8v230.4c0 6.4 6.4 12.8 12.8 12.8zm-192 0h22.4c6.4 0 12.8-6.4 12.8-12.8V140.8c0-6.4-6.4-12.8-12.8-12.8h-22.4c-6.4 0-12.8 6.4-12.8 12.8v198.4c0 6.4 6.4 12.8 12.8 12.8zm96 0h22.4c6.4 0 12.8-6.4 12.8-12.8V204.8c0-6.4-6.4-12.8-12.8-12.8h-22.4c-6.4 0-12.8 6.4-12.8 12.8v134.4c0 6.4 6.4 12.8 12.8 12.8zM496 400H48V80c0-8.84-7.16-16-16-16H16C7.16 64 0 71.16 0 80v336c0 17.67 14.33 32 32 32h464c8.84 0 16-7.16 16-16v-16c0-8.84-7.16-16-16-16zm-387.2-48h22.4c6.4 0 12.8-6.4 12.8-12.8v-70.4c0-6.4-6.4-12.8-12.8-12.8h-22.4c-6.4 0-12.8 6.4-12.8 12.8v70.4c0 6.4 6.4 12.8 12.8 12.8z\" class=\"\"><\/path><\/svg><\/i> <img loading=\"lazy\" decoding=\"async\" width=\"16\" height=\"16\" alt=\"Loading\" src=\"https:\/\/s-ng.de\/wp-content\/plugins\/page-views-count\/ajax-loader-2x.gif\" border=0 \/><\/p><div class=\"pvc_clear\"><\/div>","protected":false},"excerpt":{"rendered":"<p>Oft wiederholt man vor einer Klassenarbeit (in Bayern: &#8222;Probe&#8220; oder &#8222;Schulaufgabe&#8220;) mit den Sch\u00fcler*innen noch einmal den Lernstoff. Dies mache&hellip;<\/p>\n","protected":false},"author":1,"featured_media":2458,"parent":50,"menu_order":9,"comment_status":"open","ping_status":"closed","template":"","meta":{"footnotes":""},"class_list":["post-2454","page","type-page","status-publish","has-post-thumbnail","hentry"],"_links":{"self":[{"href":"https:\/\/s-ng.de\/index.php?rest_route=\/wp\/v2\/pages\/2454","targetHints":{"allow":["GET"]}}],"collection":[{"href":"https:\/\/s-ng.de\/index.php?rest_route=\/wp\/v2\/pages"}],"about":[{"href":"https:\/\/s-ng.de\/index.php?rest_route=\/wp\/v2\/types\/page"}],"author":[{"embeddable":true,"href":"https:\/\/s-ng.de\/index.php?rest_route=\/wp\/v2\/users\/1"}],"replies":[{"embeddable":true,"href":"https:\/\/s-ng.de\/index.php?rest_route=%2Fwp%2Fv2%2Fcomments&post=2454"}],"version-history":[{"count":2,"href":"https:\/\/s-ng.de\/index.php?rest_route=\/wp\/v2\/pages\/2454\/revisions"}],"predecessor-version":[{"id":2468,"href":"https:\/\/s-ng.de\/index.php?rest_route=\/wp\/v2\/pages\/2454\/revisions\/2468"}],"up":[{"embeddable":true,"href":"https:\/\/s-ng.de\/index.php?rest_route=\/wp\/v2\/pages\/50"}],"wp:featuredmedia":[{"embeddable":true,"href":"https:\/\/s-ng.de\/index.php?rest_route=\/wp\/v2\/media\/2458"}],"wp:attachment":[{"href":"https:\/\/s-ng.de\/index.php?rest_route=%2Fwp%2Fv2%2Fmedia&parent=2454"}],"curies":[{"name":"wp","href":"https:\/\/api.w.org\/{rel}","templated":true}]}}