{"id":2578,"date":"2023-11-17T19:32:18","date_gmt":"2023-11-17T18:32:18","guid":{"rendered":"https:\/\/s-ng.de\/?page_id=2578"},"modified":"2025-05-16T21:54:35","modified_gmt":"2025-05-16T19:54:35","slug":"wwzl-die-fortsetzung-von-weil-du-es-bist-ist-in-arbeit","status":"publish","type":"page","link":"https:\/\/s-ng.de\/?page_id=2578","title":{"rendered":"Weil wir zusammen leuchten &#8211; Liebesroman"},"content":{"rendered":"\n<p><\/p>\n\n\n<div class=\"wp-block-image\">\n<figure class=\"alignright size-full is-resized\"><a href=\"https:\/\/s-ng.de\/wp-content\/uploads\/2025\/02\/Cover-WWZL-E-Book-1080.jpg\"><img loading=\"lazy\" decoding=\"async\" width=\"676\" height=\"1080\" src=\"https:\/\/s-ng.de\/wp-content\/uploads\/2025\/02\/Cover-WWZL-E-Book-1080.jpg\" alt=\"\" class=\"wp-image-2653\" style=\"width:169px;height:270px\" srcset=\"https:\/\/s-ng.de\/wp-content\/uploads\/2025\/02\/Cover-WWZL-E-Book-1080.jpg 676w, https:\/\/s-ng.de\/wp-content\/uploads\/2025\/02\/Cover-WWZL-E-Book-1080-188x300.jpg 188w\" sizes=\"auto, (max-width: 676px) 100vw, 676px\" \/><\/a><\/figure>\n<\/div>\n\n\n<p>Nach zweieinhalb Jahren Schreibzeit ist es nun so weit: &#8222;Weil wir zusammen leuchten&#8220; ist erschienen! Das Schreiberlebnis war sehr intensiv, emotional und (heraus-)fordernd &#8211; und die ersten Leser*innen (Vorableser&#8217;innen und Blogger*innen) haben bereits r\u00fcckgemeldet, dass ihr Leseerlebnis ebenfalls sehr intensiv, ber\u00fchrend und fesselnd war. Ich freue mich sehr, das Buch nun in die gro\u00dfe, weite Buchwelt zu entlassen.<\/p>\n\n\n\n<p>Wie geht es mit Sascha und Fredi weiter? Die Fortsetzung von &#8222;Weil du es bist&#8220; beginnt an dem Tag &#8211; in der Sekunde &#8211; wo &#8222;Weil du es bist&#8220; aufh\u00f6rt: Am Nachmittag des 29. Juli 2012 auf der Wiese vom Maschsee-Strandbad.<\/p>\n\n\n\n<p><\/p>\n\n\n\n<h2 class=\"wp-block-heading\">Hier kannst du das Buch kaufen:<\/h2>\n\n\n\n<p><\/p>\n\n\n\n<p>\u2192<a href=\"https:\/\/www.thalia.de\/shop\/home\/artikeldetails\/A1057134517\" target=\"_blank\" rel=\"noreferrer noopener\"> <\/a><a href=\"https:\/\/www.thalia.de\/shop\/home\/artikeldetails\/A1074294675\" target=\"_blank\" rel=\"noreferrer noopener\">zum Buch bei Thalia (Paperback)<\/a><br>\u2192<a href=\"https:\/\/www.hugendubel.de\/de\/taschenbuch\/sabine_nagel-irgendwie_dazwischen_oder_das_mit_percy-41790241-produkt-details.html\" target=\"_blank\" rel=\"noreferrer noopener\"> <\/a><a href=\"https:\/\/www.hugendubel.de\/de\/taschenbuch\/sabine_nagel-weil_wir_zusammen_leuchten-49942411-produkt-details.html\" target=\"_blank\" rel=\"noreferrer noopener\">zum Buch bei Hugendubel (Paperback)<\/a><br>\u2192 <a href=\"https:\/\/www.genialokal.de\/Produkt\/Sabine-Nagel\/Weil-wir-zusammen-leuchten_lid_54867841.html\" target=\"_blank\" rel=\"noreferrer noopener\">zum Buch bei genialokal, der Gemeinschaft von \u00fcber 700 inhabergef\u00fchrten Buchhandlungen in ganz Deutschland (Paperback)<\/a><br>\u2192 <a href=\"https:\/\/www.amazon.de\/dp\/B0DVLZWZLL\" target=\"_blank\" rel=\"noreferrer noopener\">zum Buch bei Amazon (E-Book und Paperback)<\/a><br>&#8230; und nat\u00fcrlich in jeder anderen Buchhandlung deiner Wahl<\/p>\n\n\n\n<p><\/p>\n\n\n\n<h2 class=\"wp-block-heading\"><strong>So lautet der Klappentext zum Buch:<\/strong><\/h2>\n\n\n\n<p><\/p>\n\n\n\n<p class=\"has-secondary-color has-text-color\"><strong>\u201eIch bin stabil, Fredi. Ich h\u00e4tte nie, wirklich nie mit dir wieder eine Beziehung angefangen, wenn ich mir nicht sicher w\u00e4re, dass ich daf\u00fcr heil genug bin.\u201c<\/strong><\/p>\n\n\n\n<p class=\"has-secondary-color has-text-color\">Diesmal wollen Fredi und Sascha es besser machen. Langsamer. Den Schmerz gemeinsam aushalten, anstatt ihn zu leugnen. Nichts mehr ausblenden, nicht die Vergangenheit und nicht die Begegnung mit den Eltern.<\/p>\n\n\n\n<p class=\"has-secondary-color has-text-color\">Doch wie soll man es langsam angehen lassen, wenn alles in einem sich nach dem anderen verzehrt? Wie sehr darf man sich dem Schmerz stellen, ohne dass er all das Sch\u00f6ne \u00fcberstrahlt?<\/p>\n\n\n\n<p class=\"has-secondary-color has-text-color\">Niemals h\u00e4tte Fredi gedacht, dass ihr Besuch bei Saschas Familie so schwierig werden w\u00fcrde. Auf einmal lernt sie Sascha von einer vollkommen anderen Seite kennen &#8211; und ein einziges Gespr\u00e4ch mit seiner Ex-Freundin beschw\u00f6rt Bilder und Gedanken herauf, die Fredi besser niemals gesehen und gedacht h\u00e4tte. Werden die vier Tage in Saschas Heimat doch zu dem Himmelfahrtskommando, vor dem sich Sascha so gef\u00fcrchtet hat? Ist Sascha wirklich stabil genug f\u00fcr ein echtes F\u00fcr immer?<\/p>\n\n\n\n<p class=\"has-secondary-color has-text-color\"><em>Eine aufw\u00fchlende und dichte Geschichte \u00fcber eine gro\u00dfe Liebe, m\u00e4chtige \u00c4ngste und innere K\u00e4mpfe, \u00fcber die Auseinandersetzung mit der eigenen Schuld und \u00fcber das Verzeihen. &#8222;Weil wir zusammen leuchten&#8220; erz\u00e4hlt vom Zulassen und vom Heilen &#8211; und vom Gl\u00fcck, das so viel heller strahlt, wenn man aus dem Dunkeln kommt.<\/em><\/p>\n\n\n\n<p><\/p>\n\n\n\n<h2 class=\"wp-block-heading\">Leseprobe:<\/h2>\n\n\n\n<p><\/p>\n\n\n\n<p>Zur Leseprobe bei Thalia (die ersten 20 Seiten als Taschenbuch-Vorschau) geht es <a href=\"https:\/\/www.thalia.de\/shop\/home\/artikeldetails\/A1074294675\" target=\"_blank\" rel=\"noreferrer noopener\">hier<\/a>.<br>Zur Leseprobe bei Amazon (E-Book, die ersten 10%) geht es <a href=\"https:\/\/www.amazon.de\/dp\/B0DVLZWZLL?asin=B0DVLZWZLL&amp;revisionId=51a1f2c8&amp;format=3&amp;depth=1\" target=\"_blank\" rel=\"noreferrer noopener\">hier<\/a>.<\/p>\n\n\n\n<p><\/p>\n\n\n\n<h2 class=\"wp-block-heading\">Erste Leserstimmen:<\/h2>\n\n\n\n<p><\/p>\n\n\n\n<blockquote class=\"wp-block-quote is-layout-flow wp-block-quote-is-layout-flow\">\n<p class=\"has-medium-font-size\"><strong>Diese Fortsetzung geht ganz tief rein<\/strong><br>Wie bereits im ersten Band &#8222;Weil du es bist&#8220;, nimmt Sabine Nagel ihre Leser*innen ganz tief mit rein in die Geschichte von Fredi und dem querschnittsgel\u00e4hmten Sascha. Dahin, wo es weh tut. Aber auch dahin, wo einem das Herz aufgeht vor Liebe, Freundschaft und Zusammenhalt. In &#8222;Weil wir zusammen leuchten&#8220; erh\u00e4lt die Beziehung der Protagonisten eine zweite Chance. Sie haben dazugelernt, sind gereift. Und trotzdem ist es alles andere als leicht. Aber sie sind bereit zu k\u00e4mpfen, \u00fcber ihre Grenzen zu gehen und den Schmerz \u00fcber all die Ver\u00e4nderungen und Verluste, die Saschas Unfall mit sich gebracht haben, zusammen auszuhalten. Die Fortsetzung kn\u00fcpft nicht nur zeitlich direkt an &#8222;Weil du es bist&#8220; an, sondern steht dem ersten Buch auch sonst in nichts nach. Der Schreibstil und das Talent der Autorin, sich so sehr in ihre Protagonisten einzuf\u00fchlen, machen ihre Romane zu einem wundersch\u00f6nen, unvergleichlichen Leseerlebnis.<\/p>\n<cite><a href=\"https:\/\/www.thalia.de\/shop\/home\/artikeldetails\/A1074294675\" target=\"_blank\" rel=\"noreferrer noopener\">(Buchh\u00e4ndlerinnen-Empfehlung von Petra Bunte auf Thalia.de)<\/a><\/cite><\/blockquote>\n\n\n\n<blockquote class=\"wp-block-quote is-style-default is-layout-flow wp-block-quote-is-layout-flow\">\n<p><strong>Absolut ber\u00fchrend und fesselnd<\/strong><br>Wunderbare Fortsetzung zu Weil du es bist. Es zeigt den steinigen Weg zu einer gesunden Beziehung, mit all seinen Hochs und Tiefs, dem Schmerz der Vergangenheit und seiner Integration in die Gegenwart und der Suche nach dem neuen Gl\u00fcck nach einem schweren Schicksalsschlag. Es besch\u00f6nigt nichts, zeigt die Zerrissenheit, Probleme, Unsicherheit und Verzweiflung der Protagonisten, aber auch deren Hoffnung und ihr Wachsen im Einzelnen und Miteinander, sowie gemeinsame Freude und auch im gr\u00f6ssten Schmerz, blickt immer wieder der Humor von Sascha und Fredi durch. Mich hat ihre Reise sehr ber\u00fchrt und gefesselt. Absolute Leseempfehlung.<\/p>\n<cite><a href=\"https:\/\/www.amazon.de\/gp\/customer-reviews\/R2UVD8Z45QJ3LD?ie=UTF8&amp;ASIN=B0DVLZWZLL\" target=\"_blank\" rel=\"noreferrer noopener\">giannimortale auf Amazon<\/a><\/cite><\/blockquote>\n\n\n\n<blockquote class=\"wp-block-quote is-layout-flow wp-block-quote-is-layout-flow\">\n<p>Die Zeilen der Autorin Sabine Nagel habe ich auch in diesem Buch wieder verschlungen und konnte es nur schwer aus der Hand legen. [&#8230;] Auch hier, habe ich wieder mit den Protagonisten geweint und gelacht. [&#8230;] Zusammen mit Fredi und Sascha habe ich mich weiterentwickelt, habe gelernt, den anderen zu verstehen. Beim Lesen verga\u00df ich manchmal, dass dies eine fiktive Geschichte ist, es f\u00fchlte sich alles sehr real an. Die Erz\u00e4hlung hat mich sehr ber\u00fchrt, das lag nicht nur an dem Inhalt, sondern auch an der Art und Weise, wie die Autorin Sabine Nagel mit Worten die Zeilen f\u00fcllte. Aus meiner Sicht hat sie hier wieder sehr literarisch gekonnt mich als Leser verf\u00fchrt. [&#8230;] Auch dieses Buch wirkte wieder in mir nach und brachte mich zum Nachdenken. Abschlie\u00dfend kann ich nur sagen: &#8222;Unbedingt lesen&#8220;.<\/p>\n<cite><a href=\"https:\/\/www.lovelybooks.de\/autor\/Sabine-Nagel\/Weil-wir-zusammen-leuchten-17707639488-w\/rezension\/17760598452\/\" target=\"_blank\" rel=\"noreferrer noopener\">Vorableserin Xynovia auf Lovelybooks.de<\/a><\/cite><\/blockquote>\n\n\n\n<blockquote class=\"wp-block-quote is-layout-flow wp-block-quote-is-layout-flow\">\n<p>F\u00fcr mich ist dieses Buch schon jetzt [im Januar] ein Highlight des Jahres! Ich habe jede Sekunde und jedes Wort in diesem Buch genossen.<\/p>\n<cite><a href=\"https:\/\/www.instagram.com\/p\/DFK0OcQBhmp\/?img_index=1\" target=\"_blank\" rel=\"noreferrer noopener\">Bearas B\u00fccherwunderland auf Instagram<\/a><\/cite><\/blockquote>\n\n\n\n<blockquote class=\"wp-block-quote is-layout-flow wp-block-quote-is-layout-flow\">\n<p>Fredi und Sascha. Man erh\u00e4lt tiefe Einblicke was im Leben anders wird nach so einem Unfall, K\u00f6rperlich aber auch psychisch. Wie jemand abst\u00fcrzt, wie lange es braucht da wieder rauszukommen. Was es f\u00fcr eine Beziehung hei\u00dft.<br>Aber man erlebt auch Fredi mit einem absolut unersch\u00fctterlichen Glauben an die Liebe und an ihren Sascha. Sie ist ehrlich, direkt und einfach nicht der Typ &#8222;ich Pack dich in Watte&#8220;.<br>Gemeinsam wachsen beide an der Herausforderung und lernen vor allem, wie wichtig es ist, miteinander zu reden.<br>Ein gro\u00dfartiges Buch, mir fehlen die beiden Charaktere jetzt schon. Man w\u00fcrde einfach gerne unendlich lang weiterlesen und in ihr Leben eintauchen.<\/p>\n<cite><a href=\"https:\/\/www.amazon.de\/gp\/customer-reviews\/R36FVKH9QFY1J4?ie=UTF8&amp;ASIN=B0DVLZWZLL\" target=\"_blank\" rel=\"noreferrer noopener\">Eine Leserin auf Amazon<\/a><\/cite><\/blockquote>\n\n\n\n<h2 class=\"wp-block-heading\">Soundtrack<\/h2>\n\n\n<div class=\"wp-block-image is-style-default\">\n<figure class=\"alignleft size-full is-resized\"><a href=\"https:\/\/s-ng.de\/wp-content\/uploads\/2025\/02\/Screenshot_20250208_213712_Spotify1.jpg\"><img loading=\"lazy\" decoding=\"async\" width=\"518\" height=\"769\" src=\"https:\/\/s-ng.de\/wp-content\/uploads\/2025\/02\/Screenshot_20250208_213712_Spotify1.jpg\" alt=\"\" class=\"wp-image-2666\" style=\"width:130px;height:192px\" srcset=\"https:\/\/s-ng.de\/wp-content\/uploads\/2025\/02\/Screenshot_20250208_213712_Spotify1.jpg 518w, https:\/\/s-ng.de\/wp-content\/uploads\/2025\/02\/Screenshot_20250208_213712_Spotify1-202x300.jpg 202w\" sizes=\"auto, (max-width: 518px) 100vw, 518px\" \/><\/a><\/figure>\n<\/div>\n\n\n<p><\/p>\n\n\n\n<p>Auch zu &#8222;Weil wir zusammen leuchten&#8220; gibt es einen Soundtrack. F\u00fcr alle, die nach dem Lesen noch ein bisschen gedanklich und stimmungsm\u00e4\u00dfig im Buch verbleiben m\u00f6chten und die Geschichte noch einmal nachklingen lassen m\u00f6chten.<\/p>\n\n\n\n<p>Den Soundtrack gibt es bei Spotify zum Anh\u00f6ren. Einfach <a rel=\"noreferrer noopener\" href=\"https:\/\/open.spotify.com\/playlist\/0sDI0b0GlNk6oWkJ3TagQS\" target=\"_blank\">hier <\/a>klicken.<\/p>\n\n\n\n<h2 class=\"wp-block-heading\"><strong>Ein paar kleine Einblicke in das Buch:<\/strong><\/h2>\n\n\n\n<figure class=\"wp-block-image size-large\"><a href=\"https:\/\/s-ng.de\/wp-content\/uploads\/2025\/05\/WWZL-Schnipsel1-1-1.jpg\"><img loading=\"lazy\" decoding=\"async\" width=\"700\" height=\"700\" src=\"https:\/\/s-ng.de\/wp-content\/uploads\/2025\/05\/WWZL-Schnipsel1-1-1-700x700.jpg\" alt=\"\" class=\"wp-image-2725\" srcset=\"https:\/\/s-ng.de\/wp-content\/uploads\/2025\/05\/WWZL-Schnipsel1-1-1-700x700.jpg 700w, https:\/\/s-ng.de\/wp-content\/uploads\/2025\/05\/WWZL-Schnipsel1-1-1-300x300.jpg 300w, https:\/\/s-ng.de\/wp-content\/uploads\/2025\/05\/WWZL-Schnipsel1-1-1-150x150.jpg 150w, https:\/\/s-ng.de\/wp-content\/uploads\/2025\/05\/WWZL-Schnipsel1-1-1-768x768.jpg 768w, https:\/\/s-ng.de\/wp-content\/uploads\/2025\/05\/WWZL-Schnipsel1-1-1.jpg 1080w\" sizes=\"auto, (max-width: 700px) 100vw, 700px\" \/><\/a><\/figure>\n\n\n\n<figure class=\"wp-block-image size-large\"><a href=\"https:\/\/s-ng.de\/wp-content\/uploads\/2025\/05\/WWZL-Schnipsel2-1-1.jpg\"><img loading=\"lazy\" decoding=\"async\" width=\"700\" height=\"700\" src=\"https:\/\/s-ng.de\/wp-content\/uploads\/2025\/05\/WWZL-Schnipsel2-1-1-700x700.jpg\" alt=\"\" class=\"wp-image-2726\" srcset=\"https:\/\/s-ng.de\/wp-content\/uploads\/2025\/05\/WWZL-Schnipsel2-1-1-700x700.jpg 700w, https:\/\/s-ng.de\/wp-content\/uploads\/2025\/05\/WWZL-Schnipsel2-1-1-300x300.jpg 300w, https:\/\/s-ng.de\/wp-content\/uploads\/2025\/05\/WWZL-Schnipsel2-1-1-150x150.jpg 150w, https:\/\/s-ng.de\/wp-content\/uploads\/2025\/05\/WWZL-Schnipsel2-1-1-768x768.jpg 768w, https:\/\/s-ng.de\/wp-content\/uploads\/2025\/05\/WWZL-Schnipsel2-1-1.jpg 1080w\" sizes=\"auto, (max-width: 700px) 100vw, 700px\" \/><\/a><\/figure>\n\n\n\n<figure class=\"wp-block-image size-large\"><a href=\"https:\/\/s-ng.de\/wp-content\/uploads\/2025\/05\/WWZL-Schnipsel3.jpg\"><img loading=\"lazy\" decoding=\"async\" width=\"700\" height=\"700\" src=\"https:\/\/s-ng.de\/wp-content\/uploads\/2025\/05\/WWZL-Schnipsel3-700x700.jpg\" alt=\"\" class=\"wp-image-2727\" srcset=\"https:\/\/s-ng.de\/wp-content\/uploads\/2025\/05\/WWZL-Schnipsel3-700x700.jpg 700w, https:\/\/s-ng.de\/wp-content\/uploads\/2025\/05\/WWZL-Schnipsel3-300x300.jpg 300w, https:\/\/s-ng.de\/wp-content\/uploads\/2025\/05\/WWZL-Schnipsel3-150x150.jpg 150w, https:\/\/s-ng.de\/wp-content\/uploads\/2025\/05\/WWZL-Schnipsel3-768x768.jpg 768w, https:\/\/s-ng.de\/wp-content\/uploads\/2025\/05\/WWZL-Schnipsel3.jpg 1080w\" sizes=\"auto, (max-width: 700px) 100vw, 700px\" \/><\/a><\/figure>\n\n\n\n<figure class=\"wp-block-image size-large\"><a href=\"https:\/\/s-ng.de\/wp-content\/uploads\/2025\/05\/WWZL-Schnipsel5-.jpg\"><img loading=\"lazy\" decoding=\"async\" width=\"700\" height=\"700\" src=\"https:\/\/s-ng.de\/wp-content\/uploads\/2025\/05\/WWZL-Schnipsel5--700x700.jpg\" alt=\"\" class=\"wp-image-2729\" srcset=\"https:\/\/s-ng.de\/wp-content\/uploads\/2025\/05\/WWZL-Schnipsel5--700x700.jpg 700w, https:\/\/s-ng.de\/wp-content\/uploads\/2025\/05\/WWZL-Schnipsel5--300x300.jpg 300w, https:\/\/s-ng.de\/wp-content\/uploads\/2025\/05\/WWZL-Schnipsel5--150x150.jpg 150w, https:\/\/s-ng.de\/wp-content\/uploads\/2025\/05\/WWZL-Schnipsel5--768x768.jpg 768w, https:\/\/s-ng.de\/wp-content\/uploads\/2025\/05\/WWZL-Schnipsel5-.jpg 1080w\" sizes=\"auto, (max-width: 700px) 100vw, 700px\" \/><\/a><\/figure>\n\n\n\n<figure class=\"wp-block-image size-large\"><a href=\"https:\/\/s-ng.de\/wp-content\/uploads\/2025\/05\/WWZL-Schnipsel4.jpg\"><img loading=\"lazy\" decoding=\"async\" width=\"700\" height=\"700\" src=\"https:\/\/s-ng.de\/wp-content\/uploads\/2025\/05\/WWZL-Schnipsel4-700x700.jpg\" alt=\"\" class=\"wp-image-2728\" srcset=\"https:\/\/s-ng.de\/wp-content\/uploads\/2025\/05\/WWZL-Schnipsel4-700x700.jpg 700w, https:\/\/s-ng.de\/wp-content\/uploads\/2025\/05\/WWZL-Schnipsel4-300x300.jpg 300w, https:\/\/s-ng.de\/wp-content\/uploads\/2025\/05\/WWZL-Schnipsel4-150x150.jpg 150w, https:\/\/s-ng.de\/wp-content\/uploads\/2025\/05\/WWZL-Schnipsel4-768x768.jpg 768w, https:\/\/s-ng.de\/wp-content\/uploads\/2025\/05\/WWZL-Schnipsel4.jpg 1080w\" sizes=\"auto, (max-width: 700px) 100vw, 700px\" \/><\/a><\/figure>\n\n\n\n<figure class=\"wp-block-image size-large\"><a href=\"https:\/\/s-ng.de\/wp-content\/uploads\/2025\/05\/WWZL-Schnipsel7.jpg\"><img loading=\"lazy\" decoding=\"async\" width=\"700\" height=\"700\" src=\"https:\/\/s-ng.de\/wp-content\/uploads\/2025\/05\/WWZL-Schnipsel7-700x700.jpg\" alt=\"\" class=\"wp-image-2731\" srcset=\"https:\/\/s-ng.de\/wp-content\/uploads\/2025\/05\/WWZL-Schnipsel7-700x700.jpg 700w, https:\/\/s-ng.de\/wp-content\/uploads\/2025\/05\/WWZL-Schnipsel7-300x300.jpg 300w, https:\/\/s-ng.de\/wp-content\/uploads\/2025\/05\/WWZL-Schnipsel7-150x150.jpg 150w, https:\/\/s-ng.de\/wp-content\/uploads\/2025\/05\/WWZL-Schnipsel7-768x768.jpg 768w, https:\/\/s-ng.de\/wp-content\/uploads\/2025\/05\/WWZL-Schnipsel7.jpg 1080w\" sizes=\"auto, (max-width: 700px) 100vw, 700px\" \/><\/a><\/figure>\n\n\n\n<figure class=\"wp-block-image size-large\"><a href=\"https:\/\/s-ng.de\/wp-content\/uploads\/2025\/05\/WWZL-Schnipsel6.jpg\"><img loading=\"lazy\" decoding=\"async\" width=\"700\" height=\"700\" src=\"https:\/\/s-ng.de\/wp-content\/uploads\/2025\/05\/WWZL-Schnipsel6-700x700.jpg\" alt=\"\" class=\"wp-image-2730\" srcset=\"https:\/\/s-ng.de\/wp-content\/uploads\/2025\/05\/WWZL-Schnipsel6-700x700.jpg 700w, https:\/\/s-ng.de\/wp-content\/uploads\/2025\/05\/WWZL-Schnipsel6-300x300.jpg 300w, https:\/\/s-ng.de\/wp-content\/uploads\/2025\/05\/WWZL-Schnipsel6-150x150.jpg 150w, https:\/\/s-ng.de\/wp-content\/uploads\/2025\/05\/WWZL-Schnipsel6-768x768.jpg 768w, https:\/\/s-ng.de\/wp-content\/uploads\/2025\/05\/WWZL-Schnipsel6.jpg 1080w\" sizes=\"auto, (max-width: 700px) 100vw, 700px\" \/><\/a><\/figure>\n<div class=\"pvc_clear\"><\/div><p id=\"pvc_stats_2578\" class=\"pvc_stats all  \" data-element-id=\"2578\" style=\"\"><i class=\"pvc-stats-icon small\" aria-hidden=\"true\"><svg aria-hidden=\"true\" focusable=\"false\" data-prefix=\"far\" data-icon=\"chart-bar\" role=\"img\" xmlns=\"http:\/\/www.w3.org\/2000\/svg\" viewBox=\"0 0 512 512\" class=\"svg-inline--fa fa-chart-bar fa-w-16 fa-2x\"><path fill=\"currentColor\" d=\"M396.8 352h22.4c6.4 0 12.8-6.4 12.8-12.8V108.8c0-6.4-6.4-12.8-12.8-12.8h-22.4c-6.4 0-12.8 6.4-12.8 12.8v230.4c0 6.4 6.4 12.8 12.8 12.8zm-192 0h22.4c6.4 0 12.8-6.4 12.8-12.8V140.8c0-6.4-6.4-12.8-12.8-12.8h-22.4c-6.4 0-12.8 6.4-12.8 12.8v198.4c0 6.4 6.4 12.8 12.8 12.8zm96 0h22.4c6.4 0 12.8-6.4 12.8-12.8V204.8c0-6.4-6.4-12.8-12.8-12.8h-22.4c-6.4 0-12.8 6.4-12.8 12.8v134.4c0 6.4 6.4 12.8 12.8 12.8zM496 400H48V80c0-8.84-7.16-16-16-16H16C7.16 64 0 71.16 0 80v336c0 17.67 14.33 32 32 32h464c8.84 0 16-7.16 16-16v-16c0-8.84-7.16-16-16-16zm-387.2-48h22.4c6.4 0 12.8-6.4 12.8-12.8v-70.4c0-6.4-6.4-12.8-12.8-12.8h-22.4c-6.4 0-12.8 6.4-12.8 12.8v70.4c0 6.4 6.4 12.8 12.8 12.8z\" class=\"\"><\/path><\/svg><\/i> <img loading=\"lazy\" decoding=\"async\" width=\"16\" height=\"16\" alt=\"Loading\" src=\"https:\/\/s-ng.de\/wp-content\/plugins\/page-views-count\/ajax-loader-2x.gif\" border=0 \/><\/p><div class=\"pvc_clear\"><\/div>","protected":false},"excerpt":{"rendered":"<p>Nach zweieinhalb Jahren Schreibzeit ist es nun so weit: &#8222;Weil wir zusammen leuchten&#8220; ist erschienen! Das Schreiberlebnis war sehr intensiv,&hellip;<\/p>\n","protected":false},"author":1,"featured_media":2662,"parent":27,"menu_order":8,"comment_status":"closed","ping_status":"closed","template":"","meta":{"footnotes":""},"class_list":["post-2578","page","type-page","status-publish","has-post-thumbnail","hentry"],"_links":{"self":[{"href":"https:\/\/s-ng.de\/index.php?rest_route=\/wp\/v2\/pages\/2578","targetHints":{"allow":["GET"]}}],"collection":[{"href":"https:\/\/s-ng.de\/index.php?rest_route=\/wp\/v2\/pages"}],"about":[{"href":"https:\/\/s-ng.de\/index.php?rest_route=\/wp\/v2\/types\/page"}],"author":[{"embeddable":true,"href":"https:\/\/s-ng.de\/index.php?rest_route=\/wp\/v2\/users\/1"}],"replies":[{"embeddable":true,"href":"https:\/\/s-ng.de\/index.php?rest_route=%2Fwp%2Fv2%2Fcomments&post=2578"}],"version-history":[{"count":23,"href":"https:\/\/s-ng.de\/index.php?rest_route=\/wp\/v2\/pages\/2578\/revisions"}],"predecessor-version":[{"id":2736,"href":"https:\/\/s-ng.de\/index.php?rest_route=\/wp\/v2\/pages\/2578\/revisions\/2736"}],"up":[{"embeddable":true,"href":"https:\/\/s-ng.de\/index.php?rest_route=\/wp\/v2\/pages\/27"}],"wp:featuredmedia":[{"embeddable":true,"href":"https:\/\/s-ng.de\/index.php?rest_route=\/wp\/v2\/media\/2662"}],"wp:attachment":[{"href":"https:\/\/s-ng.de\/index.php?rest_route=%2Fwp%2Fv2%2Fmedia&parent=2578"}],"curies":[{"name":"wp","href":"https:\/\/api.w.org\/{rel}","templated":true}]}}