{"id":314,"date":"2011-10-20T19:32:43","date_gmt":"2011-10-20T17:32:43","guid":{"rendered":"http:\/\/s-ng.de\/?page_id=314"},"modified":"2011-10-20T21:28:01","modified_gmt":"2011-10-20T19:28:01","slug":"inhaltsverzeichnis","status":"publish","type":"page","link":"https:\/\/s-ng.de\/?page_id=314","title":{"rendered":"Inhaltsverzeichnis"},"content":{"rendered":"<h2>Hochbegabte Kinder in der Grundschule. Erkennen &#8211; Verstehen &#8211; Im Unterricht ber\u00fccksichtigen.<\/h2>\n<dl>\n<dt><\/dt>\n<dt>Ein sehr pers\u00f6nliches Vorwort<\/dt>\n<dt>Zum Vorgehen<\/dt>\n<dd><\/dd>\n<\/dl>\n<h3><strong><span style=\"font-size: xx-small;\">TEIL I: GRUNDLEGENDE \u00dcBERLEGUNGEN<\/span><\/strong><\/h3>\n<dl>\n<dd><\/dd>\n<dt><strong>1.\u00a0\u00a0 Begabung &#8211; \u00dcberdurchschnittliche Begabung. Begriffsbestimmung<\/strong><\/dt>\n<dt>1.1\u00a0\u00a0 <span style=\"text-decoration: underline;\">Intelligenz<\/span><\/dt>\n<\/dl>\n<p>1.1.1\u00a0\u00a0 Intelligenzdefinitionen.<br \/>\n1.1.2\u00a0\u00a0 Intelligenztheorien<br \/>\nHierarchische Faktorenmodelle<br \/>\nModelle mit voneinander unabh\u00e4ngigen Faktoren<br \/>\nDas Intelligenzstrukturmodell von Guilford<br \/>\n1.1.3\u00a0\u00a0 Die Messung von Intelligenz<br \/>\nAusdruck in IQ-Werten<br \/>\nAusdruck in Prozentrang-Werten<br \/>\nProbleme bei der Messung von Intelligenz<\/p>\n<dl>\n<dt>1.2\u00a0\u00a0 <span style=\"text-decoration: underline;\">Kreativit\u00e4t<\/span><\/dt>\n<\/dl>\n<p>1.2.1\u00a0\u00a0 Begriffsbestimmung<br \/>\n1.2.2\u00a0\u00a0 Zum Verh\u00e4ltnis von Intelligenz und Kreativit\u00e4t<\/p>\n<dl>\n<dt>1.3\u00a0\u00a0 <span style=\"text-decoration: underline;\">Begabung<\/span><\/dt>\n<dt><\/dt>\n<dt><\/dt>\n<dt>1.4\u00a0\u00a0 <span style=\"text-decoration: underline;\">Zum Begabungsbegriff<\/span><\/dt>\n<\/dl>\n<p>1.4.1\u00a0\u00a0 Statischer Begabungsbegriff<br \/>\n1.4.2\u00a0\u00a0 Dynamischer Begabungsbegriff<br \/>\n1.4.3\u00a0\u00a0 Der in dieser Arbeit verwendete Begabungsbegriff und die daraus abgeleitete zentrale Fragestellung dieser Arbeit<\/p>\n<dl>\n<dt>1.5 \u00a0\u00a0 <span style=\"text-decoration: underline;\">Begabung und Leistung. Eine Verh\u00e4ltnisbestimmung<\/span><\/dt>\n<\/dl>\n<p>1.5.1 \u00a0\u00a0 Das Drei-Ringe-Modell von Renzulli<br \/>\n1.5.2 \u00a0\u00a0 Das M\u00fcnchener Begabungsmodell<\/p>\n<dl>\n<dt>1.6 \u00a0\u00a0 <span style=\"text-decoration: underline;\">Hochbegabung. Einige Definitionsversuche<\/span><\/dt>\n<\/dl>\n<p>1.6.1 \u00a0\u00a0 Ex-post-facto-Definitionen<br \/>\n1.6.2 \u00a0\u00a0 IQ-Definitionen<br \/>\n1.6.3 \u00a0\u00a0 Prozentsatz-Definitionen<br \/>\n1.6.4 \u00a0\u00a0 Verbindliche Definition f\u00fcr den Kontext dieser Arbeit<br \/>\n1.6.5 \u00a0\u00a0 Zur Problematik von Definitionen der Hochbegabung<\/p>\n<dl>\n<dt>1.7 \u00a0\u00a0 <span style=\"text-decoration: underline;\">Merkmale hochbegabter Kinder<\/span><\/dt>\n<\/dl>\n<p>1.7.1 \u00a0\u00a0 Ausgepr\u00e4gte Lebhaftigkeit<br \/>\n1.7.2 \u00a0\u00a0 Akzelerierte Entwicklung und\/oder \u00dcberspringen von Entwicklungsstadien<br \/>\n1.7.3 \u00a0\u00a0 Fr\u00fches Interesse an Buchstaben und Zahlen<br \/>\n1.7.4 \u00a0\u00a0 F\u00fcr das Alter ungew\u00f6hnlich reicher Wortschatz und Sprachstil<br \/>\n1.7.5 \u00a0\u00a0 Gutes Ged\u00e4chtnis und genaue Beobachtungsgabe<br \/>\n1.7.6 \u00a0\u00a0 Ausgepr\u00e4gtes logisches Denkverm\u00f6gen<br \/>\n1.7.7 \u00a0\u00a0 Unstillbarer Wissensdurst und (teilweise) obsessive Interessen<br \/>\n1.7.8 \u00a0\u00a0 Gro\u00dfe Phantasie und Kreativit\u00e4t<br \/>\n1.7.9 \u00a0\u00a0 Auff\u00e4lligkeiten im Sozialverhalten<br \/>\n1.7.10 \u00a0\u00a0Perfektionismus<br \/>\n1.7.11 \u00a0\u00a0Asynchrone Entwicklung<\/p>\n<dl>\n<dt>1.8 \u00a0\u00a0 <span style=\"text-decoration: underline;\">Zur Abgrenzung von \u00abHochbegabung\u00bb und \u00abNormalbegabung\u00bb &#8211; Folgerungen f\u00fcr die Grundauffassung von Begabungsf\u00f6rderung in der Schule<\/span><\/dt>\n<dt><\/dt>\n<dt><\/dt>\n<dt><\/dt>\n<dt>1.9 \u00a0\u00a0 <span style=\"text-decoration: underline;\">Zur Wahl des Begriffes der \u00fcberdurchschnittlichen Begabung<\/span><\/dt>\n<dd><\/dd>\n<dt><strong>2.<\/strong> \u00a0\u00a0 <strong>Zur gesellschaftlichen Dimension von Begabungsf\u00f6rderung und Begabtenf\u00f6rderung<\/strong><\/dt>\n<dt><\/dt>\n<dt>2.1\u00a0\u00a0 <span style=\"text-decoration: underline;\">Verbreitete Vorbehalte gegen Hochbegabtenf\u00f6rderung<\/span><\/dt>\n<\/dl>\n<p>2.1.1 \u00a0\u00a0 Argumente gegen eine Elitebildung<br \/>\n2.1.2 \u00a0\u00a0 Argumente vor dem Hintergrund der Forderung nach Chancengleichheit<br \/>\n2.1.3 \u00a0\u00a0 Argumente vor dem Hintergrund des Vorwurfs der negativen Auslese<\/p>\n<dl>\n<dt>2.2 \u00a0\u00a0 <span style=\"text-decoration: underline;\">Hochbegabtenf\u00f6rderung vs. Chancengerechtigkeit- ein Widerspruch?<\/span><\/dt>\n<dt><\/dt>\n<dt><\/dt>\n<dt>2.3 \u00a0\u00a0 <span style=\"text-decoration: underline;\">Zur Situation in der Schule<\/span><\/dt>\n<dd><\/dd>\n<dt><strong>3.<\/strong> \u00a0\u00a0 <strong>\u00dcberdurchschnittlich begabte Kinder in der Schule. M\u00f6gliche Probleme<\/strong><\/dt>\n<dt><\/dt>\n<dt>3.1 \u00a0\u00a0 <span style=\"text-decoration: underline;\">Percy<\/span><\/dt>\n<\/dl>\n<p>3.1.1 \u00a0\u00a0 Percys Geschichte<br \/>\n3.1.2 \u00a0\u00a0 Interpretation<\/p>\n<dl>\n<dt>3.2 \u00a0\u00a0 <span style=\"text-decoration: underline;\">Franziska<\/span><\/dt>\n<\/dl>\n<p>3.2.1 \u00a0\u00a0 Franziskas Geschichte<br \/>\n3.2.2 \u00a0\u00a0 Interpretation<\/p>\n<dl>\n<dt>3.3 \u00a0\u00a0 <span style=\"text-decoration: underline;\">Philipp<\/span><\/dt>\n<\/dl>\n<p>3.3.1 \u00a0\u00a0 Philipps Geschichte<br \/>\n3.3.2 \u00a0\u00a0 Interpretation<\/p>\n<dl>\n<dt>3.4 \u00a0\u00a0 <span style=\"text-decoration: underline;\">M\u00f6gliche Probleme besonders begabter (Schul-)kinder<\/span><\/dt>\n<\/dl>\n<p>3.4.1 \u00a0\u00a0 Schulische Unterforderung und Langeweile<br \/>\n3.4.2 \u00a0\u00a0 Leistungsverweigerung<br \/>\n3.4.3 \u00a0\u00a0 Mangelhafte Lern- und Arbeitstechniken<br \/>\n3.4.4 \u00a0\u00a0 Fehlende Anstrengungsbereitschaft<br \/>\n3.4.5 \u00a0\u00a0 Schlechter Umgang mit Misserfolgen<br \/>\n3.4.6 \u00a0\u00a0 Soziale Isolation und drohende Sch\u00e4digung der Pers\u00f6nlichkeitsentwicklung<br \/>\n3.4.7 \u00a0\u00a0 Minderleistung<\/p>\n<dl>\n<dt>3.5 \u00a0\u00a0 <span style=\"text-decoration: underline;\">Die Bedeutung der Grundschule f\u00fcr die Entwicklung des Selbstkonzepts<\/span><\/dt>\n<dd><\/dd>\n<dt><strong><span style=\"font-size: xx-small;\">TEIL II: FORDERUNGEN<\/span><\/strong><\/dt>\n<dd><\/dd>\n<dt><strong>4.<\/strong>\u00a0\u00a0 <strong>Forderungen an Schule und Unterricht<\/strong><\/dt>\n<dt>4.1 \u00a0\u00a0 <span style=\"text-decoration: underline;\">Verbesserter Informationsstand der Lehrkr\u00e4fte \u00fcber die Besonderheiten und Bed\u00fcrfnisse \u00fcberdurchschnittlich begabter Kinder<\/span><\/dt>\n<dt>4.2 \u00a0\u00a0 <span style=\"text-decoration: underline;\">Begabungsfreundliches Klima<\/span><\/dt>\n<dt>4.3 \u00a0\u00a0 <span style=\"text-decoration: underline;\">Stetiger Dialog zwischen Lehrer\/innen und Sch\u00fcler\/innen<\/span><\/dt>\n<dt>4.4 \u00a0\u00a0 <span style=\"text-decoration: underline;\">Erm\u00f6glichung gr\u00f6\u00dferer Flexibilitat der Lerntempi<\/span><\/dt>\n<dt>4.5 \u00a0\u00a0 <span style=\"text-decoration: underline;\">Erm\u00f6glichung vertiefenden Lernens<\/span><\/dt>\n<dt>4.6 \u00a0\u00a0 <span style=\"text-decoration: underline;\">Ber\u00fccksichtigung von Vor- und Mehrwissen<\/span><\/dt>\n<dt>4.7 \u00a0\u00a0 <span style=\"text-decoration: underline;\">F\u00f6rderung der Kreativit\u00e4t<\/span><\/dt>\n<dt>4.8 \u00a0\u00a0 <span style=\"text-decoration: underline;\">Schaffung von herausfordernden Lernsituationen<\/span><\/dt>\n<dt>4.9 \u00a0\u00a0 <span style=\"text-decoration: underline;\">Flexible Handhabung von Versetzungsvorschriften<\/span><\/dt>\n<dt>4.10 \u00a0\u00a0 <span style=\"text-decoration: underline;\">Bereitstellung von Gelegenheiten f\u00fcr besonders begabte Kinder, Gleichbef\u00e4higte und Kinder mit \u00e4hnlichen Interessen zu finden<\/span><\/dt>\n<dd><\/dd>\n<dt><strong><span style=\"font-size: xx-small;\">TEIL III: M\u00d6GLICHKEITEN DER REALISATION<\/span><\/strong><\/dt>\n<dd><\/dd>\n<dt><strong>5. \u00a0\u00a0 \u00dcbergreifendes<\/strong><\/dt>\n<dt>5.1 \u00a0\u00a0 <span style=\"text-decoration: underline;\">M\u00f6glichkeiten der Erkennung besonderer Begabungen &#8211; und wann Diagnosen notwendig sind<\/span><\/dt>\n<dt>5.2 \u00a0\u00a0 <span style=\"text-decoration: underline;\">Das Wichtigste: Schaffung eines begabungsfreundlichen Klimas<\/span><\/dt>\n<\/dl>\n<p>5.2.1 \u00a0\u00a0 Die Einstellung der einzelnen Lehrkraft<\/p>\n<p style=\"padding-left: 60px;\">Akzeptanz unterschiedlicher Begabungsformen und -niveaus und W\u00fcrdigung auch sozialer Einstellungen und Handlungen<\/p>\n<p style=\"padding-left: 60px;\">Vermeidung von Festschreibungen und Generalisierungen bez\u00fcglich der Pers\u00f6nlichkeitsmerkmalen der Sch\u00fcler\/innen<\/p>\n<p style=\"padding-left: 60px;\">Betrachtung des individuellen Lernfortschritts<\/p>\n<p style=\"padding-left: 60px;\">Zulassen kreativer Denkprozesse und Handlungen<\/p>\n<p>5.2.2 \u00a0\u00a0 Kooperation im Kollegium<\/p>\n<p>5.2.3 \u00a0\u00a0 Einstellung der Schulleitung<\/p>\n<p>5.2.4 \u00a0\u00a0 Elternarbeit<\/p>\n<dl>\n<dt>5.3 \u00a0\u00a0 <span style=\"text-decoration: underline;\">Die drei Grundmodelle Enrichment, Grouping und Akzeleration<\/span><\/dt>\n<dd><\/dd>\n<dt><strong>6. \u00a0\u00a0 Binnendifferenzierung im vorwiegend lehrer\/innenzentrierten Unterricht. M\u00f6glichkeiten und Grenzen<\/strong><\/dt>\n<dt>6.1 \u00a0\u00a0 <span style=\"text-decoration: underline;\">Grundlegendes<\/span><\/dt>\n<\/dl>\n<p>6.1.1 \u00a0\u00a0 Definition<br \/>\n6.1.2 \u00a0\u00a0 Bemerkungen zum \u00bbSchereneffekt\u00ab<\/p>\n<dl>\n<dt>6.2 \u00a0\u00a0 <span style=\"text-decoration: underline;\">Konventionelle innere Differenzierung<\/span><\/dt>\n<\/dl>\n<p>6.2.1\u00a0\u00a0 Die Grundstrukturen<br \/>\n6.2.2 \u00a0\u00a0 Beispiel: Differenzierte Arbeitsbl\u00e4tter im Geometrieunterricht<br \/>\nDas beobachtete Unterrichtsgeschehen<br \/>\nAnalyse und Kritik<\/p>\n<dl>\n<dt>6.3 \u00a0\u00a0 <span style=\"text-decoration: underline;\">Differenzierung im Unterrichtsgespr\u00e4ch<\/span><\/dt>\n<\/dl>\n<p>6.3.1 \u00a0\u00a0 M\u00f6glichkeiten<br \/>\n6.3.2 \u00a0\u00a0 Beispiel: Elektrizit\u00e4ts-Expertengruppe<br \/>\nDas Unterrichtsgeschehen<br \/>\nAnalyse und Kritik<br \/>\n6.3.3 \u00a0\u00a0 Weitere Spielarten<\/p>\n<dl>\n<dt>6.4 \u00a0\u00a0 <span style=\"text-decoration: underline;\">Konsequente lerner\/innenorientierte Differenzierung<\/span><\/dt>\n<dt>6.5 \u00a0\u00a0 <span style=\"text-decoration: underline;\">Zu den Aufgabenstellungen<\/span><\/dt>\n<\/dl>\n<p>6.5.1 \u00a0\u00a0 Systematisierung m\u00f6glicher Aufgabentypen<\/p>\n<p style=\"padding-left: 60px;\">\u00bbGeschlossenen Aufgaben\u00ab, (Arbeitsauftr\u00e4ge)<br \/>\nImpulsaufgaben<br \/>\n\u00bbOffene\u00ab Aufgaben (Anregungen)<\/p>\n<p>6.5.2 \u00a0\u00a0 Untersuchung der drei Aufgabentypen auf ihre Eignung zur Begabungsf\u00f6rderung<br \/>\n6.5.3 \u00a0\u00a0 M\u00f6glichkeiten der begabungsgerechten Aufgabenzusammenstellung in<br \/>\nbinnendifferenzierten Unterrichtsphasen<\/p>\n<dl>\n<dt>6.6 \u00a0\u00a0 <span style=\"text-decoration: underline;\">Differenzierung als Enrichment<\/span><\/dt>\n<dd><\/dd>\n<dt><strong>7. \u00a0\u00a0 Enrichment durch Elemente Offenen Unterrichts<\/strong><\/dt>\n<dt>7.1 \u00a0\u00a0 <span style=\"text-decoration: underline;\">Offener Unterricht &#8211; Begriffsbestimmung<\/span><\/dt>\n<\/dl>\n<p>7.1.1 \u00a0\u00a0 Definition und grundlegende Aspekte<br \/>\n7.1.2 \u00a0\u00a0 Begr\u00fcndungszusammenhang<\/p>\n<p style=\"padding-left: 60px;\">Allgemeine \u00dcberlegungen<br \/>\nOffener Unterricht und \u00fcberdurchschnittliche Begabungen<\/p>\n<p>7.1.3 \u00a0\u00a0 Dimensionen der \u00d6ffnung<\/p>\n<dl>\n<dt>7.2 \u00a0\u00a0 <span style=\"text-decoration: underline;\">Wochenplanarbeit<\/span><\/dt>\n<\/dl>\n<p>7.2.1 \u00a0\u00a0 Zum Ablauf der Wochenplanarbeit und zum Aufbau des Wochenplan<br \/>\n7.2.2 \u00a0\u00a0 Vorteile der Wochenplanarbeit im Hinblick auf die F\u00f6rderung \u00fcberdurchschnittlich begabter Kinder<\/p>\n<p style=\"padding-left: 30px;\">\nBegabungsfreundliches Klima<br \/>\nKommunikationsoffener Rahmen<br \/>\nErm\u00f6glichung gr\u00f6\u00dferer Flexibilit\u00e4t der Lerntempi<br \/>\nErm\u00f6glichung vertiefenden Lernens<br \/>\nBer\u00fccksichtigung von Vorwissen<br \/>\nF\u00f6rderung divergenten Denkens<br \/>\nSchaffung herausfordernder Lernsituationen<br \/>\nM\u00f6glichkeiten des &#8222;Groupings&#8220;<br \/>\nZusammenfassung<\/p>\n<p>7.2.3 \u00a0\u00a0 Beispiele<\/p>\n<p style=\"padding-left: 30px;\">Allgemeines<br \/>\nWP einer 1. Klasse Grundschule A<br \/>\nWochenpl\u00e4ne aus der Klasse von Frau G\u00e4rtner (3. Schuljahr)<\/p>\n<dl>\n<dt>7.3 \u00a0\u00a0 <span style=\"text-decoration: underline;\">Freie Arbeit<\/span><\/dt>\n<\/dl>\n<p>7.3.1 \u00a0\u00a0 Zum Ablauf und zur Organisation<br \/>\n7.3.2 \u00a0\u00a0 Klassenzimmergestaltung und Arbeitsmaterialien<br \/>\n7.3.3 \u00a0\u00a0 Vorteile der Freien Arbeit im Hinblick auf die F\u00f6rderung \u00fcberdurchschnittlich begabter Kinder<\/p>\n<p style=\"padding-left: 60px;\">Begabungsfreundliches Klima<br \/>\nKommunikationsoffener Rahmen<br \/>\nErm\u00f6glichung gr\u00f6\u00dferer Flexibilit\u00e4t der Lerntempi<br \/>\nErm\u00f6glichung vertiefenden Lernens<br \/>\nBer\u00fccksichtigung von Vorwissen<br \/>\nF\u00f6rderung divergenten Denkens<br \/>\nSchaffung herausfordernder Lernsituationen<br \/>\nM\u00f6glichkeiten des &#8222;Groupings&#8220;<br \/>\nZusammenfassung<\/p>\n<p>7.3.4 \u00a0\u00a0 Beispiele<br \/>\n7.3.5 \u00a0\u00a0 \u00bbFreies Thema\u00ab &#8211; eine Sonderform der Freien Arbeit in derKlasse von Frau Schubert<\/p>\n<p style=\"padding-left: 60px;\">Beschreibung des Konzepts<br \/>\nBeobachtungen w\u00e4hrend der Arbeitsphasen<br \/>\nDie Pr\u00e4sentation<br \/>\nDie Bewertung<br \/>\nDer Lerngewinn<br \/>\nDie Einf\u00fchrung<br \/>\nAnalyse und Kritik<\/p>\n<p>7.4 \u00a0\u00a0 <span style=\"text-decoration: underline;\">Weitere Elemente Offenen Unterrichts<\/span><br \/>\n7.4.1 \u00a0\u00a0 Projekte<br \/>\n7.4.2 \u00a0\u00a0 Entdeckendes\/Forschendes Lernen als durchgehendes Prinzip<br \/>\n7.4.3 \u00a0\u00a0 Helfer\/innensysteme<br \/>\n7.4.4 \u00a0\u00a0 Der Stuhlkreis<br \/>\n7.5 \u00a0\u00a0 <span style=\"text-decoration: underline;\">Zusammenfassung und Fazit<\/span><\/p>\n<p><strong>8. \u00a0\u00a0 Klassen\u00fcbergreifende M\u00f6glichkeiten des Enrichments und des Groupings<\/strong><\/p>\n<p>8.1 \u00a0\u00a0 <span style=\"text-decoration: underline;\">Lernwerkst\u00e4tten<\/span><br \/>\n8.1.1 \u00a0\u00a0 Allgemeines<br \/>\n8.1.2 \u00a0\u00a0 Die Lernwerkstatt in der Grundschule A<br \/>\n8.1.3 \u00a0\u00a0 Die Lernwerkstatt in der GS Beuthener Stra\u00dfe<br \/>\n8.2 \u00a0\u00a0 <span style=\"text-decoration: underline;\">Arbeitsgemeinschaften<\/span><br \/>\n8.2.1 \u00a0\u00a0 M\u00f6gliche Themen, die speziell \u00fcberdurchschnittlich begabte Kinder ansprechen<br \/>\n8.2.2 \u00a0\u00a0 M\u00f6gliche \u00bbAnbieter\u00ab von AGs<br \/>\n8.2.3 \u00a0\u00a0 Zur Notwendigkeit solcher Arbeitsgemeinschaften<br \/>\n8.2.4 \u00a0\u00a0 Stundenplantechnische \u00dcberlegungen<br \/>\n8.2.5 \u00a0\u00a0 Das Problem der Auswahl der Sch\u00fcler\/innen f\u00fcr eine solche AG<br \/>\n8.3 \u00a0\u00a0 \u00bb<span style=\"text-decoration: underline;\">Besondere Elternabende<\/span>\u00ab<br \/>\n8.3.1 \u00a0\u00a0 Zur Notwendigkeit und zur Funktion<br \/>\n8.3.2 \u00a0\u00a0 Beispiel: Der \u00bbSpezielle Elternabend\u00ab an der Grundschule A<\/p>\n<dl>\n<dt><strong>9. \u00a0\u00a0 Akzeleration<\/strong><\/dt>\n<dt><\/dt>\n<dt>9.1 \u00a0\u00a0 <span style=\"text-decoration: underline;\">Wenn Differenzierungsma\u00dfnahmen und offene Unterrichtsgestaltung nicht mehr ausreichen<\/span><\/dt>\n<dt><\/dt>\n<dt>9.2 \u00a0\u00a0 <span style=\"text-decoration: underline;\">\u00dcberspringen von Klassen<\/span><\/dt>\n<\/dl>\n<p>9.2.1 \u00a0\u00a0 Situationen, in denen ein Springen zu erw\u00e4gen ist<br \/>\n9.2.2 \u00a0\u00a0 Vorurteile und Bedenken gegen das \u00dcberspringen<\/p>\n<p style=\"padding-left: 60px;\">Vorurteile und Bedenken seitens der Schule und der Gesellschaft<br \/>\nBedenken seitens der Eltern<\/p>\n<p>9.2.3 \u00a0\u00a0 Forschungsergebnisse zum \u00dcberspringen von Klassen<br \/>\n9.2.4 \u00a0\u00a0 Notwendige Voraussetzungen seitens des Kindes<br \/>\n9.2.5 \u00a0\u00a0 Notwendige Voraussetzungen seitens der Schule<br \/>\n9.2.6 \u00a0\u00a0 Erfahrungen<br \/>\n9.2.7 \u00a0\u00a0 Das \u00dcberspringen des ersten Schuljahres<\/p>\n<dl>\n<dt>9.3 \u00a0\u00a0 <span style=\"text-decoration: underline;\">Vorzeitige Einschulung<\/span><\/dt>\n<dt><\/dt>\n<dt><\/dt>\n<dt>9.4 \u00a0\u00a0 <span style=\"text-decoration: underline;\">Fachbezogene Akzeleration: Teilnahme am Unterricht h\u00f6herer Klassen in einzelnen F\u00e4chern<\/span><\/dt>\n<\/dl>\n<p>9.4.1 \u00a0\u00a0 Fachbezogene Akzeleration zur Ber\u00fccksichtigung partieller Begabungen<br \/>\n9.4.2 \u00a0\u00a0 Teilnahme am Fachunterricht h\u00f6herer Klassen als Vorbereitung auf ein \u00dcberspringen<\/p>\n<dl>\n<dt>9.5 \u00a0\u00a0 <span style=\"text-decoration: underline;\">Zusammenfassung<\/span><\/dt>\n<dd><\/dd>\n<dt><strong><span style=\"font-size: xx-small;\">TEIL IV: SCHLUSS<\/span><\/strong><\/dt>\n<dd><\/dd>\n<dt><strong>10. \u00a0\u00a0 Zusammenfassung und Ausblick<\/strong><\/dt>\n<dd><\/dd>\n<dt><strong><span style=\"font-size: xx-small;\">TEIL V: ANHANG<\/span><\/strong><\/dt>\n<dd><\/dd>\n<dt><strong>A. \u00a0\u00a0 Informationen zu einigen der von mir eingebrachten Beispiele<\/strong><\/dt>\n<dd><\/dd>\n<dt>A.1 \u00a0\u00a0 <span style=\"text-decoration: underline;\">Grundschule A im Raum Hannover<\/span><\/dt>\n<dt><\/dt>\n<dt><\/dt>\n<dt>A.2 \u00a0\u00a0 <span style=\"text-decoration: underline;\">Schulversuch zur integrativen F\u00f6rderung von Sch\u00fclern und Sch\u00fclerinnen mit besonderen Begabungen an der GS Beuthener Stra\u00dfe\/Hannover<\/span><\/dt>\n<dt><\/dt>\n<dt>A.3 \u00a0\u00a0 <span style=\"text-decoration: underline;\">Bestrebungen von Frau Breuel an ihrer ehemaligen Grundschule<\/span><\/dt>\n<dt><\/dt>\n<dt>A.4 \u00a0\u00a0 <span style=\"text-decoration: underline;\">Arbeitsgemeinschaft an der Grundschule B in N. (Niedersachsen): allgemeine Informationen und Zeitungsartikel<\/span><\/dt>\n<dd><\/dd>\n<dt><strong>B. \u00a0\u00a0 Ged\u00e4chtnisprotokolle der Interviews<\/strong><\/dt>\n<dd><\/dd>\n<dt>B.1 \u00a0\u00a0 <span style=\"text-decoration: underline;\">Ged\u00e4chtnisprotokoll des Gespr\u00e4ches mit Franziska und ihrer Mutter<\/span><\/dt>\n<dt>B.2 \u00a0\u00a0 <span style=\"text-decoration: underline;\">Ged\u00e4chtnisprotokoll des Gespr\u00e4ches mit Frau Zabel<\/span><\/dt>\n<dt>B.3 \u00a0\u00a0 <span style=\"text-decoration: underline;\">Ged\u00e4chtnisprotokoll des Gespr\u00e4ches mit Frau Breuel<\/span><\/dt>\n<dt>B.4 \u00a0\u00a0 <span style=\"text-decoration: underline;\">Ged\u00e4chtnisprotokoll des Gespr\u00e4ches mit Frau G\u00e4rtner<\/span><\/dt>\n<dt><\/dt>\n<dd><\/dd>\n<dt><strong>C. \u00a0\u00a0 Beispielmaterial<\/strong><\/dt>\n<dd><\/dd>\n<dt>C.1 \u00a0\u00a0 <span style=\"text-decoration: underline;\">Aufgabenzettel \u00bbZur Entstehungsgeschichte der Gl\u00fchlampe\u00ab<\/span><\/dt>\n<dt>C.2 \u00a0\u00a0 <span style=\"text-decoration: underline;\">Wochenplan einer ersten Klasse (Frau Mertens, Grundschule A)<\/span><\/dt>\n<dt>C.3 \u00a0\u00a0 <span style=\"text-decoration: underline;\">Wochenpl\u00e4ne einer dritten Klasse (Frau G\u00e4rtner, Grundschule A)<\/span><\/dt>\n<dd><\/dd>\n<dt><strong>Literatur<\/strong><\/dt>\n<dd><\/dd>\n<dt><strong>Danksagungen<\/strong><\/dt>\n<dt><\/dt>\n<\/dl>\n<p>\u2192weiter informieren:<\/p>\n<p><a href=\"https:\/\/s-ng.de\/?page_id=323\">Zusammenfassung<\/a><br \/>\n<a href=\"https:\/\/s-ng.de\/?page_id=331\">Rezensionen<\/a><\/p>\n<p>\u2191<a href=\"https:\/\/s-ng.de\/?page_id=314\">nach oben<\/a><\/p>\n<div class=\"pvc_clear\"><\/div>\n<p id=\"pvc_stats_314\" class=\"pvc_stats all  \" data-element-id=\"314\" style=\"\"><i class=\"pvc-stats-icon small\" aria-hidden=\"true\"><svg aria-hidden=\"true\" focusable=\"false\" data-prefix=\"far\" data-icon=\"chart-bar\" role=\"img\" xmlns=\"http:\/\/www.w3.org\/2000\/svg\" viewBox=\"0 0 512 512\" class=\"svg-inline--fa fa-chart-bar fa-w-16 fa-2x\"><path fill=\"currentColor\" d=\"M396.8 352h22.4c6.4 0 12.8-6.4 12.8-12.8V108.8c0-6.4-6.4-12.8-12.8-12.8h-22.4c-6.4 0-12.8 6.4-12.8 12.8v230.4c0 6.4 6.4 12.8 12.8 12.8zm-192 0h22.4c6.4 0 12.8-6.4 12.8-12.8V140.8c0-6.4-6.4-12.8-12.8-12.8h-22.4c-6.4 0-12.8 6.4-12.8 12.8v198.4c0 6.4 6.4 12.8 12.8 12.8zm96 0h22.4c6.4 0 12.8-6.4 12.8-12.8V204.8c0-6.4-6.4-12.8-12.8-12.8h-22.4c-6.4 0-12.8 6.4-12.8 12.8v134.4c0 6.4 6.4 12.8 12.8 12.8zM496 400H48V80c0-8.84-7.16-16-16-16H16C7.16 64 0 71.16 0 80v336c0 17.67 14.33 32 32 32h464c8.84 0 16-7.16 16-16v-16c0-8.84-7.16-16-16-16zm-387.2-48h22.4c6.4 0 12.8-6.4 12.8-12.8v-70.4c0-6.4-6.4-12.8-12.8-12.8h-22.4c-6.4 0-12.8 6.4-12.8 12.8v70.4c0 6.4 6.4 12.8 12.8 12.8z\" class=\"\"><\/path><\/svg><\/i> <img loading=\"lazy\" decoding=\"async\" width=\"16\" height=\"16\" alt=\"Loading\" src=\"https:\/\/s-ng.de\/wp-content\/plugins\/page-views-count\/ajax-loader-2x.gif\" border=0 \/><\/p>\n<div class=\"pvc_clear\"><\/div>\n","protected":false},"excerpt":{"rendered":"<p>Hochbegabte Kinder in der Grundschule. Erkennen &#8211; Verstehen &#8211; Im Unterricht ber\u00fccksichtigen. Ein sehr pers\u00f6nliches Vorwort Zum Vorgehen TEIL I:&hellip;<\/p>\n","protected":false},"author":1,"featured_media":0,"parent":305,"menu_order":1,"comment_status":"closed","ping_status":"closed","template":"","meta":{"footnotes":""},"class_list":["post-314","page","type-page","status-publish","hentry"],"_links":{"self":[{"href":"https:\/\/s-ng.de\/index.php?rest_route=\/wp\/v2\/pages\/314","targetHints":{"allow":["GET"]}}],"collection":[{"href":"https:\/\/s-ng.de\/index.php?rest_route=\/wp\/v2\/pages"}],"about":[{"href":"https:\/\/s-ng.de\/index.php?rest_route=\/wp\/v2\/types\/page"}],"author":[{"embeddable":true,"href":"https:\/\/s-ng.de\/index.php?rest_route=\/wp\/v2\/users\/1"}],"replies":[{"embeddable":true,"href":"https:\/\/s-ng.de\/index.php?rest_route=%2Fwp%2Fv2%2Fcomments&post=314"}],"version-history":[{"count":16,"href":"https:\/\/s-ng.de\/index.php?rest_route=\/wp\/v2\/pages\/314\/revisions"}],"predecessor-version":[{"id":320,"href":"https:\/\/s-ng.de\/index.php?rest_route=\/wp\/v2\/pages\/314\/revisions\/320"}],"up":[{"embeddable":true,"href":"https:\/\/s-ng.de\/index.php?rest_route=\/wp\/v2\/pages\/305"}],"wp:attachment":[{"href":"https:\/\/s-ng.de\/index.php?rest_route=%2Fwp%2Fv2%2Fmedia&parent=314"}],"curies":[{"name":"wp","href":"https:\/\/api.w.org\/{rel}","templated":true}]}}