{"id":386,"date":"2011-10-21T16:13:00","date_gmt":"2011-10-21T15:13:00","guid":{"rendered":"http:\/\/s-ng.de\/?page_id=386"},"modified":"2012-01-26T18:13:59","modified_gmt":"2012-01-26T17:13:59","slug":"worterklinik","status":"publish","type":"page","link":"https:\/\/s-ng.de\/?page_id=386","title":{"rendered":"W\u00f6rterklinik"},"content":{"rendered":"<p><a href=\"https:\/\/s-ng.de\/wp-content\/uploads\/2011\/10\/WK.jpg\"><img loading=\"lazy\" decoding=\"async\" class=\"alignright size-medium wp-image-387\" title=\"WK\" src=\"https:\/\/s-ng.de\/wp-content\/uploads\/2011\/10\/WK-225x300.jpg\" alt=\"\" width=\"225\" height=\"300\" srcset=\"https:\/\/s-ng.de\/wp-content\/uploads\/2011\/10\/WK-225x300.jpg 225w, https:\/\/s-ng.de\/wp-content\/uploads\/2011\/10\/WK.jpg 300w\" sizes=\"auto, (max-width: 225px) 100vw, 225px\" \/><\/a>Die W\u00f6rterklinik wurde urspr\u00fcnglich von Beate Le\u00dfmann f\u00fcr den Rechtschreibunterricht in der Grundschule entwickelt. Ich habe ihre Ideen aufgegriffen und f\u00fcr die Sekundarstufe weiterentwickelt.<\/p>\n<p>Die W\u00f6rterklinik ist ein von jedem Sch\u00fcler im Werkunterricht selbst hergestelltes &#8222;Krankenhaus&#8220; f\u00fcr Fehlerw\u00f6rter. Die W\u00f6rter werden nach bestimmten Verfahren nacheinander &#8222;eingeliefert&#8220;, &#8222;bet\u00e4ubt&#8220;, &#8222;operiert&#8220;, &#8222;gepflegt&#8220; und schlie\u00dflich gesund &#8222;entlassen&#8220;. Auf verschiedene Weisen werden w\u00e4hrend dieser Behandlungsschritte Rechtschreibstrategien passend zu den individuellen Fehlerw\u00f6rtern trainiert und gefestigt. Ist die Arbeit mit der W\u00f6rterklinik fester und regelm\u00e4\u00dfiger Bestandteil der Arbeit in der Sekundarstufe, entwickeln die Kinder zunehmend mehr Sicherheit im Umgang mit den Rechtschreibstrategien und somit mehr Rechtschreibsicherheit.<\/p>\n<p>Ausf\u00fchrliche Informationen zu der Arbeit mit der W\u00f6rterklinik (mit didaktischem Hintergrund, Erfolgsbedingungen, Kombinationsm\u00f6glichkeiten mit Lehrwerken, Vorteilen der Arbeit mit der W\u00f6rterklinik, \u00dcbersicht \u00fcber Rechtschreibstrategien, Sch\u00fcler\u00e4u\u00dferungen und erkl\u00e4renden Bildern) sind in meinem Artikel &#8222;Mit der W\u00f6rterklinik Rechtschreibstrategien verinnerlichen&#8220;, erschienen im F\u00f6rdermagazin 04\/2011, nachzulesen.<\/p>\n<p><a href=\"https:\/\/s-ng.de\/wp-content\/uploads\/2011\/10\/2011-Titelbild-F%C3%B6rdermagazin-4-111.jpg\"><img loading=\"lazy\" decoding=\"async\" class=\"alignleft size-medium wp-image-389\" title=\"2011 Titelbild F\u00f6rdermagazin 4-11\" src=\"https:\/\/s-ng.de\/wp-content\/uploads\/2011\/10\/2011-Titelbild-F%C3%B6rdermagazin-4-111-e1319206159504-210x300.jpg\" alt=\"\" width=\"210\" height=\"300\" \/><\/a><a href=\"https:\/\/s-ng.de\/wp-content\/uploads\/2011\/10\/2011-WK-Seite-1.jpg\"><img loading=\"lazy\" decoding=\"async\" class=\"alignleft size-medium wp-image-390\" title=\"2011 WK Seite 1\" src=\"https:\/\/s-ng.de\/wp-content\/uploads\/2011\/10\/2011-WK-Seite-1-e1319206251102-216x300.jpg\" alt=\"\" width=\"216\" height=\"300\" srcset=\"https:\/\/s-ng.de\/wp-content\/uploads\/2011\/10\/2011-WK-Seite-1-e1319206251102-216x300.jpg 216w, https:\/\/s-ng.de\/wp-content\/uploads\/2011\/10\/2011-WK-Seite-1-e1319206251102.jpg 549w\" sizes=\"auto, (max-width: 216px) 100vw, 216px\" \/><\/a><a href=\"https:\/\/s-ng.de\/wp-content\/uploads\/2011\/10\/2011-WK-Seite-2-u-3.jpg\"><img loading=\"lazy\" decoding=\"async\" class=\"alignleft size-medium wp-image-391\" title=\"2011 WK Seite 2 u 3\" src=\"https:\/\/s-ng.de\/wp-content\/uploads\/2011\/10\/2011-WK-Seite-2-u-3-e1319206313859-300x211.jpg\" alt=\"\" width=\"300\" height=\"211\" srcset=\"https:\/\/s-ng.de\/wp-content\/uploads\/2011\/10\/2011-WK-Seite-2-u-3-e1319206313859-300x211.jpg 300w, https:\/\/s-ng.de\/wp-content\/uploads\/2011\/10\/2011-WK-Seite-2-u-3-e1319206313859.jpg 758w\" sizes=\"auto, (max-width: 300px) 100vw, 300px\" \/><\/a><a href=\"https:\/\/s-ng.de\/wp-content\/uploads\/2011\/10\/2011-WK-Seite-4-u-5.jpg\"><img loading=\"lazy\" decoding=\"async\" class=\"alignleft size-medium wp-image-392\" title=\"2011 WK Seite 4 u 5\" src=\"https:\/\/s-ng.de\/wp-content\/uploads\/2011\/10\/2011-WK-Seite-4-u-5-e1319206364493-300x217.jpg\" alt=\"\" width=\"300\" height=\"217\" srcset=\"https:\/\/s-ng.de\/wp-content\/uploads\/2011\/10\/2011-WK-Seite-4-u-5-e1319206364493-300x217.jpg 300w, https:\/\/s-ng.de\/wp-content\/uploads\/2011\/10\/2011-WK-Seite-4-u-5-e1319206364493.jpg 756w\" sizes=\"auto, (max-width: 300px) 100vw, 300px\" \/><\/a><\/p>\n<p>&nbsp;<\/p>\n<p>&nbsp;<\/p>\n<p>&nbsp;<\/p>\n<p>&nbsp;<\/p>\n<p>&nbsp;<\/p>\n<p>&nbsp;<\/p>\n<p>&nbsp;<\/p>\n<p>&nbsp;<\/p>\n<p>&nbsp;<\/p>\n<p>&nbsp;<\/p>\n<p>&nbsp;<\/p>\n<p>&nbsp;<\/p>\n<p>&nbsp;<\/p>\n<p>&nbsp;<\/p>\n<p>&nbsp;<\/p>\n<p>&nbsp;<\/p>\n<p>&nbsp;<\/p>\n<p><em><span style=\"text-decoration: underline;\">weiterf\u00fchrende Literatur<\/span><\/em>:<\/p>\n<p>Beate Le\u00dfmann: Schreiben und Rechtschreiben. Ein Praxisbuch zum individuellen Rechtschreibtraining. <a href=\"http:\/\/www.dieck-buch.de\/cgi-bin\/iboshop.cgi?show0\" target=\"_blank\">Agentur Dieck<\/a>, Heinsberg 1998<\/p>\n<p>Sabine Nagel: Mit der W\u00f6rterklinik Rechtschreibstrategien verinnerlichen. F\u00f6rdermagazin 4\/2011. Download des Artikels hier m\u00f6glich: <a href=\"http:\/\/www.oldenbourg-klick.de\/archiv-downloads\/view\/artikel\/download\/artikelnummer\/fom20110423\/\" target=\"_blank\">http:\/\/www.oldenbourg-klick.de\/archiv-downloads\/view\/artikel\/download\/artikelnummer\/fom20110423\/<\/a><\/p>\n<p>\u2191<a href=\"https:\/\/s-ng.de\/?page_id=386\">nach oben<\/a><\/p>\n<div class=\"pvc_clear\"><\/div>\n<p id=\"pvc_stats_386\" class=\"pvc_stats all  \" data-element-id=\"386\" style=\"\"><i class=\"pvc-stats-icon small\" aria-hidden=\"true\"><svg aria-hidden=\"true\" focusable=\"false\" data-prefix=\"far\" data-icon=\"chart-bar\" role=\"img\" xmlns=\"http:\/\/www.w3.org\/2000\/svg\" viewBox=\"0 0 512 512\" class=\"svg-inline--fa fa-chart-bar fa-w-16 fa-2x\"><path fill=\"currentColor\" d=\"M396.8 352h22.4c6.4 0 12.8-6.4 12.8-12.8V108.8c0-6.4-6.4-12.8-12.8-12.8h-22.4c-6.4 0-12.8 6.4-12.8 12.8v230.4c0 6.4 6.4 12.8 12.8 12.8zm-192 0h22.4c6.4 0 12.8-6.4 12.8-12.8V140.8c0-6.4-6.4-12.8-12.8-12.8h-22.4c-6.4 0-12.8 6.4-12.8 12.8v198.4c0 6.4 6.4 12.8 12.8 12.8zm96 0h22.4c6.4 0 12.8-6.4 12.8-12.8V204.8c0-6.4-6.4-12.8-12.8-12.8h-22.4c-6.4 0-12.8 6.4-12.8 12.8v134.4c0 6.4 6.4 12.8 12.8 12.8zM496 400H48V80c0-8.84-7.16-16-16-16H16C7.16 64 0 71.16 0 80v336c0 17.67 14.33 32 32 32h464c8.84 0 16-7.16 16-16v-16c0-8.84-7.16-16-16-16zm-387.2-48h22.4c6.4 0 12.8-6.4 12.8-12.8v-70.4c0-6.4-6.4-12.8-12.8-12.8h-22.4c-6.4 0-12.8 6.4-12.8 12.8v70.4c0 6.4 6.4 12.8 12.8 12.8z\" class=\"\"><\/path><\/svg><\/i> <img loading=\"lazy\" decoding=\"async\" width=\"16\" height=\"16\" alt=\"Loading\" src=\"https:\/\/s-ng.de\/wp-content\/plugins\/page-views-count\/ajax-loader-2x.gif\" border=0 \/><\/p>\n<div class=\"pvc_clear\"><\/div>\n","protected":false},"excerpt":{"rendered":"<p>Die W\u00f6rterklinik wurde urspr\u00fcnglich von Beate Le\u00dfmann f\u00fcr den Rechtschreibunterricht in der Grundschule entwickelt. Ich habe ihre Ideen aufgegriffen und&hellip;<\/p>\n","protected":false},"author":1,"featured_media":0,"parent":50,"menu_order":5,"comment_status":"closed","ping_status":"closed","template":"","meta":{"footnotes":""},"class_list":["post-386","page","type-page","status-publish","hentry"],"_links":{"self":[{"href":"https:\/\/s-ng.de\/index.php?rest_route=\/wp\/v2\/pages\/386","targetHints":{"allow":["GET"]}}],"collection":[{"href":"https:\/\/s-ng.de\/index.php?rest_route=\/wp\/v2\/pages"}],"about":[{"href":"https:\/\/s-ng.de\/index.php?rest_route=\/wp\/v2\/types\/page"}],"author":[{"embeddable":true,"href":"https:\/\/s-ng.de\/index.php?rest_route=\/wp\/v2\/users\/1"}],"replies":[{"embeddable":true,"href":"https:\/\/s-ng.de\/index.php?rest_route=%2Fwp%2Fv2%2Fcomments&post=386"}],"version-history":[{"count":11,"href":"https:\/\/s-ng.de\/index.php?rest_route=\/wp\/v2\/pages\/386\/revisions"}],"predecessor-version":[{"id":834,"href":"https:\/\/s-ng.de\/index.php?rest_route=\/wp\/v2\/pages\/386\/revisions\/834"}],"up":[{"embeddable":true,"href":"https:\/\/s-ng.de\/index.php?rest_route=\/wp\/v2\/pages\/50"}],"wp:attachment":[{"href":"https:\/\/s-ng.de\/index.php?rest_route=%2Fwp%2Fv2%2Fmedia&parent=386"}],"curies":[{"name":"wp","href":"https:\/\/api.w.org\/{rel}","templated":true}]}}