{"id":408,"date":"2011-10-21T22:09:19","date_gmt":"2011-10-21T21:09:19","guid":{"rendered":"http:\/\/s-ng.de\/?page_id=408"},"modified":"2012-03-23T19:11:54","modified_gmt":"2012-03-23T18:11:54","slug":"unterrichtseinheit-lebendig-erzahlen","status":"publish","type":"page","link":"https:\/\/s-ng.de\/?page_id=408","title":{"rendered":"Unterrichtseinheit* &#8222;Lebendig erz\u00e4hlen&#8220;"},"content":{"rendered":"<p>Hauptschule Klasse 5; auch m\u00f6glich in der Grundschule, 4. Klasse<br \/>\n<em>*in Bayern sagt man: \u201eUnterrichtssequenz\u201c<\/em><\/p>\n<p><span style=\"color: #333399;\"><a href=\"https:\/\/s-ng.de\/wp-content\/uploads\/2011\/10\/Poster-Schreibkonferenz2.jpg\"><img loading=\"lazy\" decoding=\"async\" class=\"alignleft size-medium wp-image-435\" title=\"Poster Schreibkonferenz - geringe Aufl\u00f6sung beabsichtigt zum Schutz der abgebildeten Kinder\" src=\"https:\/\/s-ng.de\/wp-content\/uploads\/2011\/10\/Poster-Schreibkonferenz2-209x300.jpg\" alt=\"\" width=\"277\" height=\"397\" srcset=\"https:\/\/s-ng.de\/wp-content\/uploads\/2011\/10\/Poster-Schreibkonferenz2-209x300.jpg 209w, https:\/\/s-ng.de\/wp-content\/uploads\/2011\/10\/Poster-Schreibkonferenz2.jpg 500w\" sizes=\"auto, (max-width: 277px) 100vw, 277px\" \/><\/a>Kindern &#8211; besonders Hauptsch\u00fclern &#8211; das zusammenh\u00e4ngende und lebendige Erz\u00e4hlen beizubringen, ist ein nicht ganz einfaches Unterfangen. Nicht wenige Lehrkr\u00e4fte scheuen sich davor und verzichten ganz darauf. <\/span><\/p>\n<p><span style=\"color: #333399;\">Ich habe die Erfahrung gemacht, dass auch Hauptsch\u00fcler das lebendige Erz\u00e4hlen lernen k\u00f6nnen. Ich habe diese Unterrichtseinheit bereits mehrfach mit verschiedenen 4. und 5. Klassen durchgef\u00fchrt. <\/span><\/p>\n<p><span style=\"color: #333399;\">Nat\u00fcrlich kommen am Ende keine perfekten Geschichten dabei heraus, aber man bemerkt eine deutliche Weiterentwicklung der Sch\u00fcler &#8211; und jede\/r bem\u00fcht sich auf seine Weise erfolgreich, das Gelernte umzusetzen.<\/span><\/p>\n<p><em>Ich freue mich, wenn Ihnen diese Unterrichtseinheit gef\u00e4llt und Sie sie ausprobieren m\u00f6chten. Es lohnt sich, sich gemeinsam mit den Kindern auf diesen spannenden Weg zu machen! Um die Materialien in verwendbarer Qualit\u00e4t zu bekommen, kontaktieren Sie mich bitte!<\/em> <em>Ich gebe sie gern (kostenlos) weiter.<\/em><\/p>\n<p>&nbsp;<\/p>\n<h2>Die Unterrichtseinheit im Einzelnen:<\/h2>\n<p><span style=\"text-decoration: underline;\"><a href=\"https:\/\/s-ng.de\/wp-content\/uploads\/2011\/10\/Kreatives-Schreiben-Tisch.jpg\"><img loading=\"lazy\" decoding=\"async\" class=\"alignleft size-medium wp-image-672\" title=\"Kreatives Schreiben Tisch\" src=\"https:\/\/s-ng.de\/wp-content\/uploads\/2011\/10\/Kreatives-Schreiben-Tisch-300x225.jpg\" alt=\"Kreatives Schreiben Tisch\" width=\"230\" height=\"173\" srcset=\"https:\/\/s-ng.de\/wp-content\/uploads\/2011\/10\/Kreatives-Schreiben-Tisch-300x225.jpg 300w, https:\/\/s-ng.de\/wp-content\/uploads\/2011\/10\/Kreatives-Schreiben-Tisch.jpg 550w\" sizes=\"auto, (max-width: 230px) 100vw, 230px\" \/><\/a>Einstieg (Doppelstun<\/span><span style=\"text-decoration: underline;\">de):<\/span><br \/>\nKreatives Schreiben: Jedes Kind bringt einen Gegenstand mit zur Schule, den es sonst nicht mitnehmen w\u00fcrde. In der Mitte wird ein Tisch aufgebaut, m\u00f6glichst mit einer sch\u00f6nen (einfarbigen) Tischdecke bedeckt. Die Kinder legenreihum ihren Gegenstand auf den Tisch und sagen kurz, was es ist. Anschlie\u00dfend schreibt jedes Kind f\u00fcr sich allein oder in Partnerarbeit zu zweit eine Geschichte, in der drei dieser Gegenst\u00e4nde vorkommen m\u00fcssen. Bedingung: Die Geschichte muss spannend sein!<\/p>\n<p><span style=\"text-decoration: underline;\">Erste Erkenntnisse (Einzelstunde):<\/span><br \/>\nDie Lehrkraft hat die Geschichten gelesen. Sowohl freiwillige als auch von der Lehrkraft ausgesuchte Kinder lesen ihre Geschichten in der Klasse vor. Die Zuh\u00f6rer benennen, an welchen Stellen jede Geschichte spannend ist und warum.<\/p>\n<p><span style=\"text-decoration: underline;\">Systematisierung (Einzelstunde):<\/span><\/p>\n<figure id=\"attachment_412\" aria-describedby=\"caption-attachment-412\" style=\"width: 150px\" class=\"wp-caption alignright\"><a href=\"https:\/\/s-ng.de\/wp-content\/uploads\/2011\/10\/AB-1.jpg\"><img loading=\"lazy\" decoding=\"async\" class=\"size-thumbnail wp-image-412 \" title=\"Material 1: AB Was eine Geschichte spannend macht\" src=\"https:\/\/s-ng.de\/wp-content\/uploads\/2011\/10\/AB-1-150x150.jpg\" alt=\"Material 1: AB Was eine Geschichte spannend macht\" width=\"150\" height=\"150\" \/><\/a><figcaption id=\"caption-attachment-412\" class=\"wp-caption-text\">Material 1: AB Was eine Geschichte spannend macht<\/figcaption><\/figure>\n<p>Unterrichtsgespr\u00e4ch und dabei entstehender Tafelanschrieb: Was Geschichten spannend und lebendig macht \u2013 anschlie\u00dfend AB dazu (Material 1)<br \/>\n<em>Anmerkung<\/em>: Durch die vorhergehenden Stunden k\u00f6nnen die Kinder die Aspekte selbst entdecken, formulieren und sammeln.<\/p>\n<p><span style=\"text-decoration: underline;\">Anwendung und \u00dcbung (1) (Doppelstunde):<\/span><br \/>\nZu einer Bildergeschichte (z. B. Material 2:&#8220;Der wehrhafte Schneemann&#8220;; <span style=\"color: #999999;\">Quelle: e.o. Plauen: Vater und Sohn, Ravensburger Taschenbuch; aus rechtlichen Gr\u00fcnden nicht als Datei von mir erh\u00e4ltlich<\/span>) schreiben die Kinder in Dreiergruppen eine lebendige und spannende Geschichte.<br \/>\n<em>Anmerkung<\/em>: Durch die Dreiergruppen (von der Lehrkraft zusammengestellt) k\u00f6nnen die Kinder beim Schreibprozess voneinander lernen.<\/p>\n<p><span style=\"text-decoration: underline;\">Systematisierung (2) (Einzelstunde):<\/span><br \/>\nVorlesen und Besprechung aller Texte in der Klasse. Schilder mit den Kriterien liegen aus, werden vor jeder Lesung an einzelne Kinder verteilt, die dann auf den entsprechenden Aspekt achten und Teilpunkte vergeben.<\/p>\n<figure id=\"attachment_478\" aria-describedby=\"caption-attachment-478\" style=\"width: 150px\" class=\"wp-caption alignright\"><a href=\"https:\/\/s-ng.de\/wp-content\/uploads\/2011\/10\/Schneemann2.jpg\"><img loading=\"lazy\" decoding=\"async\" class=\"size-thumbnail wp-image-478 \" title=\"Material 2: Bildergeschichte Der wehrhafte Schneemann\" src=\"https:\/\/s-ng.de\/wp-content\/uploads\/2011\/10\/Schneemann2-150x150.jpg\" alt=\"Material 2: Bildergeschichte Der wehrhafte Schneemann\" width=\"150\" height=\"150\" srcset=\"https:\/\/s-ng.de\/wp-content\/uploads\/2011\/10\/Schneemann2-150x150.jpg 150w, https:\/\/s-ng.de\/wp-content\/uploads\/2011\/10\/Schneemann2-200x198.jpg 200w\" sizes=\"auto, (max-width: 150px) 100vw, 150px\" \/><\/a><figcaption id=\"caption-attachment-478\" class=\"wp-caption-text\">Material 2: Bildergeschichte Der wehrhafte Schneemann<\/figcaption><\/figure>\n<p><span style=\"text-decoration: underline;\">Anwendung und \u00dcbung (2) (Doppelstunde):<\/span><\/p>\n<p>Eine zweite Bildergeschichte wird geschrieben (z. B. Material 3), diesmal jedes Kind f\u00fcr sich allein. Die Kinder beachten nach M\u00f6glichkeit alles Gelernte. Sie wissen: Dies ist die letzte \u00dcbung vor der Klassenarbeit (in Bayern nennt man das \u201eProbe\u201c).<\/p>\n<p><span style=\"text-decoration: underline;\">Schreibkonferenz (Doppelstunde):<\/span><br \/>\nDie Lehrkraft hat die Geschichten gelesen und Dreiergruppen zusammengestellt, sodass in jeder Gruppe eine besonders gute, eine mittelgute und eine nicht so gelungene Geschichte sind. Die Kinder besprechen nacheinander ihre Geschichten mit Hilfe des auszuf\u00fcllenden Protokolls (Material 4) und bessern entdeckte Schw\u00e4chen aus.<\/p>\n<figure id=\"attachment_414\" aria-describedby=\"caption-attachment-414\" style=\"width: 150px\" class=\"wp-caption alignright\"><a href=\"https:\/\/s-ng.de\/wp-content\/uploads\/2011\/10\/Eis-einbrechen.jpg\"><img loading=\"lazy\" decoding=\"async\" class=\"size-thumbnail wp-image-414 \" title=\"Material 3: Bildergeschichte Eis einbrechen. (c) by S.Ng\" src=\"https:\/\/s-ng.de\/wp-content\/uploads\/2011\/10\/Eis-einbrechen-150x150.jpg\" alt=\"Material 3: Bildergeschichte Eis einbrechen. (c) by S.Ng\" width=\"150\" height=\"150\" \/><\/a><figcaption id=\"caption-attachment-414\" class=\"wp-caption-text\">Material 3: Bildergeschichte Eis einbrechen. (c) by S.Ng<\/figcaption><\/figure>\n<p>Am Ende des Protokolls fasst die Gruppe f\u00fcr jedes Kind zusammen, was es in der Klassenarbeit (\u201eProbe\u201c) noch besser machen kann\/sollte.<\/p>\n<p><span style=\"text-decoration: underline;\">Abschlussrunde (Einzelstunde):<\/span><br \/>\nDie Lehrkraft hat die Schreibkonferenzprotokolle gelesen und gibt der Klasse R\u00fcckmeldung, wie gut die Schreibkonferenzen gearbeitet haben. Einige freiwillige Kinder lesen ihre Geschichten vor und erhalten von je drei Kindern aus der Klasse ein kriterienorientiertes Feedback.<\/p>\n<p><span style=\"text-decoration: underline;\">Leistungs\u00fcberpr\u00fcfung (Doppelstunde):<\/span><\/p>\n<figure id=\"attachment_415\" aria-describedby=\"caption-attachment-415\" style=\"width: 150px\" class=\"wp-caption alignright\"><a href=\"https:\/\/s-ng.de\/wp-content\/uploads\/2011\/10\/Schreibkonferenz.jpg\"><img loading=\"lazy\" decoding=\"async\" class=\"size-thumbnail wp-image-415 \" title=\"Material 4: Schreibkonferenz-Protokoll. (c) by S.Ng\" src=\"https:\/\/s-ng.de\/wp-content\/uploads\/2011\/10\/Schreibkonferenz-150x150.jpg\" alt=\"Material 4: Schreibkonferenz-Protokoll. (c) by S.Ng\" width=\"150\" height=\"150\" \/><\/a><figcaption id=\"caption-attachment-415\" class=\"wp-caption-text\">Material 4: Schreibkonferenz-Protokoll. (c) by S.Ng<\/figcaption><\/figure>\n<p>Eine Klassenarbeit (Bayern: &#8222;Probe&#8220;) wird geschrieben, z. B. eine Fortsetzungsgeschichte. Material nur auf Anfrage erh\u00e4ltlich, da sich auch Sch\u00fcler\/innen diese Webseite ansehen k\u00f6nnen. Das Bewertungsblatt (Material 5) \u00e4hnelt dem Schreibkonferenzprotokoll: Die Kinder wissen, was von ihnen erwartet wird und k\u00f6nnen sich zielgerichtet vorbereiten.<\/p>\n<p><span style=\"text-decoration: underline;\">Begleitende Unterrichtsinhalte (Wochenplan, weitere Deutschstunden):<\/span><\/p>\n<p>&#8211;\u00a0\u00a0\u00a0\u00a0\u00a0\u00a0\u00a0\u00a0\u00a0 W\u00f6rtliche Rede<\/p>\n<p>&#8211;\u00a0\u00a0\u00a0\u00a0\u00a0\u00a0\u00a0\u00a0\u00a0 Wortfeld \u201esagen\u201c<\/p>\n<figure id=\"attachment_416\" aria-describedby=\"caption-attachment-416\" style=\"width: 150px\" class=\"wp-caption alignright\"><a href=\"https:\/\/s-ng.de\/wp-content\/uploads\/2011\/10\/Bewertungsblatt.jpg\"><img loading=\"lazy\" decoding=\"async\" class=\"size-thumbnail wp-image-416 \" title=\"Material 5: Bewertungsblatt\" src=\"https:\/\/s-ng.de\/wp-content\/uploads\/2011\/10\/Bewertungsblatt-150x150.jpg\" alt=\"Material 5: Bewertungsblatt\" width=\"150\" height=\"150\" \/><\/a><figcaption id=\"caption-attachment-416\" class=\"wp-caption-text\">Material 5: Bewertungsblatt<\/figcaption><\/figure>\n<p>&#8211;\u00a0\u00a0\u00a0\u00a0\u00a0\u00a0\u00a0\u00a0\u00a0 Formen der einfachen Vergangenheit (Pr\u00e4teritum)<\/p>\n<p>&#8211;\u00a0\u00a0\u00a0\u00a0\u00a0\u00a0\u00a0\u00a0\u00a0 Analyse einer spannenden Lesebuchgeschichte<\/p>\n<p style=\"padding-left: 60px;\">(z. B. &#8222;Makoko und der Elefant&#8220; aus<br \/>\n\u201eBausteine 4\u201c \u2013 wie ist hier die Spannung \u201egemacht\u201c)<\/p>\n<p>Materialien hierzu gern auf Anfrage.<\/p>\n<p><span style=\"text-decoration: underline;\">Weiterf\u00fchrende Literatur zu Schreibkonferenzen:<\/span><br \/>\nGudrun Spitta: Schreibkonferenzen in Klasse 3 und 4, Cornelsen Scriptor 1995<\/p>\n<p>\u2191<a href=\"https:\/\/s-ng.de\/?page_id=408\">nach oben<\/a><\/p>\n<p>&nbsp;<\/p>\n<div class=\"pvc_clear\"><\/div>\n<p id=\"pvc_stats_408\" class=\"pvc_stats all  \" data-element-id=\"408\" style=\"\"><i class=\"pvc-stats-icon small\" aria-hidden=\"true\"><svg aria-hidden=\"true\" focusable=\"false\" data-prefix=\"far\" data-icon=\"chart-bar\" role=\"img\" xmlns=\"http:\/\/www.w3.org\/2000\/svg\" viewBox=\"0 0 512 512\" class=\"svg-inline--fa fa-chart-bar fa-w-16 fa-2x\"><path fill=\"currentColor\" d=\"M396.8 352h22.4c6.4 0 12.8-6.4 12.8-12.8V108.8c0-6.4-6.4-12.8-12.8-12.8h-22.4c-6.4 0-12.8 6.4-12.8 12.8v230.4c0 6.4 6.4 12.8 12.8 12.8zm-192 0h22.4c6.4 0 12.8-6.4 12.8-12.8V140.8c0-6.4-6.4-12.8-12.8-12.8h-22.4c-6.4 0-12.8 6.4-12.8 12.8v198.4c0 6.4 6.4 12.8 12.8 12.8zm96 0h22.4c6.4 0 12.8-6.4 12.8-12.8V204.8c0-6.4-6.4-12.8-12.8-12.8h-22.4c-6.4 0-12.8 6.4-12.8 12.8v134.4c0 6.4 6.4 12.8 12.8 12.8zM496 400H48V80c0-8.84-7.16-16-16-16H16C7.16 64 0 71.16 0 80v336c0 17.67 14.33 32 32 32h464c8.84 0 16-7.16 16-16v-16c0-8.84-7.16-16-16-16zm-387.2-48h22.4c6.4 0 12.8-6.4 12.8-12.8v-70.4c0-6.4-6.4-12.8-12.8-12.8h-22.4c-6.4 0-12.8 6.4-12.8 12.8v70.4c0 6.4 6.4 12.8 12.8 12.8z\" class=\"\"><\/path><\/svg><\/i> <img loading=\"lazy\" decoding=\"async\" width=\"16\" height=\"16\" alt=\"Loading\" src=\"https:\/\/s-ng.de\/wp-content\/plugins\/page-views-count\/ajax-loader-2x.gif\" border=0 \/><\/p>\n<div class=\"pvc_clear\"><\/div>\n","protected":false},"excerpt":{"rendered":"<p>Hauptschule Klasse 5; auch m\u00f6glich in der Grundschule, 4. Klasse *in Bayern sagt man: \u201eUnterrichtssequenz\u201c Kindern &#8211; besonders Hauptsch\u00fclern &#8211;&hellip;<\/p>\n","protected":false},"author":1,"featured_media":0,"parent":50,"menu_order":7,"comment_status":"closed","ping_status":"closed","template":"","meta":{"footnotes":""},"class_list":["post-408","page","type-page","status-publish","hentry"],"_links":{"self":[{"href":"https:\/\/s-ng.de\/index.php?rest_route=\/wp\/v2\/pages\/408","targetHints":{"allow":["GET"]}}],"collection":[{"href":"https:\/\/s-ng.de\/index.php?rest_route=\/wp\/v2\/pages"}],"about":[{"href":"https:\/\/s-ng.de\/index.php?rest_route=\/wp\/v2\/types\/page"}],"author":[{"embeddable":true,"href":"https:\/\/s-ng.de\/index.php?rest_route=\/wp\/v2\/users\/1"}],"replies":[{"embeddable":true,"href":"https:\/\/s-ng.de\/index.php?rest_route=%2Fwp%2Fv2%2Fcomments&post=408"}],"version-history":[{"count":29,"href":"https:\/\/s-ng.de\/index.php?rest_route=\/wp\/v2\/pages\/408\/revisions"}],"predecessor-version":[{"id":931,"href":"https:\/\/s-ng.de\/index.php?rest_route=\/wp\/v2\/pages\/408\/revisions\/931"}],"up":[{"embeddable":true,"href":"https:\/\/s-ng.de\/index.php?rest_route=\/wp\/v2\/pages\/50"}],"wp:attachment":[{"href":"https:\/\/s-ng.de\/index.php?rest_route=%2Fwp%2Fv2%2Fmedia&parent=408"}],"curies":[{"name":"wp","href":"https:\/\/api.w.org\/{rel}","templated":true}]}}