{"id":501,"date":"2011-10-30T15:50:15","date_gmt":"2011-10-30T14:50:15","guid":{"rendered":"http:\/\/s-ng.de\/?page_id=501"},"modified":"2022-11-29T10:52:26","modified_gmt":"2022-11-29T09:52:26","slug":"arbeit-mit-kompetenzrastern-beispiel-englisch-kl-6","status":"publish","type":"page","link":"https:\/\/s-ng.de\/?page_id=501","title":{"rendered":"Arbeit mit Kompetenzrastern &#8211; Beispiel Englisch Kl. 6"},"content":{"rendered":"<figure id=\"attachment_509\" aria-describedby=\"caption-attachment-509\" style=\"width: 300px\" class=\"wp-caption alignleft\"><a href=\"https:\/\/s-ng.de\/wp-content\/uploads\/2011\/10\/KR-EN6-AXXX2.jpg\"><img loading=\"lazy\" decoding=\"async\" class=\"size-medium wp-image-509\" title=\"Material 1: Kompetenzraster Englisch Klasse 6\" src=\"https:\/\/s-ng.de\/wp-content\/uploads\/2011\/10\/KR-EN6-AXXX2-300x212.jpg\" alt=\"\" width=\"300\" height=\"212\" srcset=\"https:\/\/s-ng.de\/wp-content\/uploads\/2011\/10\/KR-EN6-AXXX2-300x212.jpg 300w, https:\/\/s-ng.de\/wp-content\/uploads\/2011\/10\/KR-EN6-AXXX2.jpg 1000w\" sizes=\"auto, (max-width: 300px) 100vw, 300px\" \/><\/a><figcaption id=\"caption-attachment-509\" class=\"wp-caption-text\">Material 1: Kompetenzraster Englisch Klasse 6 - f\u00fcr vergr\u00f6\u00dferte Ansicht bitte klicken.<\/figcaption><\/figure>\n<p><span style=\"color: #333399;\">Damit Lernen nachhaltig wird, m\u00fcssen die Sch\u00fcler\/innen mit ins Boot geholt werden. <\/span><\/p>\n<p><span style=\"color: #333399;\">Wer wei\u00df, was er kann und was noch nicht, und wer dazulernen <em>will<\/em>,<\/span><span style=\"color: #333399;\"> der lernt mit Sinn und Verstand und nimmt die Lerninhalte dauerhaft(er) auf. Die Arbeit mit Kompetenzrastern oder \u2013\u00fcbersichten kann ein Weg sein, dies zu erreichen.<\/span><\/p>\n<p>&nbsp;<\/p>\n<h2>Wie erstellt man Kompetenzraster?<\/h2>\n<p>Als Beispiel stelle ich hier die Kompetenz\u00fcbersicht f\u00fcr Englisch, 6. Klasse Hauptschule vor (siehe Material 1). Es ist abgestimmt auf das bei uns in der Schule eingef\u00fchrte Lehrwerk \u201eNew Highlight 2 \u2013 Hauptschule Bayern\u201c. Man kann zu jedem beliebigen Lehrwerk eine Kompetenz\u00fcbersicht erstellen. Hilfreich sind dabei in jedem Fall die Lehrpl\u00e4ne, meistens jedoch auch das Schulbuch selbst. Oft haben die Schulb\u00fccher heutzutage am Ende jeder Einheit eine \u00dcbersicht dessen, was in der Einheit gelernt wurde. Hier kann man den Gro\u00dfteil der Kompetenzen direkt herauslesen.<\/p>\n<h2>Was braucht man noch, damit die Arbeit mit Kompetenzrastern m\u00f6glich ist?<\/h2>\n<ol>\n<li><strong>Zeitr\u00e4ume<\/strong>, in denen die Kinder die Kompetenzen \u00fcben und sich pr\u00fcfen lassen k\u00f6nnen, z. B. eine w\u00f6chentliche Freiarbeitsstunde, Aufgaben im Wochenplan (siehe Material 2).\n<p><figure id=\"attachment_521\" aria-describedby=\"caption-attachment-521\" style=\"width: 211px\" class=\"wp-caption alignright\"><a href=\"https:\/\/s-ng.de\/wp-content\/uploads\/2011\/10\/WP-FXXX1k2.jpg\"><img loading=\"lazy\" decoding=\"async\" class=\"size-medium wp-image-521\" title=\"Material 2: Beispiel-Wochenplan\" src=\"https:\/\/s-ng.de\/wp-content\/uploads\/2011\/10\/WP-FXXX1k2-211x300.jpg\" alt=\"\" width=\"211\" height=\"300\" srcset=\"https:\/\/s-ng.de\/wp-content\/uploads\/2011\/10\/WP-FXXX1k2-211x300.jpg 211w, https:\/\/s-ng.de\/wp-content\/uploads\/2011\/10\/WP-FXXX1k2.jpg 450w\" sizes=\"auto, (max-width: 211px) 100vw, 211px\" \/><\/a><figcaption id=\"caption-attachment-521\" class=\"wp-caption-text\">Material 2: Beispiel-Wochenplan. F\u00fcr vergr\u00f6\u00dferte Ansicht bitte klicken.<\/figcaption><\/figure><\/li>\n<li>Ausreichend <strong>\u00dcbungsmaterial<\/strong>, nach Kompetenzen aufgeschl\u00fcsselt.<br \/>\nDas k\u00f6nnen Karteien (z. B. <a href=\"https:\/\/s-ng.de\/wp-content\/uploads\/2011\/10\/Das-kann-ich-schon-42.pdf\">Material 3<\/a>*) sein, aber auch ein Sammelsurium an Schulbuchaufgaben, Arbeitsheftseiten etc. Dazu muss dann eine \u00dcbersicht der Kompetenzen erstellt werden mit den zu jeder Kompetenz passenden \u00dcbungsangeboten.<\/li>\n<li><strong>Pr\u00fcfungsmaterial<\/strong>. U. U. kann das \u00dcbungsmaterial auch Pr\u00fcfungsmaterial sein. Im Fach Englisch ergeben sich weitere Pr\u00fcfungen, z. B. die ganz normalen Vokabeltests (Note 3 und besser = Kompetenz erworben) und vor der Klasse durchgef\u00fchrte Dialoge (ebenfalls bei Note 3 oder besser erfolgreich bestanden).<\/li>\n<\/ol>\n<p><em><span style=\"color: #888888;\">*<\/span><span style=\"color: #999999;\">Anmerkung zu Material 3:<\/span> <span style=\"color: #999999;\">Zu sehen sind 4 Karten aus einer von mir erstellten Kompetenzkartei. Diese Karten sind in DIN A 5, laminiert, jeweils 4x vorhanden und stehen im Freiarbeitsregal der Klasse. Wenn die Kinder meinen, \u00fcber die entsprechende Kompetenz zu verf\u00fcgen, bearbeiten sie die Karte (mit Folienstift). Ist die Karte fehlerfrei gel\u00f6st, erhalten sie in der Kompetenz\u00fcbersicht den entsprechenden Stempel. Falls nicht, war es einfach eine \u00dcbung, und sie k\u00f6nnen dieselbe Karte an einem anderen Tag ein weiteres Mal bearbeiten. Die Karten sind meist mit kleinen Bildchen versehen. Ich habe hier &#8222;bildchenfreie&#8220; Karten als Beispiel genommen, um evtl. unbeabsichtige Urheberrechtsverletzungen von vornherein zu vermeiden.<\/span><\/em><\/p>\n<h2>Wie arbeitet man mit den Kompetenzrastern?<\/h2>\n<p>Die Kompetenzraster werden zu Beginn des Schuljahres an jedes Kind ausgegeben und gemeinsam besprochen. Sie bekommen einen wichtigen Platz, z. B. hinten in der Wochenplanmappe. Hat ein Kind die Kompetenz erworben, wird dies mit Datum und Stempel auf dem Raster bescheinigt (siehe Material 1).<\/p>\n<h2>Wichtig:<\/h2>\n<p>Gerade in der Hauptschule m\u00fcssen wir Lehrkr\u00e4fte damit rechnen, dass unsere Sch\u00fcler\/innen einmal Gekonntes wieder verlernen. Der Stempel im Kompetenzraster bedeutet daher nur: Zum Zeitpunkt der Pr\u00fcfung gekonnt. Dennoch: Durch die Arbeit mit den Kompetenzrastern werden auch im Unterricht l\u00e4ngst vergangene Lerninhalte immer wiederholt und bleiben so eher im Ged\u00e4chtnis verankert.<\/p>\n<h2>Mehr Infos&#8230;<\/h2>\n<p>Im Januar 2012 erscheint das <a href=\"http:\/\/www.oldenbourg-klick.de\/zeitschriften\/foerdermagazin\/heftthemen\/\" target=\"_blank\" rel=\"noopener\">F\u00f6rdermagazin<\/a> 1\/2012 &#8222;Offene, reflexionsf\u00f6rdernde Arbeitsformen&#8220; mit einem ausf\u00fchrlichen Artikel von mir \u00fcber die Arbeit mit Kompetenzrastern und andere reflexionsf\u00f6rdernde Lernformen.<\/p>\n<p>Weitere Kompetenzraster und -\u00fcbersichten, die meine Kolleg\/innen und ich in den Ganztagsklassen unserer Schule verwenden, sind auf der <a href=\"http:\/\/www.theo-schoeller-hauptschule.de\/index.php?option=com_content&amp;view=article&amp;id=33&amp;Itemid=64\" target=\"_blank\" rel=\"noopener\">Homepage der Dr.-Theo-Sch\u00f6ller-Mittelschule<\/a> anzusehen.<\/p>\n<p><a href=\"https:\/\/s-ng.de\/?page_id=501\">\u2191nach oben<\/a><\/p>\n<p>&nbsp;<\/p>\n<div class=\"pvc_clear\"><\/div>\n<p id=\"pvc_stats_501\" class=\"pvc_stats all  \" data-element-id=\"501\" style=\"\"><i class=\"pvc-stats-icon small\" aria-hidden=\"true\"><svg aria-hidden=\"true\" focusable=\"false\" data-prefix=\"far\" data-icon=\"chart-bar\" role=\"img\" xmlns=\"http:\/\/www.w3.org\/2000\/svg\" viewBox=\"0 0 512 512\" class=\"svg-inline--fa fa-chart-bar fa-w-16 fa-2x\"><path fill=\"currentColor\" d=\"M396.8 352h22.4c6.4 0 12.8-6.4 12.8-12.8V108.8c0-6.4-6.4-12.8-12.8-12.8h-22.4c-6.4 0-12.8 6.4-12.8 12.8v230.4c0 6.4 6.4 12.8 12.8 12.8zm-192 0h22.4c6.4 0 12.8-6.4 12.8-12.8V140.8c0-6.4-6.4-12.8-12.8-12.8h-22.4c-6.4 0-12.8 6.4-12.8 12.8v198.4c0 6.4 6.4 12.8 12.8 12.8zm96 0h22.4c6.4 0 12.8-6.4 12.8-12.8V204.8c0-6.4-6.4-12.8-12.8-12.8h-22.4c-6.4 0-12.8 6.4-12.8 12.8v134.4c0 6.4 6.4 12.8 12.8 12.8zM496 400H48V80c0-8.84-7.16-16-16-16H16C7.16 64 0 71.16 0 80v336c0 17.67 14.33 32 32 32h464c8.84 0 16-7.16 16-16v-16c0-8.84-7.16-16-16-16zm-387.2-48h22.4c6.4 0 12.8-6.4 12.8-12.8v-70.4c0-6.4-6.4-12.8-12.8-12.8h-22.4c-6.4 0-12.8 6.4-12.8 12.8v70.4c0 6.4 6.4 12.8 12.8 12.8z\" class=\"\"><\/path><\/svg><\/i> <img loading=\"lazy\" decoding=\"async\" width=\"16\" height=\"16\" alt=\"Loading\" src=\"https:\/\/s-ng.de\/wp-content\/plugins\/page-views-count\/ajax-loader-2x.gif\" border=0 \/><\/p>\n<div class=\"pvc_clear\"><\/div>\n","protected":false},"excerpt":{"rendered":"<p>Damit Lernen nachhaltig wird, m\u00fcssen die Sch\u00fcler\/innen mit ins Boot geholt werden. Wer wei\u00df, was er kann und was noch&hellip;<\/p>\n","protected":false},"author":1,"featured_media":0,"parent":50,"menu_order":9,"comment_status":"closed","ping_status":"closed","template":"","meta":{"footnotes":""},"class_list":["post-501","page","type-page","status-publish","hentry"],"_links":{"self":[{"href":"https:\/\/s-ng.de\/index.php?rest_route=\/wp\/v2\/pages\/501","targetHints":{"allow":["GET"]}}],"collection":[{"href":"https:\/\/s-ng.de\/index.php?rest_route=\/wp\/v2\/pages"}],"about":[{"href":"https:\/\/s-ng.de\/index.php?rest_route=\/wp\/v2\/types\/page"}],"author":[{"embeddable":true,"href":"https:\/\/s-ng.de\/index.php?rest_route=\/wp\/v2\/users\/1"}],"replies":[{"embeddable":true,"href":"https:\/\/s-ng.de\/index.php?rest_route=%2Fwp%2Fv2%2Fcomments&post=501"}],"version-history":[{"count":14,"href":"https:\/\/s-ng.de\/index.php?rest_route=\/wp\/v2\/pages\/501\/revisions"}],"predecessor-version":[{"id":505,"href":"https:\/\/s-ng.de\/index.php?rest_route=\/wp\/v2\/pages\/501\/revisions\/505"}],"up":[{"embeddable":true,"href":"https:\/\/s-ng.de\/index.php?rest_route=\/wp\/v2\/pages\/50"}],"wp:attachment":[{"href":"https:\/\/s-ng.de\/index.php?rest_route=%2Fwp%2Fv2%2Fmedia&parent=501"}],"curies":[{"name":"wp","href":"https:\/\/api.w.org\/{rel}","templated":true}]}}