{"id":641,"date":"2011-12-13T22:40:42","date_gmt":"2011-12-13T21:40:42","guid":{"rendered":"http:\/\/s-ng.de\/?page_id=641"},"modified":"2013-01-17T15:31:22","modified_gmt":"2013-01-17T14:31:22","slug":"arbeit-mit-dem-worterbuch","status":"publish","type":"page","link":"https:\/\/s-ng.de\/?page_id=641","title":{"rendered":"Arbeit mit dem W\u00f6rterbuch"},"content":{"rendered":"<p><span style=\"color: #000000;\"><em><a href=\"https:\/\/s-ng.de\/wp-content\/uploads\/2011\/12\/Wortprofiseite.jpg\"><img loading=\"lazy\" decoding=\"async\" class=\"alignleft size-medium wp-image-643\" title=\"Wortprofiseite\" src=\"https:\/\/s-ng.de\/wp-content\/uploads\/2011\/12\/Wortprofiseite-283x300.jpg\" alt=\"\" width=\"287\" height=\"305\" \/><\/a>Hauptschule Klasse 5<\/em><\/span><\/p>\n<p><span style=\"color: #333399;\">Obwohl die Kinder meist bereits in der Grundschule den Umgang mit einem W\u00f6rterbuch lernen, stellt man als Hauptschullehrkraft oft fest, dass die Kinder im 5. Schuljahr sehr lange und meist erfolglos nach W\u00f6rtern im W\u00f6rterbuch suchen.<\/span><\/p>\n<p><span style=\"color: #333399;\">Deshalb ist es wichtig, in der f\u00fcnften Klasse in den ersten Wochen bereits in den Umgang mit dem W\u00f6rterbuch einzuf\u00fchren dann immer wieder neue \u00dcbungsanl\u00e4sse zu schaffen.<\/span><\/p>\n<p><span style=\"color: #333399;\">Im Folgenden m\u00f6chte ich sowohl eine M\u00f6glichkeit der Einf\u00fchrung in die Arbeit mit dem W\u00f6rterbuch vorstellen als auch Ideen f\u00fcr das regelm\u00e4\u00dfige Wiederaufgreifen und damit Festigen der Strategien. Gerade letzteres ist besonders in der Hauptschule wichtig, da unsere Sch\u00fcler dazu neigen, einmal Gekonntes bald wieder zu vergessen.<\/span><\/p>\n<p><em>Materialien zur Ansicht finden Sie beispielhaft im Artikel. Wenn Sie Interesse an diesen und weiteren Materialien haben, nehmen Sie bitte Kontakt mit mir auf. Ich gebe sie gern (kostenlos)<\/em><em> weiter!<\/em><\/p>\n<p><strong>Voraussetzung:<\/strong><\/p>\n<p>Alle Kinder besitzen ein geeignetes W\u00f6rterbuch. An unserer Schule haben wir den \u201eWortprofi\u201c eingef\u00fchrt, der sehr gut geeignet ist auch \u00fcber den Hauptschulabschluss hinaus. Im Vergleich zum Duden ist er sch\u00fclerfreundlicher und bietet mehr Erkl\u00e4rungen bei W\u00f6rtern, die vielleicht nicht jedem bekannt sind. Ich lasse den Wortprofi gleich zu Beginn des Schuljahres von den Kindern anschaffen \u2013 mit dem Hinweis, dass das Buch bis zum Hauptschulabschluss gebraucht wird.<\/p>\n<p><strong>Einf\u00fchrung<\/strong><\/p>\n<p>In vergangenen Berufsjahren habe ich festgestellt, dass meine Sch\u00fcler\/innen trotz vielfacher Erkl\u00e4rung, wie man im W\u00f6rterbuch W\u00f6rter sucht, immer wieder in ihre \u201ealte Strategie\u201c, n\u00e4mlich das Aufschlagen einer ungef\u00e4hr passenden Seite und das Durchlesen aller W\u00f6rter bis zum bitteren Ende, verfallen. Deshalb habe ich mich in diesem Jahr f\u00fcr folgendes Vorgehen entschieden (siehe Material 1):<\/p>\n<p>Zuerst suchen die Kinder mit Hilfe des Arbeitsblattes die f\u00fcnf angegebenen W\u00f6rter im Wortprofi. Dabei l\u00e4uft eine Stoppuhr. Wenn das erste Kind fertig ist, wird die Zeit angehalten. Die Kinder notieren Zeit und Anzahl der gefundenen W\u00f6rter auf dem AB. Bei meinen diesj\u00e4hrigen Sch\u00fcler\/innen rangierten die Werte von 1 bis 5 W\u00f6rtern in 12 Minuten.<\/p>\n<figure id=\"attachment_644\" aria-describedby=\"caption-attachment-644\" style=\"width: 185px\" class=\"wp-caption alignright\"><a href=\"https:\/\/s-ng.de\/wp-content\/uploads\/2011\/12\/AB-Schnellsuch-Trick.jpg\"><img loading=\"lazy\" decoding=\"async\" class=\"size-medium wp-image-644\" title=\"Material 1: AB Schnellsuch-Trick\" src=\"https:\/\/s-ng.de\/wp-content\/uploads\/2011\/12\/AB-Schnellsuch-Trick-185x300.jpg\" alt=\"Material 1: AB Schnellsuch-Trick\" width=\"185\" height=\"300\" srcset=\"https:\/\/s-ng.de\/wp-content\/uploads\/2011\/12\/AB-Schnellsuch-Trick-185x300.jpg 185w, https:\/\/s-ng.de\/wp-content\/uploads\/2011\/12\/AB-Schnellsuch-Trick.jpg 619w\" sizes=\"auto, (max-width: 185px) 100vw, 185px\" \/><\/a><figcaption id=\"caption-attachment-644\" class=\"wp-caption-text\">Material 1: AB Schnellsuch-Trick<\/figcaption><\/figure>\n<p>Danach bespricht man mit der Klasse, wie die Kinder vorgegangen sind. Im Unterrichtsgespr\u00e4ch wird die richtige Strategie herausgearbeitet und dann an der Tafel festgehalten und auf dem AB in Kurzform notiert:<\/p>\n<p style=\"padding-left: 30px;\">1. irgendwo beim passenden Buchstaben aufschlagen und Leitw\u00f6rter pr\u00fcfen<\/p>\n<p style=\"padding-left: 30px;\">2. vor- bzw. zur\u00fcckbl\u00e4ttern, dabei jeweils nur auf die Leitw\u00f6rter schauen (!)<\/p>\n<p style=\"padding-left: 30px;\">3. erst wenn die richtige Seite gefunden ist: die W\u00f6rter auf der Seite lesen!<\/p>\n<p>Anschlie\u00dfend wird noch einmal die Zeit gestoppt f\u00fcr die n\u00e4chsten 5 W\u00f6rter. Die Kinder werden feststellen, dass sie tats\u00e4chlich schneller geworden sind.<\/p>\n<p>Nach einer erneuten Besprechung gibt es eine 3. Runde. (Lernziel: \u201eGewusst wie\u201c und \u00dcbung machen den Meister!) Meine Erfahrung aus diesem Schuljahr zeigt: Nach einigen Wochen benutzen alle Sch\u00fcler von sich aus die Leitwortstrategie! (&#8230; was nicht bedeutet, dass sie immer alle W\u00f6rter finden &#8211; aber es kommt nur noch sehr selten vor, dass sie sich auf einer falschen Seite &#8222;verhaken&#8220;!)<\/p>\n<h2>Voraussetzungen trainieren<\/h2>\n<p>Im Wochenplan oder im normalen Unterricht wird parallel das ABC und das Ordnen nach dem ABC (auch nach dem 2., 3., 4. \u2026 Buchstaben) trainiert. In den Sprachb\u00fcchern und Arbeitsheften, die in der Schule eingef\u00fchrt sind, finden sich dazu \u00fcblicherweise zahlreiche \u00dcbungen. Auch Grundschulmaterial kann durchaus wieder verwendet werden.<\/p>\n<h2>Weitere \u00dcbungen<\/h2>\n<p><strong>Unterrichtseinheit \u201eNomen\u201c<\/strong><\/p>\n<p>Immer nur 5 W\u00f6rter suchen um des Suchens willen wird schnell langweilig. Deshalb ist es sinnvoll, die Kinder die N\u00fctzlichkeit des W\u00f6rterbuchs nach und nach entdecken zu lassen. Anfang des 5. Schuljahres bietet es sich an, das am Thema \u201eNomen\u201c zu durchzuf\u00fchren, da die Gro\u00df- und Kleinschreibung ein wichtiges Rechtschreibthema ist.<\/p>\n<p>Nach und nach lernen die Kinder, wie das W\u00f6rterbuch ihnen verr\u00e4t\u2026<\/p>\n<p>&#8211;\u00a0\u00a0\u00a0\u00a0\u00a0\u00a0\u00a0\u00a0\u00a0 wie ein Wort in Silben getrennt wird (ganz leicht als Tafel\u00fcbung trainierbar!)<\/p>\n<p>&#8211;\u00a0\u00a0\u00a0\u00a0\u00a0\u00a0\u00a0\u00a0\u00a0 wie der Artikel eines Nomens hei\u00dft (ganz leicht als Tafel\u00fcbung trainierbar!)<\/p>\n<p>&#8211;\u00a0\u00a0\u00a0\u00a0\u00a0\u00a0\u00a0\u00a0\u00a0 wie die Mehrzahlform hei\u00dft (ganz leicht als Tafel\u00fcbung trainierbar!)<\/p>\n<p>&#8211;\u00a0\u00a0\u00a0\u00a0\u00a0\u00a0\u00a0\u00a0\u00a0 wie die Genitivform gebildet wird (einf\u00fchren, wenn die 4 F\u00e4lle Thema sind)<\/p>\n<p>&#8211;\u00a0\u00a0\u00a0\u00a0\u00a0\u00a0\u00a0\u00a0\u00a0 wie ein Wort ausgesprochen wird<\/p>\n<p>&#8211;\u00a0\u00a0\u00a0\u00a0\u00a0\u00a0\u00a0\u00a0\u00a0 aus welcher Sprache ein Wort kommt<\/p>\n<p>&#8211;\u00a0\u00a0\u00a0\u00a0\u00a0\u00a0\u00a0\u00a0\u00a0 was ein unbekanntes Wort bedeutet (siehe auch Material 2).<\/p>\n<figure id=\"attachment_645\" aria-describedby=\"caption-attachment-645\" style=\"width: 577px\" class=\"wp-caption aligncenter\"><a href=\"https:\/\/s-ng.de\/wp-content\/uploads\/2011\/12\/Material-2-Alles-%C3%BCber-Nomen-nachschlagen.jpg\"><img loading=\"lazy\" decoding=\"async\" class=\"size-medium wp-image-645 \" title=\"Material 2 Alles \u00fcber Nomen nachschlagen\" src=\"https:\/\/s-ng.de\/wp-content\/uploads\/2011\/12\/Material-2-Alles-%C3%BCber-Nomen-nachschlagen-300x107.jpg\" alt=\"Material 2: AB Alles \u00fcber Nomen nachschlagen\" width=\"577\" height=\"206\" \/><\/a><figcaption id=\"caption-attachment-645\" class=\"wp-caption-text\">Material 2: AB Alles \u00fcber Nomen nachschlagen<\/figcaption><\/figure>\n<p>Beim Bearbeiten der diesbez\u00fcglichen \u00dcbungsangebote trainieren sie immer wieder das richtige Vorgehen beim Finden eines Wortes. Die Lehrkraft muss aufmerksam sein und mit Kindern, die nach der \u201ealten\u201c Strategie vorgehen, sofort die richtige Strategie noch einmal gemeinsam durchf\u00fchren. Manche Kinder brauchen das sehr, sehr oft!<\/p>\n<p>Ich erlebe es auch h\u00e4ufig, dass die Kinder kommen und sagen: \u201eDas Wort gibt es nicht\u201c. Meine Standardantwort ist dann (fast) immer: \u201eDu bist ja auch auf der falschen Seite.\u201c Und dann suchen wir gemeinsam mit der Leitwortstrategie.<\/p>\n<p>Wochenplan und Freiarbeit, aber auch (funktionierende) herk\u00f6mmliche Stillarbeitsphasen schaffen Zeitr\u00e4ume, w\u00e4hrend derer sich die Lehrkraft um einzelne Kinder k\u00fcmmern kann.<\/p>\n<p><strong>Unterrichtseinheit \u201e<a href=\"https:\/\/s-ng.de\/?page_id=408\" target=\"_blank\">Lebendiges Erz\u00e4hlen<\/a>\u201c<\/strong><\/p>\n<p>Das W\u00f6rterbuch dient als Rechtschreibhilfe (die nur von Kindern genutzt werden kann, die schnell ein Wort finden k\u00f6nnen) beim Schreiben von Geschichten.<\/p>\n<p>Au\u00dferdem steht in der Unterrichtseinheit das Thema \u201eeinfache Vergangenheit als Erz\u00e4hlform\u201c an. Viele Kinder k\u00f6nnen das Pr\u00e4teritum der starken Verben nicht richtig bilden \u2013 der Wortprofi hilft hier weiter.<\/p>\n<p><strong>Unterrichtseinheit \u201e<a href=\"https:\/\/s-ng.de\/?page_id=443\" target=\"_blank\">Vorg\u00e4nge beschreiben<\/a>\u201c<\/strong><\/p>\n<p>Unregelm\u00e4\u00dfige Befehlsformen (\u201egib!\u201c, \u201enimm!\u201c \u2026) kann man im W\u00f6rterbuch nachschlagen.<\/p>\n<figure id=\"attachment_646\" aria-describedby=\"caption-attachment-646\" style=\"width: 183px\" class=\"wp-caption alignright\"><a href=\"https:\/\/s-ng.de\/wp-content\/uploads\/2011\/12\/Material-3-AB-Erz%C3%A4hltext-verstehen.jpg\"><img loading=\"lazy\" decoding=\"async\" class=\"size-medium wp-image-646\" title=\"Material 3 AB Erz\u00e4hltext verstehen\" src=\"https:\/\/s-ng.de\/wp-content\/uploads\/2011\/12\/Material-3-AB-Erz%C3%A4hltext-verstehen-183x300.jpg\" alt=\"Material 3: AB Erz\u00e4hltext verstehen\" width=\"183\" height=\"300\" \/><\/a><figcaption id=\"caption-attachment-646\" class=\"wp-caption-text\">Material 3: AB Erz\u00e4hltext verstehen<\/figcaption><\/figure>\n<p><strong>Unterrichtseinheit \u201eSachtexte verstehen\u201c<\/strong><\/p>\n<p>Unbekannte W\u00f6rter im Wortprofi nachzuschlagen ist eine Grundvoraussetzung f\u00fcr das Textverst\u00e4ndnis.<\/p>\n<p><strong>Unterrichtseinheit \u201eErz\u00e4hltexte verstehen\u201c<\/strong><\/p>\n<p>Unbekannte W\u00f6rter und Redewendungen im Wortprofi nachzuschlagen ist eine Grundvoraussetzung f\u00fcr das Textverst\u00e4ndnis. (Ein Beispiel f\u00fcr m\u00f6gliche Fragen: siehe Material 3.)<\/p>\n<p><strong>Rechtschreibunterricht<\/strong><\/p>\n<p>Die Kinder schreiben Texte \u2013 zu welchem Anlass auch immer. Warum sollte immer die Lehrkraft die Fehler berichtigen? Ein gewisses Ma\u00df an Fehlerw\u00f6rtern k\u00f6nnen die Kinder durch Nachschlagen im W\u00f6rterbuch berichtigen.<\/p>\n<h2>Fazit<\/h2>\n<p>Nur wenn der Umgang mit dem W\u00f6rterbuch Alltag im Unterricht ist, werden die Kinder es auch zum Hauptschulabschluss (und im Leben!) als Rechtschreibhilfe und Auskunftsquelle benutzen k\u00f6nnen. Dazu m\u00fcssen die Kinder am \u201eeigenen Leibe\u201c erfahren, dass die zun\u00e4chst kompliziert erscheinende \u201eLeitwortstrategie\u201c das schnelle Finden \u00fcberhaupt erm\u00f6glicht \u2013 nur dann werden sie sie auch anwenden und nur dadurch k\u00f6nnen sie die Strategie ihre ganze Hauptschulzeit \u00fcber trainieren.<\/p>\n<p>&nbsp;<\/p>\n<p>\u2191<a href=\"https:\/\/s-ng.de\/?page_id=641\">nach oben <\/a><\/p>\n<p>&nbsp;<\/p>\n<div class=\"pvc_clear\"><\/div>\n<p id=\"pvc_stats_641\" class=\"pvc_stats all  \" data-element-id=\"641\" style=\"\"><i class=\"pvc-stats-icon small\" aria-hidden=\"true\"><svg aria-hidden=\"true\" focusable=\"false\" data-prefix=\"far\" data-icon=\"chart-bar\" role=\"img\" xmlns=\"http:\/\/www.w3.org\/2000\/svg\" viewBox=\"0 0 512 512\" class=\"svg-inline--fa fa-chart-bar fa-w-16 fa-2x\"><path fill=\"currentColor\" d=\"M396.8 352h22.4c6.4 0 12.8-6.4 12.8-12.8V108.8c0-6.4-6.4-12.8-12.8-12.8h-22.4c-6.4 0-12.8 6.4-12.8 12.8v230.4c0 6.4 6.4 12.8 12.8 12.8zm-192 0h22.4c6.4 0 12.8-6.4 12.8-12.8V140.8c0-6.4-6.4-12.8-12.8-12.8h-22.4c-6.4 0-12.8 6.4-12.8 12.8v198.4c0 6.4 6.4 12.8 12.8 12.8zm96 0h22.4c6.4 0 12.8-6.4 12.8-12.8V204.8c0-6.4-6.4-12.8-12.8-12.8h-22.4c-6.4 0-12.8 6.4-12.8 12.8v134.4c0 6.4 6.4 12.8 12.8 12.8zM496 400H48V80c0-8.84-7.16-16-16-16H16C7.16 64 0 71.16 0 80v336c0 17.67 14.33 32 32 32h464c8.84 0 16-7.16 16-16v-16c0-8.84-7.16-16-16-16zm-387.2-48h22.4c6.4 0 12.8-6.4 12.8-12.8v-70.4c0-6.4-6.4-12.8-12.8-12.8h-22.4c-6.4 0-12.8 6.4-12.8 12.8v70.4c0 6.4 6.4 12.8 12.8 12.8z\" class=\"\"><\/path><\/svg><\/i> <img loading=\"lazy\" decoding=\"async\" width=\"16\" height=\"16\" alt=\"Loading\" src=\"https:\/\/s-ng.de\/wp-content\/plugins\/page-views-count\/ajax-loader-2x.gif\" border=0 \/><\/p>\n<div class=\"pvc_clear\"><\/div>\n","protected":false},"excerpt":{"rendered":"<p>Hauptschule Klasse 5 Obwohl die Kinder meist bereits in der Grundschule den Umgang mit einem W\u00f6rterbuch lernen, stellt man als&hellip;<\/p>\n","protected":false},"author":1,"featured_media":0,"parent":50,"menu_order":9,"comment_status":"closed","ping_status":"closed","template":"","meta":{"footnotes":""},"class_list":["post-641","page","type-page","status-publish","hentry"],"_links":{"self":[{"href":"https:\/\/s-ng.de\/index.php?rest_route=\/wp\/v2\/pages\/641","targetHints":{"allow":["GET"]}}],"collection":[{"href":"https:\/\/s-ng.de\/index.php?rest_route=\/wp\/v2\/pages"}],"about":[{"href":"https:\/\/s-ng.de\/index.php?rest_route=\/wp\/v2\/types\/page"}],"author":[{"embeddable":true,"href":"https:\/\/s-ng.de\/index.php?rest_route=\/wp\/v2\/users\/1"}],"replies":[{"embeddable":true,"href":"https:\/\/s-ng.de\/index.php?rest_route=%2Fwp%2Fv2%2Fcomments&post=641"}],"version-history":[{"count":14,"href":"https:\/\/s-ng.de\/index.php?rest_route=\/wp\/v2\/pages\/641\/revisions"}],"predecessor-version":[{"id":651,"href":"https:\/\/s-ng.de\/index.php?rest_route=\/wp\/v2\/pages\/641\/revisions\/651"}],"up":[{"embeddable":true,"href":"https:\/\/s-ng.de\/index.php?rest_route=\/wp\/v2\/pages\/50"}],"wp:attachment":[{"href":"https:\/\/s-ng.de\/index.php?rest_route=%2Fwp%2Fv2%2Fmedia&parent=641"}],"curies":[{"name":"wp","href":"https:\/\/api.w.org\/{rel}","templated":true}]}}