{"id":82,"date":"2011-10-10T20:48:36","date_gmt":"2011-10-10T19:48:36","guid":{"rendered":"http:\/\/brahms:81\/?page_id=82"},"modified":"2022-12-10T11:32:08","modified_gmt":"2022-12-10T10:32:08","slug":"links","status":"publish","type":"page","link":"https:\/\/s-ng.de\/?page_id=82","title":{"rendered":"Lesen &#8211; Meine Buchempfehlungen"},"content":{"rendered":"<p>Ich schreibe nicht nur, ich lese auch sehr gern. Besonders dann, wenn ich nicht so viel Zeit habe. Klingt paradox? Hab ich auch erst gedacht. Aber ich glaube, es gibt eine einfache Erkl\u00e4rung: Wenn ich nicht viel Zeit habe, kann ich nicht schreiben. Denn daf\u00fcr muss ich f\u00fcr Stunden in die Welt meiner Protagonisten abtauchen. Wenn ich lese, kann ich auch mal hier und da jeweils f\u00fcr zehn, zwanzig oder drei\u00dfig Minuten in dem Buch versinken. Und dann wieder auftauchen und weitermachen. Denn die Geschichten, die ich lese, sind ja schon geschrieben worden.<\/p>\n<p>Da ich fast ausschlie\u00dflich die Art von B\u00fcchern lese, die ich selbst schreibe, habe ich mich dazu entschlossen, auf dieser Seite meine Lieblingsb\u00fccher vorzustellen. Wenn du meine B\u00fccher und Geschichten magst, entdeckst du vielleicht in meiner Liste noch weitere B\u00fccher, die dir gefallen.<\/p>\n\n<div class=\"wp-block-image\">\n<figure class=\"alignleft is-resized\"><img loading=\"lazy\" decoding=\"async\" src=\"https:\/\/s-ng.de\/wp-content\/uploads\/2020\/02\/Zwei-in-Solo.jpg\" alt=\"\" class=\"wp-image-1428\" width=\"135\" height=\"215\" srcset=\"https:\/\/s-ng.de\/wp-content\/uploads\/2020\/02\/Zwei-in-Solo.jpg 274w, https:\/\/s-ng.de\/wp-content\/uploads\/2020\/02\/Zwei-in-Solo-189x300.jpg 189w\" sizes=\"auto, (max-width: 135px) 100vw, 135px\" \/><\/figure>\n<\/div>\n\n\n<p><strong>&#8222;Zwei in Solo&#8220;<\/strong> von <em>Elja Janus<\/em> &#8211;  <strong>Die Geschichte von Milo und Sophie und die unglaublich mitrei\u00dfende und intensive Sprache trafen mich mitten in meinem Herzen. <\/strong><br><br><em>Worum es geht<\/em>: Sophie, Lehrerin, 31, trifft auf Milo, 21, ihren ehemaligen Sch\u00fcler. Beide f\u00fchlen sich sehr zueinander hingezogen, aber sie stammen aus so verschiedenen Welten &#8230; <br><br><a rel=\"noreferrer noopener\" aria-label=\"Zu meiner Rezension auf Lovelybooks (\u00f6ffnet in neuem Tab)\" href=\"https:\/\/www.lovelybooks.de\/autor\/Elja-Janus\/Zwei-in-Solo-1995016874-w\/rezension\/2147397691\/\" target=\"_blank\">Zu meiner Rezension auf Lovelybooks<\/a> &#8211; <a rel=\"noreferrer noopener\" aria-label=\"Zum Buch bei Amazon (\u00f6ffnet in neuem Tab)\" href=\"https:\/\/www.amazon.de\/dp\/B07T31GXVM\" target=\"_blank\">Zum Buch bei Amazon<\/a><br><br><\/p>\n\n\n<div class=\"wp-block-image\">\n<figure class=\"alignleft is-resized\"><img loading=\"lazy\" decoding=\"async\" src=\"https:\/\/s-ng.de\/wp-content\/uploads\/2020\/02\/Immer-noch-wir.jpg\" alt=\"\" class=\"wp-image-1429\" width=\"133\" height=\"214\" srcset=\"https:\/\/s-ng.de\/wp-content\/uploads\/2020\/02\/Immer-noch-wir.jpg 270w, https:\/\/s-ng.de\/wp-content\/uploads\/2020\/02\/Immer-noch-wir-187x300.jpg 187w\" sizes=\"auto, (max-width: 133px) 100vw, 133px\" \/><\/figure>\n<\/div>\n\n\n<p><strong>&#8222;Immer noch wir&#8220;<\/strong> von <em>Elja Janus<\/em> &#8211;  <strong>Mitrei\u00dfende Geschichte, wunderbare Sprache, liebenswerte und authentische Protagonisten, und ich habe so geweint!<\/strong><br><br><em>Worum es geht<\/em>: Lina und Joe kennen sich aus Kindertagen, hatten sich aber aus den Augen verloren. Nun treffen sie einander, und was sie verbindet, ist so viel gr\u00f6\u00dfer als Freundschaft. Doch Joe hat Angst, sich auf die Liebe einzulassen &#8230;<br><a rel=\"noreferrer noopener\" aria-label=\"Zu meiner Rezension auf Lovelybooks (\u00f6ffnet in neuem Tab)\" href=\"https:\/\/www.lovelybooks.de\/autor\/Elja-Janus\/Immer-noch-wir-1984819116-w\/rezension\/2029045904\/\" target=\"_blank\">Zu meiner Rezension auf Lovelybooks<\/a> &#8211; <a rel=\"noreferrer noopener\" aria-label=\"Zum Buch bei Amazon (\u00f6ffnet in neuem Tab)\" href=\"https:\/\/www.amazon.de\/dp\/B07NXSYBQ5\" target=\"_blank\">Zum Buch bei Amazon<\/a><br><br><\/p>\n\n\n<div class=\"wp-block-image\">\n<figure class=\"alignleft is-resized\"><img loading=\"lazy\" decoding=\"async\" src=\"https:\/\/s-ng.de\/wp-content\/uploads\/2020\/02\/Dein-Weg-meine-Liebe.jpg\" alt=\"\" class=\"wp-image-1430\" width=\"133\" height=\"212\" srcset=\"https:\/\/s-ng.de\/wp-content\/uploads\/2020\/02\/Dein-Weg-meine-Liebe.jpg 269w, https:\/\/s-ng.de\/wp-content\/uploads\/2020\/02\/Dein-Weg-meine-Liebe-188x300.jpg 188w\" sizes=\"auto, (max-width: 133px) 100vw, 133px\" \/><\/figure>\n<\/div>\n\n\n<p><strong>&#8222;Dein Weg, meine Liebe&#8220;<\/strong> von <em>Aliz\u00e9e Korte<\/em> &#8211;  <strong>Die Geschichte von Vika und Etienne hat mir das Herz zerrissen und mich noch lange besch\u00e4ftigt &#8211; absolute Leseempfehlung! <\/strong><br><em><br>Worum es geht<\/em>: Vika trauert noch um ihre k\u00fcrzlich verstorbene gro\u00dfe Liebe Daniel, als sie Etienne begegnet. Es funkt, mehr als das, aber es gibt so vieles, das scheinbar zwischen ihnen steht &#8230;<br><br><a rel=\"noreferrer noopener\" aria-label=\"Zu meiner Rezension auf Loevelybooks (\u00f6ffnet in neuem Tab)\" href=\"https:\/\/www.lovelybooks.de\/autor\/Aliz\u00e9e-Korte\/Dein-Weg-meine-Liebe-Roman-1548067460-w\/rezension\/2439348811\/\" target=\"_blank\">Zu meiner Rezension auf Lovelybooks<\/a> &#8211; <a rel=\"noreferrer noopener\" aria-label=\"Zum Buch bei Amazon (\u00f6ffnet in neuem Tab)\" href=\"https:\/\/www.amazon.de\/dp\/B07QRV5YG7\" target=\"_blank\">Zum Buch bei Amazon<\/a><br><br><\/p>\n\n\n<div class=\"wp-block-image\">\n<figure class=\"alignleft size-large is-resized\"><img loading=\"lazy\" decoding=\"async\" src=\"https:\/\/s-ng.de\/wp-content\/uploads\/2020\/05\/Sprungturmhelden-Cover.jpg\" alt=\"\" class=\"wp-image-1992\" width=\"135\" height=\"209\"\/><\/figure>\n<\/div>\n\n\n<p><strong>&#8222;Die Sprungturmhelden&#8220;<\/strong> von <em>Jona Gellert<\/em> &#8211; <strong>Zart und gleichzeitig gewaltig. Die Geschichte von Jeremias und Lexie geht unter die Haut. Noch nie habe ich mich so vor dem Ende eines Buches gef\u00fcrchtet. <\/strong><br><br><em>Worum es geht<\/em>: Als Lexie und Jeremias einander begegnen, entwickelt sich schnell eine zarte und zugleich starke gegenseitige Zuneigung. Doch Jeremias hat einen schweren Verlust erlitten und steht n\u00e4her am Abgrund, als es f\u00fcr ihn und Lexie gut ist &#8230;<br><a rel=\"noreferrer noopener\" aria-label=\"Zu meiner Rezension auf Lovelybooks (\u00f6ffnet in neuem Tab)\" href=\"https:\/\/www.lovelybooks.de\/autor\/Jona-Gellert\/Sprungturmhelden-1636418207-w\/rezension\/2582221012\/\" target=\"_blank\">Zu meiner Rezension auf Lovelybooks<\/a> &#8211; <a rel=\"noreferrer noopener\" aria-label=\"Zum Buch bei Amazon (\u00f6ffnet in neuem Tab)\" href=\"https:\/\/www.amazon.de\/dp\/B07F5NTPZT\" target=\"_blank\">Zum Buch bei Amazon<\/a><\/p>\n\n\n\n<p><\/p>\n\n\n<div class=\"wp-block-image\">\n<figure class=\"alignleft is-resized\"><img loading=\"lazy\" decoding=\"async\" src=\"https:\/\/s-ng.de\/wp-content\/uploads\/2020\/02\/Whisper-I-Love-You.jpg\" alt=\"\" class=\"wp-image-1440\" width=\"135\" height=\"209\" srcset=\"https:\/\/s-ng.de\/wp-content\/uploads\/2020\/02\/Whisper-I-Love-You.jpg 274w, https:\/\/s-ng.de\/wp-content\/uploads\/2020\/02\/Whisper-I-Love-You-194x300.jpg 194w\" sizes=\"auto, (max-width: 135px) 100vw, 135px\" \/><\/figure>\n<\/div>\n\n\n<p class=\"has-text-align-left\"><strong>&#8222;Whisper I Love You&#8220;<\/strong> von <em>Mila Olsen<\/em> &#8211; <strong>Etwas ganz Gro\u00dfes. Definitiv eines der besten B\u00fccher, die ich jemals gelesen habe! Fesselnd, emotional, mitrei\u00dfend.<\/strong> <br><br><em>Worum es geht<\/em>: Als Kansas, in der Schule gemobbt und in der Familie unverstanden, sich von einer Br\u00fccke in den Tod st\u00fcrzen will, begegnet ihr River. Er zeigt ihr, wie sch\u00f6n das Leben sein kann &#8211; aber wer ist er wirklich? Und warum hat er die Ausstrahlung eines gefallenen Engels? Die beiden reisen zusammen durch halb Amerika &#8211; und am Ende ist nicht mehr klar, wer hier eigentlich wen retten muss &#8230;<br><a rel=\"noreferrer noopener\" aria-label=\"Zu meiner Rezension auf Lovelybooks (\u00f6ffnet in neuem Tab)\" href=\"https:\/\/www.lovelybooks.de\/autor\/Mila-Olsen\/Whisper-I-Love-You-1998174278-w\/rezension\/2039935109\/\" target=\"_blank\">Zu meiner Rezension auf Lovelybooks<\/a> &#8211; <a rel=\"noreferrer noopener\" aria-label=\"Zum Buch bei Amazon (\u00f6ffnet in neuem Tab)\" href=\"https:\/\/www.amazon.de\/dp\/B07PXFLDTF\" target=\"_blank\">Zum Buch bei Amazon<\/a><\/p>\n\n\n\n<p><\/p>\n\n\n\n<p><\/p>\n\n\n<div class=\"wp-block-image\">\n<figure class=\"alignleft is-resized\"><img loading=\"lazy\" decoding=\"async\" src=\"https:\/\/s-ng.de\/wp-content\/uploads\/2020\/02\/Meine-Sterne-in-deiner-Ncht.jpg\" alt=\"\" class=\"wp-image-1443\" width=\"135\" height=\"210\" srcset=\"https:\/\/s-ng.de\/wp-content\/uploads\/2020\/02\/Meine-Sterne-in-deiner-Ncht.jpg 278w, https:\/\/s-ng.de\/wp-content\/uploads\/2020\/02\/Meine-Sterne-in-deiner-Ncht-194x300.jpg 194w\" sizes=\"auto, (max-width: 135px) 100vw, 135px\" \/><\/figure>\n<\/div>\n\n\n<p><strong>&#8222;Meine Sterne in deiner Nacht&#8220;<\/strong> von <em>Alexandra Fischer<\/em> &#8211;  <strong>Ber\u00fchrender und fesselnder Young-Adult-Liebesroman, f\u00fcr mich eines der Lesehighlights des Jahres 2019!<\/strong> <br><br><em>Worum es geht<\/em>: Skye, noch in tiefer Trauer, weil ihre Eltern bei einem Unfall ums Leben kamen, lernt den geheimnisvollen Asher kennen. Obwohl sie ihn nicht mag, weicht er ihr nicht mehr von der Seite. Aus Antipathie wird Sympathie und schlie\u00dflich eine zarte und doch gro\u00dfe Liebe &#8211; aber Ashers Geheimnis kann alles zerst\u00f6ren &#8230;<br><a rel=\"noreferrer noopener\" aria-label=\"Zu meiner Rezension auf Lovelybooks (\u00f6ffnet in neuem Tab)\" href=\"https:\/\/www.lovelybooks.de\/autor\/Alexandra-Fischer\/Meine-Sterne-in-deiner-Nacht-2377217060-w\/rezension\/2379455045\/\" target=\"_blank\">Zu meiner Rezension auf Lovelybooks<\/a> &#8211; <a rel=\"noreferrer noopener\" aria-label=\"Zum Buch bei Amazon (\u00f6ffnet in neuem Tab)\" href=\"https:\/\/www.amazon.de\/dp\/B0816JN94B\" target=\"_blank\">Zum Buch bei Amazon<\/a><\/p>\n\n\n\n<p><\/p>\n\n\n\n<p><\/p>\n\n\n<div class=\"wp-block-image\">\n<figure class=\"alignleft is-resized\"><img loading=\"lazy\" decoding=\"async\" src=\"https:\/\/s-ng.de\/wp-content\/uploads\/2020\/02\/Loslassen.jpg\" alt=\"\" class=\"wp-image-1444\" width=\"134\" height=\"213\" srcset=\"https:\/\/s-ng.de\/wp-content\/uploads\/2020\/02\/Loslassen.jpg 269w, https:\/\/s-ng.de\/wp-content\/uploads\/2020\/02\/Loslassen-189x300.jpg 189w\" sizes=\"auto, (max-width: 134px) 100vw, 134px\" \/><\/figure>\n<\/div>\n\n\n<p><strong>&#8222;Loslassen&#8220;<\/strong> von <em>Maria V\u00e4th<\/em> &#8211;  <strong>Dramatisch, fesselnd, emotional,  ber\u00fchrend &#8211; ein Roman \u00fcber das Loslassen und das Haltgeben, \u00fcber die Liebe und den Schmerz, das Leben und das Sterben<\/strong>. <br><br><em>Worum es geht<\/em>: Charlotte und ihr mysteri\u00f6ser und gewaltbereiter Nachbar Hendrik k\u00f6nnen sich dem Sog, den sie aufeinander aus\u00fcben, nicht entziehen, obwohl eine Beziehung zu keinem Zeitpunkt eine echte Chance zu  haben scheint. <br><br><a rel=\"noreferrer noopener\" aria-label=\"Zu meiner Rezension auf Lovelybooks (\u00f6ffnet in neuem Tab)\" href=\"https:\/\/www.lovelybooks.de\/autor\/Maria-V\u00e4th\/Loslassen-1866109370-w\/rezension\/2437352418\/\" target=\"_blank\">Zu meiner Rezension auf Lovelybooks<\/a> &#8211; <a rel=\"noreferrer noopener\" aria-label=\"Zum Buch bei Amazon (\u00f6ffnet in neuem Tab)\" href=\"https:\/\/www.amazon.de\/dp\/B07KM4RRFT\" target=\"_blank\">Zum Buch bei Amazon<\/a><br><\/p>\n\n\n\n<p><\/p>\n\n\n<div class=\"wp-block-image\">\n<figure class=\"alignleft is-resized\"><img loading=\"lazy\" decoding=\"async\" src=\"https:\/\/s-ng.de\/wp-content\/uploads\/2020\/02\/Die-Untiefen-zwischen-uns.jpg\" alt=\"\" class=\"wp-image-1446\" width=\"135\" height=\"214\" srcset=\"https:\/\/s-ng.de\/wp-content\/uploads\/2020\/02\/Die-Untiefen-zwischen-uns.jpg 273w, https:\/\/s-ng.de\/wp-content\/uploads\/2020\/02\/Die-Untiefen-zwischen-uns-189x300.jpg 189w\" sizes=\"auto, (max-width: 135px) 100vw, 135px\" \/><\/figure>\n<\/div>\n\n\n<p><strong>&#8222;Die Untiefen zwischen uns&#8220;<\/strong> von <em>Claudia Meimberg<\/em> &#8211;  <strong>Sehr spannend und ber\u00fchrend. Die Geschichte von Mateo und Ella fesselte mich von der ersten bis zur letzten Seite! <\/strong><br><br><em>Worum es geht<\/em>:  \u201eDoch was, wenn eine Beziehung zerbricht \u2013 aber die Liebe bleibt?\u201c &#8211; Als Mateo und Ella einander kennenlernen, ist schnell klar: Das ist die gro\u00dfe Liebe. Aber dann passiert etwas, was eine Beziehung unm\u00f6glich erscheinen l\u00e4sst &#8230;<br><a rel=\"noreferrer noopener\" aria-label=\"Zu meiner Rezension auf Lovelybooks (\u00f6ffnet in neuem Tab)\" href=\"https:\/\/www.lovelybooks.de\/autor\/Claudia-Meimberg\/Die-Untiefen-zwischen-uns-2235997843-w\/rezension\/2091513158\/\" target=\"_blank\">Zu meiner Rezension auf Lovelybooks<\/a> &#8211; <a rel=\"noreferrer noopener\" aria-label=\"Zum Buch bei Amazon (\u00f6ffnet in neuem Tab)\" href=\"https:\/\/www.amazon.de\/dp\/B07RM6YSJQ\" target=\"_blank\">Zum Buch bei Amazon<\/a><br><br><br><\/p>\n\n\n<div class=\"wp-block-image\">\n<figure class=\"alignleft is-resized\"><img loading=\"lazy\" decoding=\"async\" src=\"https:\/\/s-ng.de\/wp-content\/uploads\/2020\/02\/Laufe-lebe-liebe.jpg\" alt=\"\" class=\"wp-image-1449\" width=\"134\" height=\"204\" srcset=\"https:\/\/s-ng.de\/wp-content\/uploads\/2020\/02\/Laufe-lebe-liebe.jpg 283w, https:\/\/s-ng.de\/wp-content\/uploads\/2020\/02\/Laufe-lebe-liebe-197x300.jpg 197w\" sizes=\"auto, (max-width: 134px) 100vw, 134px\" \/><figcaption><br><br><br><\/figcaption><\/figure>\n<\/div>\n\n\n<p><strong>&#8222;Laufe, Lebe, Liebe &#8211; zur\u00fcck ins Leben&#8220;<\/strong> von <em>A. D. WiLK<\/em> &#8211;  <strong>Fesselnde Geschichte \u00fcber Trauerbew\u00e4ltigung, Freundschaft, Liebe und den Weg zur\u00fcck ins Leben. Entfacht tolles Kopfkino! <\/strong><br><br><em>Worum es geht<\/em>: Durch Zufall lernt Ella die junge Milly kennen. Sie platzt regelrecht in die Familie &#8211; und das setzt einen Prozess nicht nur bei Milly, sondern auch bei Ella selbst in Gang, der ihr hilft, ein schwieriges Kapitel ihrer Vergangenheit zu bew\u00e4ltigen. Und dann ist da auch noch Lias &#8230;<br><a rel=\"noreferrer noopener\" aria-label=\"Zu meiner Rezension auf Lovelybooks (\u00f6ffnet in neuem Tab)\" href=\"http:\/\/Rezension &quot;Fesselnd.&quot; von Nordlicht76 zu dem Buch &quot;Laufe Lebe Liebe: zur\u00fcck ins Leben&quot;\" target=\"_blank\">Zu meiner Rezension auf Lovelybooks<\/a> &#8211; <a href=\"https:\/\/www.amazon.de\/dp\/B07VHM2ZB3\" target=\"_blank\" rel=\"noreferrer noopener\" aria-label=\"Zum Buch bei Amazon (\u00f6ffnet in neuem Tab)\">Zum Buch bei Amazon<\/a><\/p>\n<div class=\"pvc_clear\"><\/div><p id=\"pvc_stats_82\" class=\"pvc_stats all  \" data-element-id=\"82\" style=\"\"><i class=\"pvc-stats-icon small\" aria-hidden=\"true\"><svg aria-hidden=\"true\" focusable=\"false\" data-prefix=\"far\" data-icon=\"chart-bar\" role=\"img\" xmlns=\"http:\/\/www.w3.org\/2000\/svg\" viewBox=\"0 0 512 512\" class=\"svg-inline--fa fa-chart-bar fa-w-16 fa-2x\"><path fill=\"currentColor\" d=\"M396.8 352h22.4c6.4 0 12.8-6.4 12.8-12.8V108.8c0-6.4-6.4-12.8-12.8-12.8h-22.4c-6.4 0-12.8 6.4-12.8 12.8v230.4c0 6.4 6.4 12.8 12.8 12.8zm-192 0h22.4c6.4 0 12.8-6.4 12.8-12.8V140.8c0-6.4-6.4-12.8-12.8-12.8h-22.4c-6.4 0-12.8 6.4-12.8 12.8v198.4c0 6.4 6.4 12.8 12.8 12.8zm96 0h22.4c6.4 0 12.8-6.4 12.8-12.8V204.8c0-6.4-6.4-12.8-12.8-12.8h-22.4c-6.4 0-12.8 6.4-12.8 12.8v134.4c0 6.4 6.4 12.8 12.8 12.8zM496 400H48V80c0-8.84-7.16-16-16-16H16C7.16 64 0 71.16 0 80v336c0 17.67 14.33 32 32 32h464c8.84 0 16-7.16 16-16v-16c0-8.84-7.16-16-16-16zm-387.2-48h22.4c6.4 0 12.8-6.4 12.8-12.8v-70.4c0-6.4-6.4-12.8-12.8-12.8h-22.4c-6.4 0-12.8 6.4-12.8 12.8v70.4c0 6.4 6.4 12.8 12.8 12.8z\" class=\"\"><\/path><\/svg><\/i> <img loading=\"lazy\" decoding=\"async\" width=\"16\" height=\"16\" alt=\"Loading\" src=\"https:\/\/s-ng.de\/wp-content\/plugins\/page-views-count\/ajax-loader-2x.gif\" border=0 \/><\/p><div class=\"pvc_clear\"><\/div>","protected":false},"excerpt":{"rendered":"<p>Ich schreibe nicht nur, ich lese auch sehr gern. Besonders dann, wenn ich nicht so viel Zeit habe. Klingt paradox?&hellip;<\/p>\n","protected":false},"author":1,"featured_media":0,"parent":0,"menu_order":5,"comment_status":"open","ping_status":"closed","template":"","meta":{"footnotes":""},"class_list":["post-82","page","type-page","status-publish","hentry"],"_links":{"self":[{"href":"https:\/\/s-ng.de\/index.php?rest_route=\/wp\/v2\/pages\/82","targetHints":{"allow":["GET"]}}],"collection":[{"href":"https:\/\/s-ng.de\/index.php?rest_route=\/wp\/v2\/pages"}],"about":[{"href":"https:\/\/s-ng.de\/index.php?rest_route=\/wp\/v2\/types\/page"}],"author":[{"embeddable":true,"href":"https:\/\/s-ng.de\/index.php?rest_route=\/wp\/v2\/users\/1"}],"replies":[{"embeddable":true,"href":"https:\/\/s-ng.de\/index.php?rest_route=%2Fwp%2Fv2%2Fcomments&post=82"}],"version-history":[{"count":54,"href":"https:\/\/s-ng.de\/index.php?rest_route=\/wp\/v2\/pages\/82\/revisions"}],"predecessor-version":[{"id":2477,"href":"https:\/\/s-ng.de\/index.php?rest_route=\/wp\/v2\/pages\/82\/revisions\/2477"}],"wp:attachment":[{"href":"https:\/\/s-ng.de\/index.php?rest_route=%2Fwp%2Fv2%2Fmedia&parent=82"}],"curies":[{"name":"wp","href":"https:\/\/api.w.org\/{rel}","templated":true}]}}