{"id":914,"date":"2012-03-23T19:06:00","date_gmt":"2012-03-23T18:06:00","guid":{"rendered":"http:\/\/s-ng.de\/?page_id=914"},"modified":"2020-04-09T21:14:11","modified_gmt":"2020-04-09T19:14:11","slug":"materialien-zum-uben-der-rechtschreibstrategien","status":"publish","type":"page","link":"https:\/\/s-ng.de\/?page_id=914","title":{"rendered":"Materialien zum \u00dcben der Rechtschreibstrategien"},"content":{"rendered":"<p><a href=\"https:\/\/s-ng.de\/wp-content\/uploads\/2012\/03\/AB-Welche-Strategie-hilft.jpg\"><img loading=\"lazy\" decoding=\"async\" class=\"alignleft size-full wp-image-915\" title=\"AB Welche Strategie hilft\" src=\"https:\/\/s-ng.de\/wp-content\/uploads\/2012\/03\/AB-Welche-Strategie-hilft.jpg\" alt=\"\" width=\"373\" height=\"546\" srcset=\"https:\/\/s-ng.de\/wp-content\/uploads\/2012\/03\/AB-Welche-Strategie-hilft.jpg 550w, https:\/\/s-ng.de\/wp-content\/uploads\/2012\/03\/AB-Welche-Strategie-hilft-204x300.jpg 204w\" sizes=\"auto, (max-width: 373px) 100vw, 373px\" \/><\/a><span style=\"color: #333399;\">Im Rechtschreibunterricht hat in den letzten Jahr(zehnt)en ein Paradigmenwechsel stattgefunden: Nicht mehr das Einpr\u00e4gen von W\u00f6rtern und damit unmittelbar didaktisch zusammenh\u00e4ngend das ge\u00fcbte Diktat (in Bayern: &#8222;Nachschrift&#8220;) gilt als die Methode der Wahl, sondern die Kinder sollen die Rechtschreibstrategien lernen, die ihnen helfen, auch unbekannte W\u00f6rter anhand von Regeln, Strategien und Analogiebildung meist richtig zu schreiben.<\/span><\/p>\n<p>In der einschl\u00e4gigen Literatur sowie in allen neueren Sprachb\u00fcchern findet man die Rechtschreibstrategien. In meinem Artikel &#8222;Mit der W\u00f6rterklinik Rechtschreibstrategien verinnerlichen&#8220; (F\u00f6rdermagazin 4\/2011) habe ich ein Plakat f\u00fcr die Deutschhefte der Kinder und\/oder das Klassenzimmer entworfen, auf dem alle wichtigen Strategien \u00fcbersichtlich zusammengefasst sind.\u00a0 Die Arbeit mit der W\u00f6rterklinik hilft, die Strategien \u00fcber mehrer Schuljahre durchgehend pr\u00e4sent zu halten und es dadurch auch Hauptsch\u00fclern zu erm\u00f6glichen, langsam, aber sicher immer besser aktiv \u00fcber die Strategien zu verf\u00fcgen. (Mehr dazu siehe <a href=\"https:\/\/s-ng.de\/?page_id=386\" target=\"_blank\" rel=\"noopener noreferrer\">hier<\/a>.)<\/p>\n<p>Die Rechtschreibstrategien m\u00fcssen zun\u00e4chst nat\u00fcrlich eingef\u00fchrt werden. Ich beginne am Anfang der f\u00fcnften Klasse immer mit der Gro\u00df- und Kleinschreibung. Im zweiten Halbjahr (wenn die W\u00f6rterkliniken im Werkunterricht fertiggestellt worden sind), f\u00fchre ich dann relativ schnell innerhalb von etwa drei Wochen die meisten der anderen Strategien ein. Sprachbuchaufgaben und\/oder Arbeitsheftseiten helfen, die jeweils eingef\u00fchrte Strategie zu \u00fcben. Im Wochenplan (dies lie\u00dfe sich aber auch in normalen Stillarbeitsphasen durchf\u00fchren) und in anderen \u00dcbungsphasen bearbeiten die Kinder verschiedene Arbeitsbl\u00e4tter, die sie immer wieder zwingen, die passende Strategie (unter allen bis dato eingef\u00fchrten Strategien) zu benennen.<\/p>\n<p>Besonders schwierig ist f\u00fcr die Kinder die Unterscheidung zwischen langem und kurzem Vokal. Hilfreich ist, ihnen zus\u00e4tzlich die Silbenstrategie anzubieten: &#8222;Sonne&#8220; wird mit Doppel-n geschrieben, 1. weil das o kurz ist und 2., weil ich es beim Trennen h\u00f6ren kann: Son-ne. &#8222;schonen&#8220; wird mit einem n geschrieben, 1. weil das o lang ist und 2., weil ich es beim Trennen h\u00f6ren kann: scho-nen.<\/p>\n<p>Die folgenden Materialien sind strategie\u00fcbergreifend, das hei\u00dft, sie trainieren nicht, wie die \u00fcblichen Sprachb\u00fccher und Arbeitshefte, einzelne Strategien, sondern sie trainieren die Fehlersensibilit\u00e4t und das Finden der dazugeh\u00f6rigen Strategie. Sie sind hier mit einem Wasserzeichen und einem Ausdruck-Schutz versehen und in niedriger Qualit\u00e4t, da sie <em>nur zur Ansicht<\/em> dienen sollen. <span style=\"text-decoration: underline;\">Gern sende ich Ihnen auf Anfrage jedoch die Materialien kostenlos in guter Qualit\u00e4t und ohne Wasserzeichen zu<\/span>. Nutzen Sie dazu einfach die Kommentarfunktion unter &#8222;Kontakt\/Kommentare&#8220; oder schreiben Sie mir eine eMail (Adresse ebenfalls unter &#8222;Kontakt\/Kommentare&#8220;). Ich freue mich, wenn Ihnen das Material gef\u00e4llt und Sie es in Ihrem Unterricht einsetzen.<\/p>\n<p><a href=\"https:\/\/s-ng.de\/wp-content\/uploads\/2012\/03\/%C3%9Cbungsdiktat-Klassenfahrt.pdf\">AB \u00dcbungsdiktat Klassenfahrt<\/a><\/p>\n<p><a href=\"https:\/\/s-ng.de\/wp-content\/uploads\/2012\/03\/Kurze-und-lange-Vokale-unterscheiden-%C3%BCben.pdf\">AB 1 Kurze und lange Vokale unterscheiden \u00fcben<\/a><\/p>\n<p><a href=\"https:\/\/s-ng.de\/wp-content\/uploads\/2012\/03\/Rechtschreibstrategien-%C3%BCben.pdf\">AB 2 Rechtschreibstrategien \u00fcben &#8211; Thema DDR<\/a><\/p>\n<p><a href=\"https:\/\/s-ng.de\/wp-content\/uploads\/2012\/03\/%C3%9Cbung-Rechtschreibstrategien.pdf\">AB 3a \u00dcbung Rechtschreibstrategien schwierig &#8211; Alaskan Huskys<\/a><\/p>\n<p><a href=\"https:\/\/s-ng.de\/wp-content\/uploads\/2012\/03\/%C3%9Cbung-Rechtschreibstrategien-leichter.pdf\">AB 3b \u00dcbung Rechtsch<\/a><a href=\"https:\/\/s-ng.de\/wp-content\/uploads\/2012\/03\/%C3%9Cbung-Rechtschreibstrategien-leichter.pdf\">reibstrategien leichter &#8211; Alaskan Huskys<\/a><\/p>\n<p><a href=\"https:\/\/s-ng.de\/wp-content\/uploads\/2012\/03\/Partnerdiktat-Eisb%C3%A4ren.pdf\">AB 4 Partnerdiktat Eisb\u00e4ren<\/a><\/p>\n<p><a href=\"https:\/\/s-ng.de\/wp-content\/uploads\/2012\/03\/Kurzdiktat-Amseln.pdf\">Folie f\u00fcr Kurzdiktat Amseln mit Berichtigungshinweisen<\/a><\/p>\n<p><a href=\"https:\/\/s-ng.de\/wp-content\/uploads\/2012\/03\/%C3%9Cbungen-zu-den-Rechtschreibstrategien.pdf\">AB 5 \u00dcbungen zu den Rechtschreibstrategien<\/a><\/p>\n<p><a href=\"https:\/\/s-ng.de\/wp-content\/uploads\/2012\/03\/Lisas-Diktat.pdf\">AB 6 Lisas Diktat berichtigen<\/a><\/p>\n<p>\u2191<a href=\"https:\/\/s-ng.de\/?page_id=914\">nach oben<\/a><\/p>\n<div class=\"pvc_clear\"><\/div>\n<p id=\"pvc_stats_914\" class=\"pvc_stats all  \" data-element-id=\"914\" style=\"\"><i class=\"pvc-stats-icon small\" aria-hidden=\"true\"><svg aria-hidden=\"true\" focusable=\"false\" data-prefix=\"far\" data-icon=\"chart-bar\" role=\"img\" xmlns=\"http:\/\/www.w3.org\/2000\/svg\" viewBox=\"0 0 512 512\" class=\"svg-inline--fa fa-chart-bar fa-w-16 fa-2x\"><path fill=\"currentColor\" d=\"M396.8 352h22.4c6.4 0 12.8-6.4 12.8-12.8V108.8c0-6.4-6.4-12.8-12.8-12.8h-22.4c-6.4 0-12.8 6.4-12.8 12.8v230.4c0 6.4 6.4 12.8 12.8 12.8zm-192 0h22.4c6.4 0 12.8-6.4 12.8-12.8V140.8c0-6.4-6.4-12.8-12.8-12.8h-22.4c-6.4 0-12.8 6.4-12.8 12.8v198.4c0 6.4 6.4 12.8 12.8 12.8zm96 0h22.4c6.4 0 12.8-6.4 12.8-12.8V204.8c0-6.4-6.4-12.8-12.8-12.8h-22.4c-6.4 0-12.8 6.4-12.8 12.8v134.4c0 6.4 6.4 12.8 12.8 12.8zM496 400H48V80c0-8.84-7.16-16-16-16H16C7.16 64 0 71.16 0 80v336c0 17.67 14.33 32 32 32h464c8.84 0 16-7.16 16-16v-16c0-8.84-7.16-16-16-16zm-387.2-48h22.4c6.4 0 12.8-6.4 12.8-12.8v-70.4c0-6.4-6.4-12.8-12.8-12.8h-22.4c-6.4 0-12.8 6.4-12.8 12.8v70.4c0 6.4 6.4 12.8 12.8 12.8z\" class=\"\"><\/path><\/svg><\/i> <img loading=\"lazy\" decoding=\"async\" width=\"16\" height=\"16\" alt=\"Loading\" src=\"https:\/\/s-ng.de\/wp-content\/plugins\/page-views-count\/ajax-loader-2x.gif\" border=0 \/><\/p>\n<div class=\"pvc_clear\"><\/div>\n","protected":false},"excerpt":{"rendered":"<p>Im Rechtschreibunterricht hat in den letzten Jahr(zehnt)en ein Paradigmenwechsel stattgefunden: Nicht mehr das Einpr\u00e4gen von W\u00f6rtern und damit unmittelbar didaktisch&hellip;<\/p>\n","protected":false},"author":1,"featured_media":0,"parent":50,"menu_order":6,"comment_status":"closed","ping_status":"closed","template":"","meta":{"footnotes":""},"class_list":["post-914","page","type-page","status-publish","hentry"],"_links":{"self":[{"href":"https:\/\/s-ng.de\/index.php?rest_route=\/wp\/v2\/pages\/914","targetHints":{"allow":["GET"]}}],"collection":[{"href":"https:\/\/s-ng.de\/index.php?rest_route=\/wp\/v2\/pages"}],"about":[{"href":"https:\/\/s-ng.de\/index.php?rest_route=\/wp\/v2\/types\/page"}],"author":[{"embeddable":true,"href":"https:\/\/s-ng.de\/index.php?rest_route=\/wp\/v2\/users\/1"}],"replies":[{"embeddable":true,"href":"https:\/\/s-ng.de\/index.php?rest_route=%2Fwp%2Fv2%2Fcomments&post=914"}],"version-history":[{"count":7,"href":"https:\/\/s-ng.de\/index.php?rest_route=\/wp\/v2\/pages\/914\/revisions"}],"predecessor-version":[{"id":1915,"href":"https:\/\/s-ng.de\/index.php?rest_route=\/wp\/v2\/pages\/914\/revisions\/1915"}],"up":[{"embeddable":true,"href":"https:\/\/s-ng.de\/index.php?rest_route=\/wp\/v2\/pages\/50"}],"wp:attachment":[{"href":"https:\/\/s-ng.de\/index.php?rest_route=%2Fwp%2Fv2%2Fmedia&parent=914"}],"curies":[{"name":"wp","href":"https:\/\/api.w.org\/{rel}","templated":true}]}}